{"id":715,"date":"2016-04-18T09:39:20","date_gmt":"2016-04-18T07:39:20","guid":{"rendered":"http:\/\/www.glm-laser.com\/?page_id=715"},"modified":"2020-10-22T15:07:47","modified_gmt":"2020-10-22T13:07:47","slug":"sokkia-srx1-motorisiert","status":"publish","type":"page","link":"https:\/\/www.glm-laser.com\/glm\/optische-vermessungsinstrumente-3\/uebersicht\/sokkia-srx1-motorisiert\/","title":{"rendered":"SRX1 motorisiert"},"content":{"rendered":"<h1>SRX1 motorisiert<\/h1>\n<div class=\"section\">\n<p><img loading=\"lazy\" decoding=\"async\" class=\"alignright size-medium wp-image-1032\" src=\"https:\/\/www.glm-laser.com\/glm\/wp-content\/uploads\/srx3-300x199.jpg\" alt=\"srx3\" width=\"300\" height=\"199\" srcset=\"https:\/\/www.glm-laser.com\/glm\/wp-content\/uploads\/srx3-300x199.jpg 300w, https:\/\/www.glm-laser.com\/glm\/wp-content\/uploads\/srx3-768x510.jpg 768w, https:\/\/www.glm-laser.com\/glm\/wp-content\/uploads\/srx3-1024x680.jpg 1024w, https:\/\/www.glm-laser.com\/glm\/wp-content\/uploads\/srx3.jpg 1034w\" sizes=\"(max-width: 300px) 100vw, 300px\" \/><\/p>\n<p align=\"justify\">Die SRX1 Stationen sind mit der allerneuesten Positionierungstechnik ausgestattet. Dieser Technologie kann der Anwender guten Gewissens und hundertprozentig vertrauen. Durch die reibungslosen Arbeitsabl\u00e4ufe der SRX3 kann man mit diesem Instrument auf einfachste Art die gew\u00fcnschte Position suchen, erfassen, verfolgen und anzielen.<\/p>\n<p align=\"justify\"><strong>Vorteile<\/strong><\/p>\n<p align=\"justify\">Zu den vielen Vorteilen der SRX1 geh\u00f6ren: die Bluetooth\u00ae Technologie f\u00fcr zuverl\u00e4ssige kabellose Kommunikation, der vorz\u00fcgliche neue reflektorlose Entfernungsmesser RED-tech EX EDM, der mit der Phasenvergleichsmethode eine reflektorlose Reichweite von 500 m bietet, digitale encoderbetriebene Servos, die einzigartige &#8222;On-Demand&#8220; Suche, Auto-Pointing auf Prismen und Reflexionsmarken, multiple USB Ports, eine CF Karteneinheit f\u00fcr einfachen Datentransfer, eine Schnellmesstaste, eine gro\u00dfe beleuchtete Tastatur, ein farbiges Touch-Screen-Display und das Windows CE Betriebssystem.<\/p>\n<p align=\"justify\"><strong>Was ist so revolution\u00e4r an RED-tech EX?<\/strong><\/p>\n<p align=\"justify\">In der Vermessung gibt es zwei g\u00e4ngige Messverfahren: die Pulsmessung und die Phasenvergleichsmethode. SOKKIAs revolution\u00e4re digitale Signalverarbeitungstechnologie RED-tech EX bedient sich der Phasenmessung und wendet dabei ein bisher einzigartiges Verfahren an, bei dem nun sogar vier Frequenzen gleichzeitig analysiert werden. Der integrierte Prozessor vergleicht st\u00e4ndig Tausende von Messungen mit den periodisch verarbeiteten Daten. Dabei werden St\u00f6rungen der Signale durch atmosph\u00e4rische Schwankungen oder tempor\u00e4re Signalunterbrechungen (wie z.B. durch Autos oder Ge\u00e4st) lokalisiert und bereinigt. Nur die wahren Daten flie\u00dfen in die Berechnung der Phasenabweichung ein. Die Phasenabweichung wiederum ist die Korrekturgr\u00f6\u00dfe, mit der sich optimale Entfernungsmesswerte erzielen lassen. Der RED-tech EX Prozessor ist dar\u00fcber hinaus mit intelligenten Lernstrukturen ausgestattet, mit deren Hilfe er immer bessere und genauere Wiederholungsmessungen durchf\u00fchrt. Durch diese Kombination von digitaler Signalverarbeitung und Phasenvergleichs-Algorithmen bieten SOKKIAs Totalstationen einfach mehr als andere &#8211; beste Genauigkeit, Wiederholbarkeit und Zuverl\u00e4ssigkeit.<\/p>\n<p align=\"justify\"><img loading=\"lazy\" decoding=\"async\" class=\"alignleft size-full wp-image-958\" src=\"https:\/\/www.glm-laser.com\/glm\/wp-content\/uploads\/pdf-icon.png\" alt=\"Download PDF\" width=\"38\" height=\"42\"><\/p>\n<p align=\"justify\">\nSRX1 (950 kB)<\/p>\n<\/div>\n","protected":false},"excerpt":{"rendered":"<p>SRX1 motorisiert Die SRX1 Stationen sind mit der allerneuesten Positionierungstechnik ausgestattet. Dieser Technologie kann der Anwender guten Gewissens und hundertprozentig vertrauen. Durch die reibungslosen Arbeitsabl\u00e4ufe der SRX3 kann man mit diesem Instrument auf einfachste Art die gew\u00fcnschte Position suchen, erfassen, verfolgen und anzielen. Vorteile Zu den vielen Vorteilen der SRX1 geh\u00f6ren: die Bluetooth\u00ae Technologie f\u00fcr [&hellip;]<\/p>\n","protected":false},"author":1,"featured_media":0,"parent":705,"menu_order":5,"comment_status":"closed","ping_status":"closed","template":"page_submenu.php","meta":{"footnotes":""},"class_list":["post-715","page","type-page","status-publish","hentry"],"_links":{"self":[{"href":"https:\/\/www.glm-laser.com\/glm\/wp-json\/wp\/v2\/pages\/715"}],"collection":[{"href":"https:\/\/www.glm-laser.com\/glm\/wp-json\/wp\/v2\/pages"}],"about":[{"href":"https:\/\/www.glm-laser.com\/glm\/wp-json\/wp\/v2\/types\/page"}],"author":[{"embeddable":true,"href":"https:\/\/www.glm-laser.com\/glm\/wp-json\/wp\/v2\/users\/1"}],"replies":[{"embeddable":true,"href":"https:\/\/www.glm-laser.com\/glm\/wp-json\/wp\/v2\/comments?post=715"}],"version-history":[{"count":7,"href":"https:\/\/www.glm-laser.com\/glm\/wp-json\/wp\/v2\/pages\/715\/revisions"}],"predecessor-version":[{"id":7195,"href":"https:\/\/www.glm-laser.com\/glm\/wp-json\/wp\/v2\/pages\/715\/revisions\/7195"}],"up":[{"embeddable":true,"href":"https:\/\/www.glm-laser.com\/glm\/wp-json\/wp\/v2\/pages\/705"}],"wp:attachment":[{"href":"https:\/\/www.glm-laser.com\/glm\/wp-json\/wp\/v2\/media?parent=715"}],"curies":[{"name":"wp","href":"https:\/\/api.w.org\/{rel}","templated":true}]}}