{"id":719,"date":"2016-04-18T09:39:54","date_gmt":"2016-04-18T07:39:54","guid":{"rendered":"http:\/\/www.glm-laser.com\/?page_id=719"},"modified":"2020-10-08T12:55:20","modified_gmt":"2020-10-08T10:55:20","slug":"sokkia-gp3x-kreisel","status":"publish","type":"page","link":"https:\/\/www.glm-laser.com\/glm\/optische-vermessungsinstrumente-3\/sokkia-gp3x-kreisel\/","title":{"rendered":"GP3X Gyrostation"},"content":{"rendered":"<h1>GP3X Gyrostation<\/h1>\n<div class=\"section\">\n<p><img loading=\"lazy\" decoding=\"async\" class=\"alignright size-medium wp-image-1038\" src=\"https:\/\/www.glm-laser.com\/glm\/wp-content\/uploads\/sokkia-gp3x-gyrostation-155x300.jpg\" alt=\"sokkia-gp3x-gyrostation\" width=\"155\" height=\"300\" srcset=\"https:\/\/www.glm-laser.com\/glm\/wp-content\/uploads\/sokkia-gp3x-gyrostation-155x300.jpg 155w, https:\/\/www.glm-laser.com\/glm\/wp-content\/uploads\/sokkia-gp3x-gyrostation.jpg 170w\" sizes=\"(max-width: 155px) 100vw, 155px\" \/><\/p>\n<p align=\"justify\">Vermessungsaufgaben.<\/p>\n<p align=\"justify\">Der Durchmesser des Laserstrahls ist so klein, dass er hochgenaue Messungen selbst kleinster Messobjekte, wie z. B. auf Mauerkanten, erm\u00f6glicht. Damit sind sogar Messungen durch Hindernisse, beispielsweise durch Z\u00e4une und Ge\u00e4st hindurch, m\u00f6glich.<\/p>\n<p align=\"justify\"><strong>Gro\u00dfe reflektorlose Messweite<\/strong><\/p>\n<p align=\"justify\">Die Serie 30R3 erm\u00f6glicht hochgenaue reflektorlose Messungen in einem \u00fcberragenden Messbereich, der sowohl extragro\u00dfe wie auch besonders kleine Entfernungen umfasst. Ziele bis 350 m lassen sich problemlos erfassen.<\/p>\n<p align=\"justify\"><strong>Laserpointer<\/strong><\/p>\n<p align=\"justify\">Der sichtbare Laserstrahl kann, z.B. bei Nivellierung in Innenr\u00e4umen, bei vertikaler Ausrichtung, beim Abstecken oder \u00e4hnlichen Arbeiten als Zeiger verwendet werden.<\/p>\n<p align=\"justify\"><strong>Langstreckenmessung mit Reflexionsmarken<\/strong><\/p>\n<p align=\"justify\">Langstrecken k\u00f6nnen durch Ausrichtung des Laserstrahls auf ein Prisma vermessen werden. Mit Hilfe eines AP-Prismas k\u00f6nnen bis zu 5.000 m Zielweite mit einer Pr\u00e4zision von \u00b1 (2 + 2 ppm x D) mm erreicht werden. Dar\u00fcber hinaus sind unter Verwendung von Reflexionsfolien Messungen von bis zu 500 m mit einer Pr\u00e4zision von \u00b1 (3 + 2 ppm x D) mm m\u00f6glich.<br \/>\nDie Bluetooth\u00ae Technologie bietet eine kabellose Kommunikation mit einem externen PC oder Feldrechner.<\/p>\n<div align=\"justify\">\n<ul>\n<li>Azimuthablesungen in Tunneln, unter Tage und in anderen umschlossenen Umgebungen.<\/li>\n<li>Richtung f\u00fcr Stra\u00dfen, Bahnstrecken, Stromleitungen und andere lange, schmale Bauprojekte festlegen<\/li>\n<li>Kontrolle von Navigationsvorrichtungen<\/li>\n<\/ul>\n<\/div>\n<\/div>\n<p><img loading=\"lazy\" decoding=\"async\" class=\"alignleft size-full wp-image-958\" src=\"https:\/\/www.glm-laser.com\/glm\/wp-content\/uploads\/pdf-icon.png\" alt=\"Download PDF\" width=\"38\" height=\"42\"><\/p>\n<p><a href=\"https:\/\/www.glm-laser.com\/glm\/wp-content\/uploads\/gp3x_en.pdf\" target=\"_blank\" rel=\"noopener noreferrer\">GP3X Gyrostation (872 kB)<br \/>\n<\/a><a href=\"https:\/\/www.glm-laser.com\/glm\/wp-content\/uploads\/prospekt_gyrox_en.pdf\" target=\"_blank\" rel=\"noopener noreferrer\">Prospekt GyroX_en (368 kB)<\/a><\/p>\n","protected":false},"excerpt":{"rendered":"<p>GP3X Gyrostation Vermessungsaufgaben. Der Durchmesser des Laserstrahls ist so klein, dass er hochgenaue Messungen selbst kleinster Messobjekte, wie z. B. auf Mauerkanten, erm\u00f6glicht. Damit sind sogar Messungen durch Hindernisse, beispielsweise durch Z\u00e4une und Ge\u00e4st hindurch, m\u00f6glich. Gro\u00dfe reflektorlose Messweite Die Serie 30R3 erm\u00f6glicht hochgenaue reflektorlose Messungen in einem \u00fcberragenden Messbereich, der sowohl extragro\u00dfe wie auch [&hellip;]<\/p>\n","protected":false},"author":1,"featured_media":0,"parent":19,"menu_order":9,"comment_status":"closed","ping_status":"closed","template":"page_submenu.php","meta":{"footnotes":""},"class_list":["post-719","page","type-page","status-publish","hentry"],"_links":{"self":[{"href":"https:\/\/www.glm-laser.com\/glm\/wp-json\/wp\/v2\/pages\/719"}],"collection":[{"href":"https:\/\/www.glm-laser.com\/glm\/wp-json\/wp\/v2\/pages"}],"about":[{"href":"https:\/\/www.glm-laser.com\/glm\/wp-json\/wp\/v2\/types\/page"}],"author":[{"embeddable":true,"href":"https:\/\/www.glm-laser.com\/glm\/wp-json\/wp\/v2\/users\/1"}],"replies":[{"embeddable":true,"href":"https:\/\/www.glm-laser.com\/glm\/wp-json\/wp\/v2\/comments?post=719"}],"version-history":[{"count":4,"href":"https:\/\/www.glm-laser.com\/glm\/wp-json\/wp\/v2\/pages\/719\/revisions"}],"predecessor-version":[{"id":6224,"href":"https:\/\/www.glm-laser.com\/glm\/wp-json\/wp\/v2\/pages\/719\/revisions\/6224"}],"up":[{"embeddable":true,"href":"https:\/\/www.glm-laser.com\/glm\/wp-json\/wp\/v2\/pages\/19"}],"wp:attachment":[{"href":"https:\/\/www.glm-laser.com\/glm\/wp-json\/wp\/v2\/media?parent=719"}],"curies":[{"name":"wp","href":"https:\/\/api.w.org\/{rel}","templated":true}]}}