{"id":721,"date":"2016-04-18T09:40:28","date_gmt":"2016-04-18T07:40:28","guid":{"rendered":"http:\/\/www.glm-laser.com\/?page_id=721"},"modified":"2020-11-10T12:02:47","modified_gmt":"2020-11-10T11:02:47","slug":"sokkia-b20","status":"publish","type":"page","link":"https:\/\/www.glm-laser.com\/glm\/optische-vermessungsinstrumente-3\/ingenieurnivelliere\/sokkia-b20\/","title":{"rendered":"Sokkia B20"},"content":{"rendered":"<h1>Pr\u00e4zisionsnivellier B20 von Sokkia<\/h1>\n<div class=\"section\">\n<p align=\"justify\"><img loading=\"lazy\" decoding=\"async\" class=\"alignright wp-image-1085 size-full\" title=\"Sokkia B20\" src=\"https:\/\/www.glm-laser.com\/glm\/wp-content\/uploads\/sokkia-b20-praezisionsnivellier.jpg\" alt=\"Sokkia B20\" width=\"199\" height=\"246\" \/><br \/>\nDas automatische Pr\u00e4zisionsnivellier B20 ist mit Pr\u00e4zisionskompensatoren ausgestattet, deren magnetische D\u00e4mpfung f\u00fcr besonders genaue und zuverl\u00e4ssige Messungen sorgt.<\/p>\n<div align=\"justify\"><\/div>\n<p align=\"justify\">Ausgestattet mit einem Planplattenmikrometer erreicht das B20 mit einer Aufl\u00f6sung von 0,1mm eine Genauigkeit von 0,5mm pro 1km Doppelnivellement.<\/p>\n<div align=\"justify\"><\/div>\n<p align=\"justify\">Durch den hohen Schutzgrad gegen Feuchtigkeit (<a href=\"https:\/\/www.glm-laser.com\/glm\/instrumente\/ip-schutzartbezeichnung\/\">IPX6<\/a>) ist das Nivellier Ideal f\u00fcr Ingenieuraufgaben im Freien.<\/p>\n<p align=\"justify\">GLM Laserme\u00dftechnik bietet ihnen einen <a href=\"https:\/\/www.glm-laser.com\/glm\/leistungen\/ganzheitliche-loesungen\/\">Rundum-Service<\/a>\u00a0(Inspektion,\u00a0Reparatur, Verkauf und Beratung) f\u00fcr das B20 an.<\/p>\n<h3 align=\"justify\"><strong>Auszug aus den technischen Daten des B20:<\/strong><\/h3>\n<ul>\n<li>Vergr\u00f6\u00dferung 32x\u00a0 (mit EL5 40x)<\/li>\n<li>K\u00fcrzeste Zielweite 0,3m<\/li>\n<li>Sichtfeld 1\u00b020`(auf 100m 2,3m)<\/li>\n<li>Ablesung auf 1 gon \/ 1 grad<\/li>\n<li>H\u00f6hengenauigkeit Standardabweichung auf 1km Doppelnivellement; 0,7mm (mit OM5 0,5mm)<\/li>\n<\/ul>\n<\/div>\n<h3><strong><img loading=\"lazy\" decoding=\"async\" class=\"alignleft wp-image-1084 size-full\" title=\"Zubeh\u00f6r Sokkia B20\" src=\"https:\/\/www.glm-laser.com\/glm\/wp-content\/uploads\/zubehoer-b20.jpg\" alt=\"Zubeh\u00f6r Sokkia B20\" width=\"233\" height=\"203\" \/><\/strong><\/h3>\n<h3><\/h3>\n<h3><strong>Optionales Zubeh\u00f6r:<\/strong><\/h3>\n<ul>\n<li>LA8 Fadenkreuzbeleuchtung<\/li>\n<li>DE16 Rechtwinkelokular<\/li>\n<li>OM5 Planplattenmikrometer<\/li>\n<li>ACE1 Auto-Kollimator (nicht mehr Lieferbar)<\/li>\n<li>EL5 40-fach Wechselokular<\/li>\n<\/ul>\n<p style=\"text-align: center;\"><a href=\"https:\/\/www.glm-laser.com\/glm\/optische-vermessungsinstrumente-3\/ingenieurnivelliere\/sokkia-b20\/\">Pr\u00e4zisionsnivellier B20<\/a>\u00a0&#8211;\u00a0<a href=\"https:\/\/www.glm-laser.com\/glm\/optische-vermessungsinstrumente-3\/ingenieurnivelliere\/sokkia-b30\/\">Ingenieurnivellier B30<\/a>\u00a0&#8211;\u00a0<a href=\"https:\/\/www.glm-laser.com\/glm\/optische-vermessungsinstrumente-3\/ingenieurnivelliere\/sokkia-b40\/\">Nivellier B40<\/a><\/p>\n<div class=\"section\">\n<div class=\"section\"><img loading=\"lazy\" decoding=\"async\" class=\"alignleft size-full wp-image-958\" src=\"https:\/\/www.glm-laser.com\/glm\/wp-content\/uploads\/pdf-icon.png\" alt=\"Download PDF\" width=\"38\" height=\"42\" \/><\/div>\n<div class=\"section\"><a href=\"https:\/\/www.glm-laser.com\/glm\/wp-content\/uploads\/prospekt_sokkia_b20.pdf\" target=\"_blank\" rel=\"noopener noreferrer\"><br \/>\nProspekt Sokkia B20 (233 kB)<\/a><\/div>\n<\/div>\n","protected":false},"excerpt":{"rendered":"<p>Pr\u00e4zisionsnivellier B20 von Sokkia Das automatische Pr\u00e4zisionsnivellier B20 ist mit Pr\u00e4zisionskompensatoren ausgestattet, deren magnetische D\u00e4mpfung f\u00fcr besonders genaue und zuverl\u00e4ssige Messungen sorgt. Ausgestattet mit einem Planplattenmikrometer erreicht das B20 mit einer Aufl\u00f6sung von 0,1mm eine Genauigkeit von 0,5mm pro 1km Doppelnivellement. Durch den hohen Schutzgrad gegen Feuchtigkeit (IPX6) ist das Nivellier Ideal f\u00fcr Ingenieuraufgaben im [&hellip;]<\/p>\n","protected":false},"author":1,"featured_media":0,"parent":739,"menu_order":7,"comment_status":"closed","ping_status":"closed","template":"page_submenu.php","meta":{"footnotes":""},"class_list":["post-721","page","type-page","status-publish","hentry"],"_links":{"self":[{"href":"https:\/\/www.glm-laser.com\/glm\/wp-json\/wp\/v2\/pages\/721"}],"collection":[{"href":"https:\/\/www.glm-laser.com\/glm\/wp-json\/wp\/v2\/pages"}],"about":[{"href":"https:\/\/www.glm-laser.com\/glm\/wp-json\/wp\/v2\/types\/page"}],"author":[{"embeddable":true,"href":"https:\/\/www.glm-laser.com\/glm\/wp-json\/wp\/v2\/users\/1"}],"replies":[{"embeddable":true,"href":"https:\/\/www.glm-laser.com\/glm\/wp-json\/wp\/v2\/comments?post=721"}],"version-history":[{"count":29,"href":"https:\/\/www.glm-laser.com\/glm\/wp-json\/wp\/v2\/pages\/721\/revisions"}],"predecessor-version":[{"id":9557,"href":"https:\/\/www.glm-laser.com\/glm\/wp-json\/wp\/v2\/pages\/721\/revisions\/9557"}],"up":[{"embeddable":true,"href":"https:\/\/www.glm-laser.com\/glm\/wp-json\/wp\/v2\/pages\/739"}],"wp:attachment":[{"href":"https:\/\/www.glm-laser.com\/glm\/wp-json\/wp\/v2\/media?parent=721"}],"curies":[{"name":"wp","href":"https:\/\/api.w.org\/{rel}","templated":true}]}}