{"id":723,"date":"2016-04-18T09:40:57","date_gmt":"2016-04-18T07:40:57","guid":{"rendered":"http:\/\/www.glm-laser.com\/?page_id=723"},"modified":"2020-10-22T15:08:17","modified_gmt":"2020-10-22T13:08:17","slug":"sokkia-sdl30","status":"publish","type":"page","link":"https:\/\/www.glm-laser.com\/glm\/optische-vermessungsinstrumente-3\/uebersicht\/nivelliere-sokkia\/sokkia-sdl30\/","title":{"rendered":"Sokkia SDL30"},"content":{"rendered":"<h1>Digitalnivellier SDL30 von Sokkia<\/h1>\n<div class=\"section\">\n<h3 align=\"justify\"><img loading=\"lazy\" decoding=\"async\" class=\"Sokkia SDL30 alignright wp-image-1118 size-full\" title=\"Sokkia SDL30\" src=\"https:\/\/www.glm-laser.com\/glm\/wp-content\/uploads\/sdl30.gif\" alt=\"Sokkia SDL30\" width=\"200\" height=\"200\" \/><br \/>\n<strong>SDL30m Digitalnivellier (32x, 1,0 mm\/km; eine Zielung bis zu 0,2mm) &#8211; die einfache und genaue Art der H\u00f6henmessung!<\/strong><\/h3>\n<p align=\"justify\">Das SDL30 mit internem Speicher vereint Benutzerfreundlichkeit mit un\u00fcbertroffener Kostenwirksamkeit. Der Benutzer zielt nur noch die Messlatte an, fokussiert und dr\u00fcckt eine einzige Taste. Die Ergebnisse werden sekundenschnell digital auf einem LCD-Display angezeigt und k\u00f6nnen im internen Speicher abgelegt werden. Nivellieren war noch nie einfacher und schneller!<\/p>\n<p align=\"justify\">Bei unterschiedlichen Zielweiten und einfachen RAB-Nivellierlatten liegt die H\u00f6henmessgenauigkeit bei einer Zielung des SDL30 zwischen 0,4 &#8211; 0,5 mm.<\/p>\n<p align=\"justify\">Wenn die folgenden Bedingungen eingehalten werden, ist mit einer Genauigkeit der H\u00f6henbestimmung zwischen 0,2 &#8211; 0,3 mm zu rechnen.<\/p>\n<div align=\"justify\">\n<ul>\n<li>Keine weiten Zielungen (von 1,6 bis max. 12m)<\/li>\n<li>Verwendung von Nivellierlinealen (wir empfehlen das\u00a0<a title=\"ZM SDL\" href=\"https:\/\/www.glm-laser.com\/nicht-im-menue\/zielmittel-sdl\/\">ZM_SDL1X<\/a>, bzw. die\u00a0BSS30\u00a0und\u00a0BSS60)<\/li>\n<li>Stabile Atmosph\u00e4re<\/li>\n<li>Stabiler Untergrund, keine Vibrationen<\/li>\n<\/ul>\n<\/div>\n<h3 align=\"justify\"><strong>Vier Messmethoden\u00a0<\/strong><\/h3>\n<p align=\"justify\">Es sind vier Messmodi verf\u00fcgbar: Einzelmessung, Wiederholungsmessung, Mittelwert und Tracking.<br \/>\nDas SDL30 ist mit einer internen Speicherkapazit\u00e4t von bis zu 2000 Punkten ausgestattet. Dies erm\u00f6glicht die Anlage von bis zu 20 Job- Dateien. Die Punktnummern und Kodierungen der gespeicherten Daten k\u00f6nnen automatisch oder manuell eingegeben und kontrolliert werden. Die Daten k\u00f6nnen anschlie\u00dfend im CSV &#8211; oder SDR-Format \u00fcbertragen werden. Au\u00dferdem k\u00f6nnen Dank des Speichers auch Einstellungen f\u00fcr die Messungen des Hinweges gespeichert werden.<\/p>\n<h3 align=\"justify\"><strong>Messen Sie sogar im Dunkeln!<\/strong><\/h3>\n<p align=\"justify\">Das SDL30 kann in den unterschiedlichsten Arbeitsumgebungen eingesetzt werden. Es kann bei ung\u00fcnstigen Lichtverh\u00e4ltnissen benutzt werden, solange das Strichkreuz sichtbar ist, aber auch bei direkter Sonneneinstrahlung. K\u00fcnstliche Beleuchtung stellt ebenfalls kein Problem dar, so dass ohne weiteres in R\u00e4umen oder in Tunneln gemessen werden kann. Mit einer kleinen Taschenlampe kann sogar im Dunkeln gemessen werden. Das SDL30 wurde so konstruiert, dass es selbst unter ung\u00fcnstigen Umweltbedingungen, wie z.B. bei ungleichm\u00e4\u00dfigem Lichteinfall, Schatten, Hitzeflimmern oder Vibrationen, Messungen mit gleichbleibend hoher Genauigkeit erzielt.<\/p>\n<h3 align=\"justify\"><strong>Wasserbest\u00e4ndig und sto\u00dffest<\/strong><\/h3>\n<p align=\"justify\">Das SDL30 weist gegen\u00fcber anderen digitalen Nivellieren eine hervorragende Wasserbest\u00e4ndigkeit auf. Es erf\u00fcllt die Norm <a href=\"https:\/\/www.glm-laser.com\/glm\/instrumente\/ip-schutzartbezeichnung\/\">IPX4<\/a> (IEC529) und ist damit vollst\u00e4ndig gegen Spritzwasser gesch\u00fctzt. Der bew\u00e4hrte sto\u00dffeste, drahth\u00e4ngende, magnetisch ged\u00e4mpfte Kompensator von SOKKIA gew\u00e4hrleistet Genauigkeit und Haltbarkeit.<\/p>\n<h3 align=\"justify\"><strong>Weitere Vorteile des Digitalnivelliers:\u00a0<\/strong><\/h3>\n<p align=\"justify\">Das SDL30 ist mit zahlreichen bedienerfreundlichen Rechenfunktionen ausgestattet. Auf externe Rechner kann verzichtet werden.<\/p>\n<p align=\"justify\"><strong>H\u00f6hendifferenz:<br \/>\n<\/strong>Das SDL30 berechnet den H\u00f6henunterschied zwischen R\u00fcckblick und Vorblick. Da der im R\u00fcckblick gemessene Punkt fest eingestellt werden kann, k\u00f6nnen mehrere im Vorblick gemessene H\u00f6hen fortlaufend berechnet werden.<\/p>\n<p align=\"justify\"><strong>H\u00f6he:<\/strong><br \/>\nNach Eingabe der im R\u00fcckblick gemessenen H\u00f6he berechnet das SDL30 die gesuchten H\u00f6hen.<\/p>\n<p align=\"justify\"><strong>Absteckung:<\/strong><br \/>\nDas SDL30 bietet drei verschiedene M\u00f6glichkeiten der Absteckung; durch Messung des H\u00f6henunterschiedes, der H\u00f6he und der Horizontalstrecke.<\/p>\n<p align=\"justify\"><strong>Zielachskorrektur \u00fcber das Display:<\/strong><br \/>\nDas SDL30 zeigt die Fadenkreuzjustierung Schritt f\u00fcr Schritt an.<\/p>\n<p align=\"justify\"><img loading=\"lazy\" decoding=\"async\" class=\"alignleft size-full wp-image-958\" src=\"https:\/\/www.glm-laser.com\/glm\/wp-content\/uploads\/pdf-icon.png\" alt=\"Download PDF\" width=\"38\" height=\"42\" \/><\/p>\n<\/div>\n<p align=\"justify\"><a href=\"https:\/\/www.glm-laser.com\/glm\/wp-content\/uploads\/sdl30m_de.pdf\" target=\"_blank\" rel=\"noopener noreferrer\">Prospekt SDL30 Digitalnivellier (668 kB)<br \/>\n<\/a><a href=\"https:\/\/www.glm-laser.com\/glm\/wp-content\/uploads\/bedienungsanleitung-sdl30_50.pdf\" target=\"_blank\" rel=\"noopener noreferrer\">Handbuch SDL30 und SDL50 (1 MB)<br \/>\n<\/a><a href=\"https:\/\/www.glm-laser.com\/glm\/wp-content\/uploads\/untersuchung_digitalnivellier_sdl30_uni_essen-1.pdf\" target=\"_blank\" rel=\"noopener noreferrer\">Untersuchung Digitalnivellier SDR30 UNI Essen (5 MB)<\/a><\/p>\n","protected":false},"excerpt":{"rendered":"<p>Digitalnivellier SDL30 von Sokkia SDL30m Digitalnivellier (32x, 1,0 mm\/km; eine Zielung bis zu 0,2mm) &#8211; die einfache und genaue Art der H\u00f6henmessung! Das SDL30 mit internem Speicher vereint Benutzerfreundlichkeit mit un\u00fcbertroffener Kostenwirksamkeit. Der Benutzer zielt nur noch die Messlatte an, fokussiert und dr\u00fcckt eine einzige Taste. Die Ergebnisse werden sekundenschnell digital auf einem LCD-Display angezeigt [&hellip;]<\/p>\n","protected":false},"author":1,"featured_media":0,"parent":823,"menu_order":9,"comment_status":"closed","ping_status":"closed","template":"page_submenu.php","meta":{"footnotes":""},"class_list":["post-723","page","type-page","status-publish","hentry"],"_links":{"self":[{"href":"https:\/\/www.glm-laser.com\/glm\/wp-json\/wp\/v2\/pages\/723"}],"collection":[{"href":"https:\/\/www.glm-laser.com\/glm\/wp-json\/wp\/v2\/pages"}],"about":[{"href":"https:\/\/www.glm-laser.com\/glm\/wp-json\/wp\/v2\/types\/page"}],"author":[{"embeddable":true,"href":"https:\/\/www.glm-laser.com\/glm\/wp-json\/wp\/v2\/users\/1"}],"replies":[{"embeddable":true,"href":"https:\/\/www.glm-laser.com\/glm\/wp-json\/wp\/v2\/comments?post=723"}],"version-history":[{"count":14,"href":"https:\/\/www.glm-laser.com\/glm\/wp-json\/wp\/v2\/pages\/723\/revisions"}],"predecessor-version":[{"id":7561,"href":"https:\/\/www.glm-laser.com\/glm\/wp-json\/wp\/v2\/pages\/723\/revisions\/7561"}],"up":[{"embeddable":true,"href":"https:\/\/www.glm-laser.com\/glm\/wp-json\/wp\/v2\/pages\/823"}],"wp:attachment":[{"href":"https:\/\/www.glm-laser.com\/glm\/wp-json\/wp\/v2\/media?parent=723"}],"curies":[{"name":"wp","href":"https:\/\/api.w.org\/{rel}","templated":true}]}}