{"id":725,"date":"2016-04-18T09:41:22","date_gmt":"2016-04-18T07:41:22","guid":{"rendered":"http:\/\/www.glm-laser.com\/?page_id=725"},"modified":"2021-11-08T15:40:37","modified_gmt":"2021-11-08T14:40:37","slug":"dt540-ingenieurtheodolit","status":"publish","type":"page","link":"https:\/\/www.glm-laser.com\/glm\/optische-vermessungsinstrumente-3\/uebersicht\/theodolite\/dt540-ingenieurtheodolit\/","title":{"rendered":"DT540 Ingenieurtheodolit"},"content":{"rendered":"<h1>Ingenieurtheodolit DT540 von Sokkia<\/h1>\n<div class=\"section\">\n<p align=\"justify\"><img loading=\"lazy\" decoding=\"async\" class=\"alignright size-medium wp-image-1001\" src=\"https:\/\/www.glm-laser.com\/glm\/wp-content\/uploads\/Digitaltheodolit-DT740-175x300.jpg\" alt=\"Digitaltheodolit-DT740\" width=\"175\" height=\"300\" srcset=\"https:\/\/www.glm-laser.com\/glm\/wp-content\/uploads\/Digitaltheodolit-DT740-175x300.jpg 175w, https:\/\/www.glm-laser.com\/glm\/wp-content\/uploads\/Digitaltheodolit-DT740.jpg 200w\" sizes=\"(max-width: 175px) 100vw, 175px\" \/><br \/>\n<strong>Die elektronischen Ingenieurtheodolite DT 540 von Sokkia zeichnen sich durch ihre Zuverl\u00e4ssigkeit und die lange Betriebsdauer aus. Abgel\u00f6st durch die DT50 Serie,<\/strong><\/p>\n<p align=\"justify\">Die Bedienung ist einfach und komfortabel. Die vielf\u00e4ltigen Anzeigem\u00f6glichkeiten lassen sich bequem \u00fcber die sechs Tasten steuern. Sobald das Ger\u00e4t eingeschaltet wird, kann mit der Arbeit begonnen werden.<\/p>\n<p align=\"justify\"><strong>Charakteristische Merkmale<\/strong><\/p>\n<ul type=\"disc\">\n<li>Zweiachskompensator<\/li>\n<li>Display in beiden Fernrohrlagen<\/li>\n<\/ul>\n<p><strong>Weitere Merkmale<\/strong><\/p>\n<ul type=\"disc\">\n<li><a title=\"IP Vermessungsinstrumente\" href=\"https:\/\/www.glm-laser.com\/ip-65-vermessungsinstrumente\/\">Staub- und Wasserschutz<\/a>\u00a0gem\u00e4\u00df IP66<\/li>\n<li>Absolutteilkreis<\/li>\n<li>Bedienung \u00fcber 6 Funktionstasten<\/li>\n<li>Dreifu\u00df abnehmbar<\/li>\n<li>Serielle Schnittstelle<\/li>\n<li>Batteriefach f\u00fcr 4 AA-Zellen (140 Stunden)<\/li>\n<li>Akustisches Rechtwinkelsignal<\/li>\n<li>Gewicht 4,1 kg<\/li>\n<li>Vergr\u00f6\u00dferung 30x<\/li>\n<\/ul>\n<p><strong>Lieferumfang<\/strong><\/p>\n<ul type=\"disc\">\n<li>4 Batterien (AA)<\/li>\n<li>Koffer, Tragegurt<\/li>\n<\/ul>\n<p><strong>Optionales Zubeh\u00f6r:<\/strong><\/p>\n<ul>\n<li>Schnittstellenkabel DOC210<\/li>\n<li>Steilsichtokular<\/li>\n<li>Sonnen Filter<\/li>\n<li><a title=\"Kreuzschlitten\" href=\"https:\/\/www.glm-laser.com\/glm\/optische-vermessungsinstrumente-3\/zubehoer-2\/kreuzschlitten\/\">Kreuzschlitten\u00a0<\/a><\/li>\n<\/ul>\n<\/div>\n<p style=\"text-align: left;\">DT240\u00a0\u2013\u00a0DT540\u00a0\u2013\u00a0DT740\u00a0\u2013\u00a0DT940<\/p>\n<div align=\"justify\">\n<div class=\"rex-cnt-slc-otp\">\n<p class=\"rex-cnt-slc-otp\"><img loading=\"lazy\" decoding=\"async\" class=\"alignleft size-full wp-image-958\" src=\"https:\/\/www.glm-laser.com\/glm\/wp-content\/uploads\/pdf-icon.png\" alt=\"Download PDF\" width=\"38\" height=\"42\" \/><a href=\"https:\/\/www.glm-laser.com\/glm\/wp-content\/uploads\/dtx40_prospekt_en.pdf\" target=\"_blank\" rel=\"noopener noreferrer\"><br \/>\nProspekt Sokkia DTx40_en (975 kB)<br \/>\n<\/a><a href=\"https:\/\/www.glm-laser.com\/glm\/wp-content\/uploads\/kreuzschlitten.pdf\" target=\"_blank\" rel=\"noopener noreferrer\">Datenblatt Kreuzschlitten (438 kB)<\/a><\/p>\n<\/div>\n<\/div>\n","protected":false},"excerpt":{"rendered":"<p>Ingenieurtheodolit DT540 von Sokkia Die elektronischen Ingenieurtheodolite DT 540 von Sokkia zeichnen sich durch ihre Zuverl\u00e4ssigkeit und die lange Betriebsdauer aus. Abgel\u00f6st durch die DT50 Serie, Die Bedienung ist einfach und komfortabel. Die vielf\u00e4ltigen Anzeigem\u00f6glichkeiten lassen sich bequem \u00fcber die sechs Tasten steuern. Sobald das Ger\u00e4t eingeschaltet wird, kann mit der Arbeit begonnen werden. Charakteristische [&hellip;]<\/p>\n","protected":false},"author":1,"featured_media":0,"parent":819,"menu_order":4,"comment_status":"closed","ping_status":"closed","template":"page_submenu.php","meta":{"footnotes":""},"class_list":["post-725","page","type-page","status-publish","hentry"],"_links":{"self":[{"href":"https:\/\/www.glm-laser.com\/glm\/wp-json\/wp\/v2\/pages\/725"}],"collection":[{"href":"https:\/\/www.glm-laser.com\/glm\/wp-json\/wp\/v2\/pages"}],"about":[{"href":"https:\/\/www.glm-laser.com\/glm\/wp-json\/wp\/v2\/types\/page"}],"author":[{"embeddable":true,"href":"https:\/\/www.glm-laser.com\/glm\/wp-json\/wp\/v2\/users\/1"}],"replies":[{"embeddable":true,"href":"https:\/\/www.glm-laser.com\/glm\/wp-json\/wp\/v2\/comments?post=725"}],"version-history":[{"count":15,"href":"https:\/\/www.glm-laser.com\/glm\/wp-json\/wp\/v2\/pages\/725\/revisions"}],"predecessor-version":[{"id":10030,"href":"https:\/\/www.glm-laser.com\/glm\/wp-json\/wp\/v2\/pages\/725\/revisions\/10030"}],"up":[{"embeddable":true,"href":"https:\/\/www.glm-laser.com\/glm\/wp-json\/wp\/v2\/pages\/819"}],"wp:attachment":[{"href":"https:\/\/www.glm-laser.com\/glm\/wp-json\/wp\/v2\/media?parent=725"}],"curies":[{"name":"wp","href":"https:\/\/api.w.org\/{rel}","templated":true}]}}