{"id":727,"date":"2016-04-18T09:42:26","date_gmt":"2016-04-18T07:42:26","guid":{"rendered":"http:\/\/www.glm-laser.com\/?page_id=727"},"modified":"2020-10-22T15:09:21","modified_gmt":"2020-10-22T13:09:21","slug":"sokkia-sx-serie","status":"publish","type":"page","link":"https:\/\/www.glm-laser.com\/glm\/optische-vermessungsinstrumente-3\/uebersicht\/sokkia-sx-serie\/","title":{"rendered":"Sokkia SX Serie"},"content":{"rendered":"<h1>Motorisierte Ein-Mann Station SX von Sokkia<\/h1>\n<h3 class=\"section\"><img loading=\"lazy\" decoding=\"async\" class=\"alignright size-medium wp-image-1160\" src=\"https:\/\/www.glm-laser.com\/glm\/wp-content\/uploads\/sokkia-sx-totalstation-200x300.jpg\" alt=\"sokkia-sx-totalstation\" width=\"200\" height=\"300\"><\/h3>\n<p><strong>Modulares System f\u00fcr individuelle Bed\u00fcrfnisse<\/strong><\/p>\n<p class=\"section\">SX ist eine motorisierte Totalstation mit automatischer Anzielung (Auto-Pointing) und mit automatischer Verfolgung (Auto Tracking). Sie ist als Robotic Totalstation konfigurierbar. Die SX l\u00e4sst sich aufr\u00fcsten &#8211; und kann somit speziellen Anspr\u00fcchen angepasst werden.<\/p>\n<p>&nbsp;<\/p>\n<p><strong>Charakteristische Merkmale<\/strong><\/p>\n<ul type=\"disc\">\n<li>Motorisierte Totalstation<\/li>\n<li>Auto-Pointing (automatische Zielerfassung) auf Prisma und Folie<\/li>\n<li>Auto-Tracking (Zielverfolgung)<\/li>\n<li>Robotic (optional mit RC-PR5 Kit)<\/li>\n<li>REDTechEx Reflektorlose Messung 0,3 bis 1000m<\/li>\n<\/ul>\n<p><strong>Weitere Merkmale<\/strong><\/p>\n<ul type=\"disc\">\n<li>Messung reflektorlos, auf Prisma oder Folie umschaltbar<\/li>\n<li>Laserpointer<\/li>\n<li>Absteckhilfe Guide Light<\/li>\n<li>Zweiachskompensator, Zielachskorrektur<\/li>\n<li>Windows CE Betriebssystem<\/li>\n<li>Tastatur und Display beleuchtbar<\/li>\n<li>Staub- und Wasserschutz gem\u00e4\u00df IP65<\/li>\n<li>USB2.0 (Typ A\/ mini B) \/ RS-232C<\/li>\n<li>Bluetooth Datenkommunikation, 600 m Reichweite<\/li>\n<li>Anschluss f\u00fcr externe Stromversorgung<\/li>\n<\/ul>\n<p><strong>Lieferumfang<\/strong><\/p>\n<ul type=\"disc\">\n<li>1 Akku BDC70<\/li>\n<li>Doppelladeger\u00e4t<\/li>\n<li>Dreifu\u00df (WA250), abnehmbar<\/li>\n<\/ul>\n<p><strong>Optionales Zubeh\u00f6r<\/strong><\/p>\n<ul>\n<li>DOC210 Schnittstellenkabel<\/li>\n<li>EDC211 Daten- und Stromversorgungskabel<\/li>\n<\/ul>\n<div class=\"section\">\n<div style=\"text-align: left;\" align=\"center\">SX-101T&nbsp;&#8211;&nbsp;SX-103T&nbsp;&#8211;&nbsp;SX-105T<\/div>\n<\/div>\n<div style=\"text-align: left;\" align=\"center\"><\/div>\n<div style=\"text-align: left;\" align=\"center\">&nbsp;<img loading=\"lazy\" decoding=\"async\" class=\"alignleft size-full wp-image-958\" src=\"https:\/\/www.glm-laser.com\/glm\/wp-content\/uploads\/pdf-icon.png\" alt=\"Download PDF\" width=\"38\" height=\"42\"><\/div>\n<div style=\"text-align: left;\" align=\"center\"><a href=\"https:\/\/www.glm-laser.com\/glm\/wp-content\/uploads\/prospekt_sokkia_sx__en.pdf\" target=\"_blank\" rel=\"noopener noreferrer\">Prospekt Sokkia SX En (5 MB)<\/a><\/div>\n","protected":false},"excerpt":{"rendered":"<p>Motorisierte Ein-Mann Station SX von Sokkia Modulares System f\u00fcr individuelle Bed\u00fcrfnisse SX ist eine motorisierte Totalstation mit automatischer Anzielung (Auto-Pointing) und mit automatischer Verfolgung (Auto Tracking). Sie ist als Robotic Totalstation konfigurierbar. Die SX l\u00e4sst sich aufr\u00fcsten &#8211; und kann somit speziellen Anspr\u00fcchen angepasst werden. &nbsp; Charakteristische Merkmale Motorisierte Totalstation Auto-Pointing (automatische Zielerfassung) auf Prisma [&hellip;]<\/p>\n","protected":false},"author":1,"featured_media":0,"parent":705,"menu_order":10,"comment_status":"closed","ping_status":"closed","template":"page_submenu.php","meta":{"footnotes":""},"class_list":["post-727","page","type-page","status-publish","hentry"],"_links":{"self":[{"href":"https:\/\/www.glm-laser.com\/glm\/wp-json\/wp\/v2\/pages\/727"}],"collection":[{"href":"https:\/\/www.glm-laser.com\/glm\/wp-json\/wp\/v2\/pages"}],"about":[{"href":"https:\/\/www.glm-laser.com\/glm\/wp-json\/wp\/v2\/types\/page"}],"author":[{"embeddable":true,"href":"https:\/\/www.glm-laser.com\/glm\/wp-json\/wp\/v2\/users\/1"}],"replies":[{"embeddable":true,"href":"https:\/\/www.glm-laser.com\/glm\/wp-json\/wp\/v2\/comments?post=727"}],"version-history":[{"count":19,"href":"https:\/\/www.glm-laser.com\/glm\/wp-json\/wp\/v2\/pages\/727\/revisions"}],"predecessor-version":[{"id":7575,"href":"https:\/\/www.glm-laser.com\/glm\/wp-json\/wp\/v2\/pages\/727\/revisions\/7575"}],"up":[{"embeddable":true,"href":"https:\/\/www.glm-laser.com\/glm\/wp-json\/wp\/v2\/pages\/705"}],"wp:attachment":[{"href":"https:\/\/www.glm-laser.com\/glm\/wp-json\/wp\/v2\/media?parent=727"}],"curies":[{"name":"wp","href":"https:\/\/api.w.org\/{rel}","templated":true}]}}