{"id":731,"date":"2016-04-18T09:43:06","date_gmt":"2016-04-18T07:43:06","guid":{"rendered":"http:\/\/www.glm-laser.com\/?page_id=731"},"modified":"2020-11-10T12:04:49","modified_gmt":"2020-11-10T11:04:49","slug":"sokkia-fx-serie","status":"publish","type":"page","link":"https:\/\/www.glm-laser.com\/glm\/optische-vermessungsinstrumente-3\/sokkia-fx-serie\/","title":{"rendered":"Sokkia FX Serie"},"content":{"rendered":"<h1>Totalstationen der Serie FX von Sokkia<\/h1>\n<div class=\"section\">\n<p><strong><u>Tradition trifft auf Innovation<img loading=\"lazy\" decoding=\"async\" class=\"alignright size-full wp-image-1215\" src=\"https:\/\/www.glm-laser.com\/glm\/wp-content\/uploads\/sokkia-fx-totalstation.jpg\" alt=\"Sokkia FX Totalstation\" width=\"200\" height=\"298\" \/><\/u><\/strong><\/p>\n<div align=\"right\"><\/div>\n<ul>\n<li>RED-Technologie f\u00fcr ber\u00fchrungsloses Messen<\/li>\n<li>Bluetooth\u00a9 Reichweite bis zu 300 m<\/li>\n<li>Optimierter Encoder<\/li>\n<li>Extrem lange Batterielaufzeit von 36 Stunden<\/li>\n<li>Wasserdicht, Robust und Anwenderfreundlich<\/li>\n<\/ul>\n<\/div>\n<p align=\"justify\"><u>Die RED-Technologie f\u00fcr reflektorlose Messungen<\/u><\/p>\n<div align=\"justify\">\n<ul>\n<li>Die typische Dauer der ersten Messung liegt bei 0,9 Sekunden.<\/li>\n<li>Reflektorlosen Messen zwischen 30cm und 500m.<\/li>\n<li>Der Messstrahl liegt koaxial zum Laser-Pointer und garantiert somit schnelles und pr\u00e4zises Anzielen.<\/li>\n<li>Die reflektorlose Messung liefert die gleiche Streckenmessgenauigkeit wie Messungen auf\u00a0<a title=\"Klebezielmarken 3D-Vermessung\" href=\"https:\/\/www.glm-laser.com\/glm\/optische-vermessungsinstrumente-3\/zubehoer-2\/klebezielmarken\/\">Reflexionsfolie<\/a>.<\/li>\n<\/ul>\n<\/div>\n<p class=\"section\">Der ultra-d\u00fcnne Messstrahl erm\u00f6glicht das pr\u00e4zise Aufmessen von Mauerwerk, Ecken, Sch\u00e4chten und Oberfl\u00e4chen, sowie Maschendrahtz\u00e4unen und \u00c4sten.<\/p>\n<p class=\"section\"><img loading=\"lazy\" decoding=\"async\" class=\"alignnone size-full wp-image-1217\" src=\"https:\/\/www.glm-laser.com\/glm\/wp-content\/uploads\/refektorloes_messung_im_feld.png\" alt=\"Reflextorlose Messung Feld\" width=\"502\" height=\"312\" \/><\/p>\n<hr \/>\n<h3 align=\"justify\">Die Daten\u00fcbertragung verf\u00fcgt \u00fcber eine hohe Reichweite<\/h3>\n<p align=\"justify\"><img loading=\"lazy\" decoding=\"async\" class=\"alignnone size-full wp-image-1221\" src=\"https:\/\/www.glm-laser.com\/glm\/wp-content\/uploads\/bluetooth-totalstation.png\" alt=\"Vermessung Bluetooth Totalstation\" width=\"499\" height=\"245\" srcset=\"https:\/\/www.glm-laser.com\/glm\/wp-content\/uploads\/bluetooth-totalstation.png 499w, https:\/\/www.glm-laser.com\/glm\/wp-content\/uploads\/bluetooth-totalstation-300x147.png 300w\" sizes=\"(max-width: 499px) 100vw, 499px\" \/><\/p>\n<div align=\"justify\">\n<ul>\n<li>Die FX Totalstation verf\u00fcgt serienm\u00e4\u00dfig \u00fcber die kabellose Bluetooth\u00a9 \u00a0Technik der Klasse 1. Die Reichweite liegt bei bis zu 300m.<\/li>\n<li>Die Messdaten k\u00f6nnen reibungslos und direkt vom Stabtr\u00e4ger, mit Hilfe eines Laptops oder\u00a0<a title=\"Feldbuch Industrievermessung\" href=\"https:\/\/www.glm-laser.com\/glm\/optische-vermessungsinstrumente-2\/handrechner\/\">digitalen Feldrechners<\/a>, empfangen und verarbeitet werden.<\/li>\n<\/ul>\n<\/div>\n<p align=\"justify\"><u>Verbesserter Encoder<\/u><\/p>\n<div align=\"justify\">\n<ul>\n<li>Eine Besonderheit bei der FX Totalstation ist der Absolut Encoder. Er garantiert die Zuverl\u00e4ssigkeit der Messungen auch bei \u00e4u\u00dferst schwierigen Umweltbedingungen. Der Zwei-Achskompensator sorgt f\u00fcr gleichbleibende Messergebnisse, auch bei unebenem und weichem Untergrund.<\/li>\n<li>Die FX Totalstation ist mit Klemmen an den Feinjustierschrauben, zur genauen Fokussierung des Zieles, ausgestattet. Dies garantiert eine genaue und stabile Winkelmessung.<\/li>\n<li>Die FX-101 und FX-102 sind mit dem IACS (Independent Angel Calibration System) ausgestattet.<\/li>\n<\/ul>\n<hr \/>\n<\/div>\n<div class=\"section\">\n<h3 align=\"justify\"><u>Wasserdicht, Robust und Anwenderfreundlich<\/u><\/h3>\n<div align=\"justify\">\n<ul>\n<li>Wasser- und Staubfest nach\u00a0IP65.<\/li>\n<li>Das Geh\u00e4use aus Metall und der stabile Griff garantieren mit f\u00fcr die Robustheit des Tachymeters.<\/li>\n<li>F\u00fcr vertikale und ann\u00e4hernd vertikale Messungen l\u00e4sst sich der Griff leicht und schnell abnehmen und ebenso wieder anbringen.<\/li>\n<li>Die Temperatur der Umgebung kann bei dem Standardmodell zwischen -20\u00b0C und +50\u00b0C liegen.\u00a0 Weitere Modelle haben die Option auf eine m\u00f6gliche Umgebungstemperatur von -30\u00b0C oder + 60\u00b0C.<\/li>\n<\/ul>\n<\/div>\n<p align=\"justify\"><img loading=\"lazy\" decoding=\"async\" class=\"alignnone size-full wp-image-1229\" src=\"https:\/\/www.glm-laser.com\/glm\/wp-content\/uploads\/messung-temperatur.png\" alt=\"Umgebungstemperatur Messung\" width=\"500\" height=\"134\" srcset=\"https:\/\/www.glm-laser.com\/glm\/wp-content\/uploads\/messung-temperatur.png 500w, https:\/\/www.glm-laser.com\/glm\/wp-content\/uploads\/messung-temperatur-300x80.png 300w\" sizes=\"(max-width: 500px) 100vw, 500px\" \/><\/p>\n<div align=\"justify\">\n<ul>\n<li>Ein USB Type A Anschluss gibt Ihnen die M\u00f6glichkeit den Speicher zu erweitern. Dies beeintr\u00e4chtigt nicht die Robustheit (Staub- und Wasserfestigkeit nach IP65).<\/li>\n<li>Das FX Tachymeter verf\u00fcgt \u00fcber eine ergonomisch angebrachte Ausl\u00f6setaste, die das Messen besonders erleichtert, wenn Sie gerade durch das Fernrohr schauen oder die Feinjustierschraube bet\u00e4tigen. Messungen lassen sich so jederzeit per Tastendruck ausl\u00f6sen.<\/li>\n<li>Das FX Tachymeter ist serienm\u00e4\u00dfig mit einer alphanumerischen Tastatur ausger\u00fcstet.<\/li>\n<\/ul>\n<\/div>\n<p>Bei weiteren Fragen <a href=\"https:\/\/www.glm-laser.com\/kontakt\/\">rufen Sie bitte an oder senden uns eine E-Mail<\/a>. Gerne vereinbaren wir auch einen Vorf\u00fchrtermin mit Ihnen.<\/p>\n<\/div>\n<p><a href=\"https:\/\/www.glm-laser.com\/glm\/wp-content\/uploads\/fx_brochure.pdf\" target=\"_blank\" rel=\"noopener noreferrer\"><img loading=\"lazy\" decoding=\"async\" class=\"alignleft size-full wp-image-958\" src=\"https:\/\/www.glm-laser.com\/glm\/wp-content\/uploads\/pdf-icon.png\" alt=\"Download PDF\" width=\"38\" height=\"42\" \/><\/a><\/p>\n<p><a href=\"https:\/\/www.glm-laser.com\/glm\/wp-content\/uploads\/fx_brochure.pdf\" target=\"_blank\" rel=\"noopener noreferrer\"><br \/>\nProspekt Sokkia FX-10x (1 MB)<\/a><\/p>\n<p><a href=\"https:\/\/www.glm-laser.com\/glm\/optische-vermessungsinstrumente-3\/sokkia-fx-serie\/fx-101\/\">FX-101<\/a> \u2013 <a href=\"https:\/\/www.glm-laser.com\/glm\/optische-vermessungsinstrumente-3\/sokkia-fx-serie\/fx-102\/\">FX-102<\/a> \u2013\u00a0<a href=\"https:\/\/www.glm-laser.com\/glm\/optische-vermessungsinstrumente-3\/sokkia-fx-serie\/fx-103\/\">FX-103<\/a> \u2013 <a href=\"https:\/\/www.glm-laser.com\/glm\/optische-vermessungsinstrumente-3\/sokkia-fx-serie\/fx-105\/\">FX-105 <\/a><\/p>\n","protected":false},"excerpt":{"rendered":"<p>Totalstationen der Serie FX von Sokkia Tradition trifft auf Innovation RED-Technologie f\u00fcr ber\u00fchrungsloses Messen Bluetooth\u00a9 Reichweite bis zu 300 m Optimierter Encoder Extrem lange Batterielaufzeit von 36 Stunden Wasserdicht, Robust und Anwenderfreundlich Die RED-Technologie f\u00fcr reflektorlose Messungen Die typische Dauer der ersten Messung liegt bei 0,9 Sekunden. Reflektorlosen Messen zwischen 30cm und 500m. Der Messstrahl [&hellip;]<\/p>\n","protected":false},"author":1,"featured_media":0,"parent":19,"menu_order":3,"comment_status":"closed","ping_status":"closed","template":"page_submenu.php","meta":{"footnotes":""},"class_list":["post-731","page","type-page","status-publish","hentry"],"_links":{"self":[{"href":"https:\/\/www.glm-laser.com\/glm\/wp-json\/wp\/v2\/pages\/731"}],"collection":[{"href":"https:\/\/www.glm-laser.com\/glm\/wp-json\/wp\/v2\/pages"}],"about":[{"href":"https:\/\/www.glm-laser.com\/glm\/wp-json\/wp\/v2\/types\/page"}],"author":[{"embeddable":true,"href":"https:\/\/www.glm-laser.com\/glm\/wp-json\/wp\/v2\/users\/1"}],"replies":[{"embeddable":true,"href":"https:\/\/www.glm-laser.com\/glm\/wp-json\/wp\/v2\/comments?post=731"}],"version-history":[{"count":17,"href":"https:\/\/www.glm-laser.com\/glm\/wp-json\/wp\/v2\/pages\/731\/revisions"}],"predecessor-version":[{"id":9608,"href":"https:\/\/www.glm-laser.com\/glm\/wp-json\/wp\/v2\/pages\/731\/revisions\/9608"}],"up":[{"embeddable":true,"href":"https:\/\/www.glm-laser.com\/glm\/wp-json\/wp\/v2\/pages\/19"}],"wp:attachment":[{"href":"https:\/\/www.glm-laser.com\/glm\/wp-json\/wp\/v2\/media?parent=731"}],"curies":[{"name":"wp","href":"https:\/\/api.w.org\/{rel}","templated":true}]}}