{"id":735,"date":"2016-04-18T09:43:44","date_gmt":"2016-04-18T07:43:44","guid":{"rendered":"http:\/\/www.glm-laser.com\/?page_id=735"},"modified":"2021-11-08T15:40:37","modified_gmt":"2021-11-08T14:40:37","slug":"sokkia-serie-dtx40","status":"publish","type":"page","link":"https:\/\/www.glm-laser.com\/glm\/optische-vermessungsinstrumente-3\/uebersicht\/theodolite\/sokkia-serie-dtx40\/","title":{"rendered":"Sokkia DTx40 Serie"},"content":{"rendered":"<h1>Bautheodolit DTx40 von Sokkia<\/h1>\n<div class=\"section\">\n<p align=\"justify\"><img loading=\"lazy\" decoding=\"async\" class=\"alignright size-full wp-image-1237\" src=\"https:\/\/www.glm-laser.com\/glm\/wp-content\/uploads\/bautheodolit.png\" alt=\"Bautheodolit Sokkia\" width=\"160\" height=\"274\" \/><br \/>\n<strong>Die elektronischen Digitaltheodolite von Sokkia zeichnen sich durch ihre Zuverl\u00e4ssigkeit und die lange Betriebsdauer aus. Abgel\u00f6st durch die DT50 Serie,<\/strong><\/p>\n<div align=\"justify\"><\/div>\n<p align=\"justify\">Die Bedienung ist einfach und komfortabel. Die vielf\u00e4ltigen Anzeigem\u00f6glichkeiten lassen sich bequem \u00fcber die vier Tasten steuern. Sobald das Ger\u00e4t eingeschaltet wird, kann mit der Arbeit begonnen werden. Speziell der DT940 ist ideal f\u00fcr den Betrieb auf der Baustelle geeignet.<\/p>\n<div align=\"justify\"><\/div>\n<p align=\"justify\"><strong>Charakteristische Merkmale<\/strong><\/p>\n<div align=\"justify\">\n<ul type=\"disc\">\n<li>Zweiachskompensator<\/li>\n<li>Display in beiden Fernrohrlagen (ausgenommen DT940)<\/li>\n<\/ul>\n<\/div>\n<p align=\"justify\"><strong>Weitere Merkmale<\/strong><\/p>\n<div align=\"justify\">\n<ul type=\"disc\">\n<li>Staub- und Wasserschutz gem\u00e4\u00df IP66<\/li>\n<li>Absolutteilkreis<\/li>\n<li>Bedienung \u00fcber 6 Funktionstasten<\/li>\n<li>Dreifu\u00df abnehmbar (ausgenommen DT940)<\/li>\n<li>Serielle Schnittstelle<\/li>\n<li>Batteriefach f\u00fcr 4 AA-Zellen (bis zu 170 Stunden)<\/li>\n<li>Akustisches Rechtwinkelsignal<\/li>\n<li>Vergr\u00f6\u00dferung zwischen 26x und 30x<\/li>\n<\/ul>\n<\/div>\n<p align=\"justify\"><strong>Lieferumfang<\/strong><\/p>\n<div align=\"justify\">\n<ul type=\"disc\">\n<li>4 Batterien (AA)<\/li>\n<li>Koffer, Tragegurt<\/li>\n<li>Objektivkappe, Schnurlot, Sonnenblende, Werkzeugsatz<\/li>\n<\/ul>\n<p><strong>Optionales Zubeh\u00f6r<\/strong><\/p>\n<ul>\n<li>Schnittstellenkabel DOC210<\/li>\n<li>Steilsichtokular DE13<\/li>\n<li>Sonnen-Filter<\/li>\n<\/ul>\n<p style=\"text-align: center;\">DT240\u00a0\u2013\u00a0DT540\u00a0\u2013\u00a0<a href=\"https:\/\/www.glm-laser.com\/dt740-digitaltheodolit\/\">DT740<\/a>\u00a0\u2013\u00a0<a title=\"Sokkia DT520\" href=\"https:\/\/www.glm-laser.com\/dt940-digitaltheodolit\/\">DT940<\/a><\/p>\n<div align=\"justify\">\n<div class=\"rex-cnt-slc-otp\">\n<p><img loading=\"lazy\" decoding=\"async\" class=\"alignleft size-full wp-image-958\" src=\"https:\/\/www.glm-laser.com\/glm\/wp-content\/uploads\/pdf-icon.png\" alt=\"Download PDF\" width=\"38\" height=\"42\" \/><\/p>\n<\/div>\n<p class=\"rex-cnt-slc-otp\"><a href=\"https:\/\/www.glm-laser.com\/glm\/wp-content\/uploads\/dtx40_prospekt_en.pdf\" target=\"_blank\" rel=\"noopener noreferrer\"><br \/>\nProspekt Sokkia DTx40_en (975 kB)<\/a><\/p>\n<\/div>\n<\/div>\n<\/div>\n","protected":false},"excerpt":{"rendered":"<p>Bautheodolit DTx40 von Sokkia Die elektronischen Digitaltheodolite von Sokkia zeichnen sich durch ihre Zuverl\u00e4ssigkeit und die lange Betriebsdauer aus. Abgel\u00f6st durch die DT50 Serie, Die Bedienung ist einfach und komfortabel. Die vielf\u00e4ltigen Anzeigem\u00f6glichkeiten lassen sich bequem \u00fcber die vier Tasten steuern. Sobald das Ger\u00e4t eingeschaltet wird, kann mit der Arbeit begonnen werden. Speziell der DT940 [&hellip;]<\/p>\n","protected":false},"author":1,"featured_media":0,"parent":819,"menu_order":3,"comment_status":"closed","ping_status":"closed","template":"page_submenu.php","meta":{"footnotes":""},"class_list":["post-735","page","type-page","status-publish","hentry"],"_links":{"self":[{"href":"https:\/\/www.glm-laser.com\/glm\/wp-json\/wp\/v2\/pages\/735"}],"collection":[{"href":"https:\/\/www.glm-laser.com\/glm\/wp-json\/wp\/v2\/pages"}],"about":[{"href":"https:\/\/www.glm-laser.com\/glm\/wp-json\/wp\/v2\/types\/page"}],"author":[{"embeddable":true,"href":"https:\/\/www.glm-laser.com\/glm\/wp-json\/wp\/v2\/users\/1"}],"replies":[{"embeddable":true,"href":"https:\/\/www.glm-laser.com\/glm\/wp-json\/wp\/v2\/comments?post=735"}],"version-history":[{"count":11,"href":"https:\/\/www.glm-laser.com\/glm\/wp-json\/wp\/v2\/pages\/735\/revisions"}],"predecessor-version":[{"id":10031,"href":"https:\/\/www.glm-laser.com\/glm\/wp-json\/wp\/v2\/pages\/735\/revisions\/10031"}],"up":[{"embeddable":true,"href":"https:\/\/www.glm-laser.com\/glm\/wp-json\/wp\/v2\/pages\/819"}],"wp:attachment":[{"href":"https:\/\/www.glm-laser.com\/glm\/wp-json\/wp\/v2\/media?parent=735"}],"curies":[{"name":"wp","href":"https:\/\/api.w.org\/{rel}","templated":true}]}}