{"id":737,"date":"2016-04-18T09:44:01","date_gmt":"2016-04-18T07:44:01","guid":{"rendered":"http:\/\/www.glm-laser.com\/?page_id=737"},"modified":"2020-10-08T12:50:40","modified_gmt":"2020-10-08T10:50:40","slug":"sokkia-sdl","status":"publish","type":"page","link":"https:\/\/www.glm-laser.com\/glm\/optische-vermessungsinstrumente-3\/sokkia-digitalnivellier\/sokkia-sdl\/","title":{"rendered":"Sokkia SDL30\/50"},"content":{"rendered":"<h1 class=\"wp-block-heading\">Sokkia SDL30\/50<\/h1>\n<h1>\u00a0<\/h1>\n<p><img loading=\"lazy\" decoding=\"async\" class=\"alignright size-full wp-image-1143\" src=\"https:\/\/www.glm-laser.com\/glm\/wp-content\/uploads\/sdl30-50-digitalnivelliere.jpg\" alt=\"sdl30-50-digitalnivelliere\" width=\"200\" height=\"185\" \/><br \/>Die Ger\u00e4te sind pr\u00e4destiniert f\u00fcr anspruchsvolle Nivellements 1. und 2. Ordnung sowie f\u00fcr Verformungsmessungen.<\/p>\n<h3><strong>Charakteristische Merkmale<\/strong><\/h3>\n<ul type=\"disc\">\n<li>Automatische Ablesung an einer Barcodelatte<\/li>\n<li>Interner Speicher (2000 Punkte)<\/li>\n<\/ul>\n<h3><strong>Weitere Merkmale<\/strong><\/h3>\n<ul type=\"disc\">\n<li>Jobverwaltung (20 Jobs)<\/li>\n<li>Serielle Datenschnittstelle, Ausgabeformat SDR oder CSV<\/li>\n<li>Vergr\u00f6\u00dferung von 28x bis 32x<\/li>\n<li>Elektronische Streckenmessung (+\/- 1cm bis 10m, +\/- 0,1% 10 bis 50m<\/li>\n<li>Innenliegender Metallteilkreis (Teilung 1gon)<\/li>\n<li>Magnetisch ged\u00e4mpfter Kompensator<\/li>\n<li>Zweistufige Fokussierung<\/li>\n<li>Endlosfeintrieb, beidseitig<\/li>\n<li>K\u00fcrzeste Zielweite 1,5m<\/li>\n<li>Wasserschutz gem\u00e4\u00df IPX4<\/li>\n<\/ul>\n<h3><strong>Lieferumfang<\/strong><\/h3>\n<ul type=\"disc\">\n<li>Koffer<\/li>\n<li>1 Akku BDC46A<\/li>\n<li>Doppelladeger\u00e4t CDC68<\/li>\n<li>Werkzeug, Schutzhaube, Objektivdeckel<\/li>\n<\/ul>\n<h3><strong>Ausf\u00fchrung \/ Zubeh\u00f6r<\/strong><\/h3>\n<p><strong>SDL30-4:\u00a0<\/strong><br \/>Vergr\u00f6\u00dferung 32x, +\/-1,0mm pro 1km Doppelnivellemt (elektronisch \/ optisch), Teilkreis in gon<strong><br \/><\/strong><\/p>\n<p><strong>SDL50-4:<br \/><\/strong>Vergr\u00f6\u00dferung 28x, +\/-1,5mm pro 1km Doppelnivellement (elektronisch), 2,0mm optisch, Teilkreis in gon<strong><br \/><\/strong><\/p>\n<p><strong>BDC46E:<br \/><\/strong>LiIon Akku, 2200mAH (optional)<strong><br \/><\/strong><\/p>\n<p><strong>CDC68:<br \/><\/strong>Doppelladeger\u00e4t (&lt; 2 Stunden) (optional)<strong><br \/><\/strong><\/p>\n<p><strong>DE23:<br \/><\/strong>Zeitokular (optional)<strong><br \/><\/strong><\/p>\n<p><strong>SDL Tool:<br \/><\/strong>Daten\u00fcbertragungsprogramm (optional)<strong><br \/><\/strong><\/p>\n<p><strong>DOC27:<\/strong><br \/>Daten\u00fcbertragungskabel, seriell 9pin\u00a0(optional)<strong><br \/><\/strong><\/p>\n<p><strong>DOC27-USB:<br \/><\/strong>Daten\u00fcbertragungskabel, USB (optional)<strong><br \/><\/strong><\/p>\n<p>\u00a0<\/p>\n<p><img loading=\"lazy\" decoding=\"async\" class=\"alignleft size-full wp-image-958\" src=\"https:\/\/www.glm-laser.com\/glm\/wp-content\/uploads\/pdf-icon.png\" alt=\"Download PDF\" width=\"38\" height=\"42\" \/><\/p>\n<p><a href=\"https:\/\/www.glm-laser.com\/glm\/wp-content\/uploads\/digitalnivellier_sdl30_sokkia.pdf\" target=\"_blank\" rel=\"noopener noreferrer\">Prospekt Digitalnivellier SDL30 Sokkia (668 kB)<br \/><\/a><a href=\"https:\/\/www.glm-laser.com\/glm\/wp-content\/uploads\/bedienungsanleitung_sdl30.pdf\" target=\"_blank\" rel=\"noopener noreferrer\">Bedienungsanleitung Digitalnivellier SDL30 Sokkia (1 MB)<br \/><\/a><a href=\"https:\/\/www.glm-laser.com\/glm\/wp-content\/uploads\/untersuchung_digitalnivellier_sdl30_uni_essen.pdf\" target=\"_blank\" rel=\"noopener noreferrer\">Untersuchung Digitalnivellier SDR30 UNI Essen (5 MB)<\/a><\/p>\n","protected":false},"excerpt":{"rendered":"<p>Sokkia SDL30\/50 \u00a0 Die Ger\u00e4te sind pr\u00e4destiniert f\u00fcr anspruchsvolle Nivellements 1. und 2. Ordnung sowie f\u00fcr Verformungsmessungen. Charakteristische Merkmale Automatische Ablesung an einer Barcodelatte Interner Speicher (2000 Punkte) Weitere Merkmale Jobverwaltung (20 Jobs) Serielle Datenschnittstelle, Ausgabeformat SDR oder CSV Vergr\u00f6\u00dferung von 28x bis 32x Elektronische Streckenmessung (+\/- 1cm bis 10m, +\/- 0,1% 10 bis 50m [&hellip;]<\/p>\n","protected":false},"author":1,"featured_media":0,"parent":6217,"menu_order":1,"comment_status":"closed","ping_status":"closed","template":"page_submenu.php","meta":{"footnotes":""},"class_list":["post-737","page","type-page","status-publish","hentry"],"_links":{"self":[{"href":"https:\/\/www.glm-laser.com\/glm\/wp-json\/wp\/v2\/pages\/737"}],"collection":[{"href":"https:\/\/www.glm-laser.com\/glm\/wp-json\/wp\/v2\/pages"}],"about":[{"href":"https:\/\/www.glm-laser.com\/glm\/wp-json\/wp\/v2\/types\/page"}],"author":[{"embeddable":true,"href":"https:\/\/www.glm-laser.com\/glm\/wp-json\/wp\/v2\/users\/1"}],"replies":[{"embeddable":true,"href":"https:\/\/www.glm-laser.com\/glm\/wp-json\/wp\/v2\/comments?post=737"}],"version-history":[{"count":10,"href":"https:\/\/www.glm-laser.com\/glm\/wp-json\/wp\/v2\/pages\/737\/revisions"}],"predecessor-version":[{"id":6221,"href":"https:\/\/www.glm-laser.com\/glm\/wp-json\/wp\/v2\/pages\/737\/revisions\/6221"}],"up":[{"embeddable":true,"href":"https:\/\/www.glm-laser.com\/glm\/wp-json\/wp\/v2\/pages\/6217"}],"wp:attachment":[{"href":"https:\/\/www.glm-laser.com\/glm\/wp-json\/wp\/v2\/media?parent=737"}],"curies":[{"name":"wp","href":"https:\/\/api.w.org\/{rel}","templated":true}]}}