{"id":739,"date":"2016-04-18T09:44:17","date_gmt":"2016-04-18T07:44:17","guid":{"rendered":"http:\/\/www.glm-laser.com\/?page_id=739"},"modified":"2020-11-10T12:02:47","modified_gmt":"2020-11-10T11:02:47","slug":"ingenieurnivelliere","status":"publish","type":"page","link":"https:\/\/www.glm-laser.com\/glm\/optische-vermessungsinstrumente-3\/ingenieurnivelliere\/","title":{"rendered":"SOKKIA Ingenieurnivellier"},"content":{"rendered":"<h1 class=\"wp-block-heading\">SOKKIA Ingenieurnivelliere der B-Serie <\/h1>\n<h1>\u00a0<\/h1>\n<div class=\"section\">\n<p align=\"justify\"><img loading=\"lazy\" decoding=\"async\" class=\"alignright wp-image-1153 size-full\" title=\"Ingenieurnivelliere \" src=\"https:\/\/www.glm-laser.com\/glm\/wp-content\/uploads\/sokkia-b-nivellier.jpg\" alt=\"Ingenieurnivelliere \" width=\"160\" height=\"106\" \/><br \/>Sokkia bietet eine Vielzahl automatischer Ingenieurnivelliere f\u00fcr individuelle Bed\u00fcrfnisse an. Alle Modelle sind einem Pr\u00e4zisionskompensator ausgestattet, der aufgrund des magnetischen D\u00e4mpfungssystems eine herausragende Genauigkeit und Zuverl\u00e4ssigkeit garantiert.<\/p>\n<h3><strong>Charakteristische Merkmale der Sokkia Nivelliere:<\/strong><\/h3>\n<ul>\n<li>Vergr\u00f6\u00dfererung 24x bis 40x<\/li>\n<li>Mittlerer Fehler f\u00fcr 1km Doppelnivellement +\/- 2,0mm bis +\/- 0,7mm<\/li>\n<\/ul>\n<h3><strong>Weitere Merkmale:<\/strong><\/h3>\n<ul>\n<li>Planplattenmikrometer optional nur f\u00fcr B20 (Arbeitsbereich 10mm, Teilung 0,1mm)<\/li>\n<li>Innenliegender Metall-Teilkreis (Teilung 1gon oder 1grad)<\/li>\n<li>Magnetisch ged\u00e4mpfter Kompensator<\/li>\n<li>Zweistufige Fokussierung<\/li>\n<li>Endlosfeintrieb, beidseitig<\/li>\n<li>K\u00fcrzeste Zielweite 30cm<\/li>\n<li>Aufstellungen auf Flach- oder Kugelkopfstativen<\/li>\n<li>Ableseprisma fuer Dosenlibelle<\/li>\n<li>Wasserschutz gem\u00e4\u00df IPX6<\/li>\n<li>Diopter f\u00fcr Grobzielung<\/li>\n<\/ul>\n<h3><strong>Lieferumfang:<\/strong><\/h3>\n<ul>\n<li>Koffer<\/li>\n<li>Objektivdeckel<\/li>\n<li>Werkzeug, Schutzhaube<\/li>\n<\/ul>\n<p style=\"text-align: center;\"><a href=\"https:\/\/www.glm-laser.com\/glm\/optische-vermessungsinstrumente-3\/ingenieurnivelliere\/sokkia-b20\/\">Pr\u00e4zisionsnivellier B20<\/a>\u00a0&#8211;\u00a0<a href=\"https:\/\/www.glm-laser.com\/glm\/optische-vermessungsinstrumente-3\/ingenieurnivelliere\/sokkia-b30\/\">Ingenieurnivellier B30<\/a>\u00a0&#8211;\u00a0<a href=\"https:\/\/www.glm-laser.com\/glm\/optische-vermessungsinstrumente-3\/ingenieurnivelliere\/sokkia-b40\/\">Nivellier B40<\/a><\/p>\n<div class=\"section\">\n<div class=\"section\"><img loading=\"lazy\" decoding=\"async\" class=\"alignleft size-full wp-image-958\" src=\"https:\/\/www.glm-laser.com\/glm\/wp-content\/uploads\/pdf-icon.png\" alt=\"Download PDF\" width=\"38\" height=\"42\" \/><\/div>\n<div class=\"section\"><a href=\"https:\/\/www.glm-laser.com\/glm\/wp-content\/uploads\/prospekt_sokkia_b20.pdf\" target=\"_blank\" rel=\"noopener noreferrer\"><br \/><\/a><a href=\"https:\/\/www.glm-laser.com\/glm\/wp-content\/uploads\/prospekt_sokkia_b20.pdf\" target=\"_blank\" rel=\"noopener noreferrer\">Prospekt Sokkia B20 (233 kB)<\/a><a href=\"https:\/\/www.glm-laser.com\/glm\/wp-content\/uploads\/prospekt_sokkia_b20.pdf\" target=\"_blank\" rel=\"noopener noreferrer\"><br \/><\/a><\/div>\n<\/div>\n<\/div>\n","protected":false},"excerpt":{"rendered":"<p>SOKKIA Ingenieurnivelliere der B-Serie \u00a0 Sokkia bietet eine Vielzahl automatischer Ingenieurnivelliere f\u00fcr individuelle Bed\u00fcrfnisse an. Alle Modelle sind einem Pr\u00e4zisionskompensator ausgestattet, der aufgrund des magnetischen D\u00e4mpfungssystems eine herausragende Genauigkeit und Zuverl\u00e4ssigkeit garantiert. Charakteristische Merkmale der Sokkia Nivelliere: Vergr\u00f6\u00dfererung 24x bis 40x Mittlerer Fehler f\u00fcr 1km Doppelnivellement +\/- 2,0mm bis +\/- 0,7mm Weitere Merkmale: Planplattenmikrometer optional [&hellip;]<\/p>\n","protected":false},"author":1,"featured_media":0,"parent":19,"menu_order":7,"comment_status":"closed","ping_status":"closed","template":"page_submenu.php","meta":{"footnotes":""},"class_list":["post-739","page","type-page","status-publish","hentry"],"_links":{"self":[{"href":"https:\/\/www.glm-laser.com\/glm\/wp-json\/wp\/v2\/pages\/739"}],"collection":[{"href":"https:\/\/www.glm-laser.com\/glm\/wp-json\/wp\/v2\/pages"}],"about":[{"href":"https:\/\/www.glm-laser.com\/glm\/wp-json\/wp\/v2\/types\/page"}],"author":[{"embeddable":true,"href":"https:\/\/www.glm-laser.com\/glm\/wp-json\/wp\/v2\/users\/1"}],"replies":[{"embeddable":true,"href":"https:\/\/www.glm-laser.com\/glm\/wp-json\/wp\/v2\/comments?post=739"}],"version-history":[{"count":12,"href":"https:\/\/www.glm-laser.com\/glm\/wp-json\/wp\/v2\/pages\/739\/revisions"}],"predecessor-version":[{"id":9558,"href":"https:\/\/www.glm-laser.com\/glm\/wp-json\/wp\/v2\/pages\/739\/revisions\/9558"}],"up":[{"embeddable":true,"href":"https:\/\/www.glm-laser.com\/glm\/wp-json\/wp\/v2\/pages\/19"}],"wp:attachment":[{"href":"https:\/\/www.glm-laser.com\/glm\/wp-json\/wp\/v2\/media?parent=739"}],"curies":[{"name":"wp","href":"https:\/\/api.w.org\/{rel}","templated":true}]}}