{"id":745,"date":"2016-04-18T09:46:50","date_gmt":"2016-04-18T07:46:50","guid":{"rendered":"http:\/\/www.glm-laser.com\/?page_id=745"},"modified":"2020-11-10T12:07:05","modified_gmt":"2020-11-10T11:07:05","slug":"zielmittel","status":"publish","type":"page","link":"https:\/\/www.glm-laser.com\/glm\/optische-vermessungsinstrumente-3\/zubehoer-2\/zielmittel\/","title":{"rendered":"Sonstiges"},"content":{"rendered":"<h2 class=\"wp-block-heading\">Weiteres Zubeh\u00f6r<\/h2>\n<ul class=\"wp-block-list\">\n<li><a href=\"https:\/\/www.glm-laser.com\/glm\/optische-vermessungsinstrumente-3\/zubehoer-2\/zielmittel\/spiegelstereoskope\/\">Spiegelstereoskop<\/a><\/li>\n<li><a href=\"https:\/\/www.glm-laser.com\/glm\/optische-vermessungsinstrumente-3\/zubehoer-2\/zielmittel\/standortwechselmarke-rt50-m\/\">Standortwechselmarke RT50 M<\/a><\/li>\n<li><a href=\"https:\/\/www.glm-laser.com\/glm\/optische-vermessungsinstrumente-3\/zubehoer-2\/zielmittel\/schnittstellenkabel\/\">Schnittstellenkabel<\/a><\/li>\n<li><a href=\"https:\/\/www.glm-laser.com\/glm\/optische-vermessungsinstrumente-3\/zubehoer-2\/zielmittel\/praezisionszwangszentrierung\/\">Pr\u00e4zisionszwangszentrierung<\/a><\/li>\n<li><a href=\"https:\/\/www.glm-laser.com\/glm\/wp-admin\/post.php?post=777&amp;action=edit&amp;lang=de\">SMR Kugelreflektor<\/a><\/li>\n<li><a href=\"https:\/\/www.glm-laser.com\/glm\/optische-vermessungsinstrumente-3\/zubehoer-2\/zielmittel\/standortwechselzielmarke-rtkug1-5\/\">Standortwechselmarke RTKug 1.5<\/a><\/li>\n<li><a href=\"https:\/\/www.glm-laser.com\/glm\/wp-admin\/post.php?post=787&amp;action=edit&amp;lang=de\">Dreifu\u00dfadapter Kugelrefelktor RT1<\/a><\/li>\n<li><a href=\"https:\/\/www.glm-laser.com\/glm\/optische-vermessungsinstrumente-3\/zubehoer-2\/zielmittel\/zielmittel-sdl\/\">Zielmittel Sokkia SDK1X<\/a><\/li>\n<\/ul>\n","protected":false},"excerpt":{"rendered":"<p>Weiteres Zubeh\u00f6r Spiegelstereoskop Standortwechselmarke RT50 M Schnittstellenkabel Pr\u00e4zisionszwangszentrierung SMR Kugelreflektor Standortwechselmarke RTKug 1.5 Dreifu\u00dfadapter Kugelrefelktor RT1 Zielmittel Sokkia SDK1X<\/p>\n","protected":false},"author":1,"featured_media":0,"parent":703,"menu_order":30,"comment_status":"closed","ping_status":"closed","template":"page_submenu.php","meta":{"footnotes":""},"class_list":["post-745","page","type-page","status-publish","hentry"],"_links":{"self":[{"href":"https:\/\/www.glm-laser.com\/glm\/wp-json\/wp\/v2\/pages\/745"}],"collection":[{"href":"https:\/\/www.glm-laser.com\/glm\/wp-json\/wp\/v2\/pages"}],"about":[{"href":"https:\/\/www.glm-laser.com\/glm\/wp-json\/wp\/v2\/types\/page"}],"author":[{"embeddable":true,"href":"https:\/\/www.glm-laser.com\/glm\/wp-json\/wp\/v2\/users\/1"}],"replies":[{"embeddable":true,"href":"https:\/\/www.glm-laser.com\/glm\/wp-json\/wp\/v2\/comments?post=745"}],"version-history":[{"count":23,"href":"https:\/\/www.glm-laser.com\/glm\/wp-json\/wp\/v2\/pages\/745\/revisions"}],"predecessor-version":[{"id":9657,"href":"https:\/\/www.glm-laser.com\/glm\/wp-json\/wp\/v2\/pages\/745\/revisions\/9657"}],"up":[{"embeddable":true,"href":"https:\/\/www.glm-laser.com\/glm\/wp-json\/wp\/v2\/pages\/703"}],"wp:attachment":[{"href":"https:\/\/www.glm-laser.com\/glm\/wp-json\/wp\/v2\/media?parent=745"}],"curies":[{"name":"wp","href":"https:\/\/api.w.org\/{rel}","templated":true}]}}