{"id":749,"date":"2016-04-18T09:48:06","date_gmt":"2016-04-18T07:48:06","guid":{"rendered":"http:\/\/www.glm-laser.com\/?page_id=749"},"modified":"2020-11-10T12:07:48","modified_gmt":"2020-11-10T11:07:48","slug":"prismen-und-prismenstaebe","status":"publish","type":"page","link":"https:\/\/www.glm-laser.com\/glm\/optische-vermessungsinstrumente-3\/zubehoer-2\/prismen-und-prismenstaebe\/","title":{"rendered":"Prismen, Prismenst\u00e4be und Stabstative"},"content":{"rendered":"<h1>Prismen, Prismenst\u00e4be und Stabstative<\/h1>\n<p class=\"section\"><img loading=\"lazy\" decoding=\"async\" class=\"alignright size-full wp-image-1459\" src=\"https:\/\/www.glm-laser.com\/glm\/wp-content\/uploads\/sokkia-prisma.jpg\" alt=\"Sokkia Prisma\" width=\"200\" height=\"149\">GLM bietet verschiedene Ausf\u00fchrungen von Sokkia Prismen aus der AP-Serie an. Es folgt eine Liste mit verschiedenen Typen:<\/p>\n<ul>\n<li><a title=\"Prisma AP01\" href=\"https:\/\/www.glm-laser.com\/glm\/optische-vermessungsinstrumente-3\/zubehoer-2\/prismen-und-prismenstaebe\/prisma-ap01\/\">Pr\u00e4zisionsprisma AP01<\/a><\/li>\n<li><a title=\"Sokkia APS12\" href=\"https:\/\/www.glm-laser.com\/glm\/optische-vermessungsinstrumente-3\/zubehoer-2\/prismen-und-prismenstaebe\/aps12\/\">APS12; Komplette Zwangszentrierung inkl. Zubeh\u00f6r<\/a><\/li>\n<li><a title=\"APS33 Prisma\" href=\"https:\/\/www.glm-laser.com\/glm\/optische-vermessungsinstrumente-3\/zubehoer-2\/prismen-und-prismenstaebe\/aps33-dreier-prisma\/\">APS33; Komplettes Dreier-Prismen-SET inklusive Dreifu\u00df (WA)<\/a><\/li>\n<li><a title=\"Rundprisma\" href=\"https:\/\/www.glm-laser.com\/glm\/optische-vermessungsinstrumente-3\/zubehoer-2\/prismen-und-prismenstaebe\/prisma-atp1-360\/\">ATP1 360\u00b0; Prisma<br \/><\/a><\/li>\n<li><a title=\"SP01 Einerprisma\" href=\"https:\/\/www.glm-laser.com\/glm\/optische-vermessungsinstrumente-3\/zubehoer-2\/prismen-und-prismenstaebe\/sp01-einerprisma\/\">SP01; Einerprisma<\/a><\/li>\n<li><a title=\"Stabstativ AP71\" href=\"https:\/\/www.glm-laser.com\/glm\/optische-vermessungsinstrumente-3\/zubehoer-2\/prismen-und-prismenstaebe\/stabstativ-ap71\/\">AP71; Stabstativ<\/a><\/li>\n<li><a title=\"Primenstab \" href=\"https:\/\/www.glm-laser.com\/glm\/optische-vermessungsinstrumente-3\/zubehoer-2\/prismen-und-prismenstaebe\/prismenstab-25m\/\">klassischer Prismenstab<\/a><\/li>\n<\/ul>\n<p><img loading=\"lazy\" decoding=\"async\" class=\"alignleft size-full wp-image-958\" src=\"https:\/\/www.glm-laser.com\/glm\/wp-content\/uploads\/pdf-icon.png\" alt=\"Download PDF\" width=\"38\" height=\"42\"><\/p>\n<p><a href=\"https:\/\/www.glm-laser.com\/glm\/wp-content\/uploads\/prospekt_sokkia_prismen_ap_serie_en.pdf\" target=\"_blank\" rel=\"noopener noreferrer\"><br \/>\nProspekt Sokkia Prismen AP Serie (2 MB)<\/a><\/p>\n<p>Ben\u00f6tigen Sie weiteres Zubeh\u00f6r? Dann schauen Sie auf unser umfangreiches Angebot, indem Sie <a href=\"https:\/\/www.glm-laser.com\/glm\/optische-vermessungsinstrumente-2\/zubehoer-2\/\"><strong>hier klicken<\/strong><\/a><\/p>\n","protected":false},"excerpt":{"rendered":"<p>Prismen, Prismenst\u00e4be und Stabstative GLM bietet verschiedene Ausf\u00fchrungen von Sokkia Prismen aus der AP-Serie an. Es folgt eine Liste mit verschiedenen Typen: Pr\u00e4zisionsprisma AP01 APS12; Komplette Zwangszentrierung inkl. Zubeh\u00f6r APS33; Komplettes Dreier-Prismen-SET inklusive Dreifu\u00df (WA) ATP1 360\u00b0; Prisma SP01; Einerprisma AP71; Stabstativ klassischer Prismenstab Prospekt Sokkia Prismen AP Serie (2 MB) Ben\u00f6tigen Sie weiteres Zubeh\u00f6r? [&hellip;]<\/p>\n","protected":false},"author":1,"featured_media":0,"parent":703,"menu_order":1,"comment_status":"closed","ping_status":"closed","template":"page_submenu.php","meta":{"footnotes":""},"class_list":["post-749","page","type-page","status-publish","hentry"],"_links":{"self":[{"href":"https:\/\/www.glm-laser.com\/glm\/wp-json\/wp\/v2\/pages\/749"}],"collection":[{"href":"https:\/\/www.glm-laser.com\/glm\/wp-json\/wp\/v2\/pages"}],"about":[{"href":"https:\/\/www.glm-laser.com\/glm\/wp-json\/wp\/v2\/types\/page"}],"author":[{"embeddable":true,"href":"https:\/\/www.glm-laser.com\/glm\/wp-json\/wp\/v2\/users\/1"}],"replies":[{"embeddable":true,"href":"https:\/\/www.glm-laser.com\/glm\/wp-json\/wp\/v2\/comments?post=749"}],"version-history":[{"count":49,"href":"https:\/\/www.glm-laser.com\/glm\/wp-json\/wp\/v2\/pages\/749\/revisions"}],"predecessor-version":[{"id":9665,"href":"https:\/\/www.glm-laser.com\/glm\/wp-json\/wp\/v2\/pages\/749\/revisions\/9665"}],"up":[{"embeddable":true,"href":"https:\/\/www.glm-laser.com\/glm\/wp-json\/wp\/v2\/pages\/703"}],"wp:attachment":[{"href":"https:\/\/www.glm-laser.com\/glm\/wp-json\/wp\/v2\/media?parent=749"}],"curies":[{"name":"wp","href":"https:\/\/api.w.org\/{rel}","templated":true}]}}