{"id":751,"date":"2016-04-18T09:48:54","date_gmt":"2016-04-18T07:48:54","guid":{"rendered":"http:\/\/www.glm-laser.com\/?page_id=751"},"modified":"2020-11-10T12:06:22","modified_gmt":"2020-11-10T11:06:22","slug":"kreuzschlitten","status":"publish","type":"page","link":"https:\/\/www.glm-laser.com\/glm\/optische-vermessungsinstrumente-3\/zubehoer-2\/kreuzschlitten\/","title":{"rendered":"Kreuzschlitten"},"content":{"rendered":"<h1>Kreuzschlitten<\/h1>\n<div class=\"section\">\n<p align=\"justify\"><img loading=\"lazy\" decoding=\"async\" class=\"alignright wp-image-1615 size-full\" title=\"Kreuzschlitten\" src=\"https:\/\/www.glm-laser.com\/glm\/wp-content\/uploads\/Kreuzschlitten.jpg\" alt=\"Kreuzschlitten\" width=\"200\" height=\"137\" \/>Bei der optischen 3D Vermessung von <a title=\"Vermessung Anlagenbau\" href=\"https:\/\/www.glm-laser.com\/glm\/3d-messsysteme-branchen\/messsystem-fuer-den-anlagenbau\/\">Anlagen<\/a>, Hochregallagern, Maschinen und Roboterstra\u00dfen sind die Sichten zu den Achspunkten und\/oder zu den zu justierenden Objekten (Walzen, Lager, usw.) meist sehr schwer zu finden und in Einklang zueinander zu bringen. Um dieser Sisyphusarbeit entgegenzuwirken, wurde der Kreuzschlitten (auch Kreuztisch genannt) f\u00fcr optische Vermessungsinstrumente (Laserstationen, <a title=\"Industrietachymeter\" href=\"https:\/\/www.glm-laser.com\/glm\/optische-vermessungsinstrumente-2\/net05ax-ii\/\">Totalstationen<\/a>,\u00a0 <a title=\"Industrietheodolit\" href=\"https:\/\/www.glm-laser.com\/glm\/optische-vermessungsinstrumente-2\/sokkia-ingenieurtheodolit\/\">Theodolite<\/a> und <a title=\"Sokkia B20\" href=\"https:\/\/www.glm-laser.com\/glm\/optische-vermessungsinstrumente-2\/sokkia-digitalnivellier\/\">Nivelliere<\/a>) entwickelt. Er wird zwischen Stativteller und Vermessungsinstrument\u00a0 montiert. Mit Justierschrauben f\u00fcr die X- und Y-Achse kann das Instrument positioniert werden. Weiter k\u00f6nnen Sie den optimalen freien Standpunkt (bei einem 3D Messsystem) durch kinderleichtes Ausrichten auf die n\u00f6tigen Sichten (Anschlusspunkte und Messpunkte) einrichten. In Kombination mit einem <a title=\"MQ Industriestativ\" href=\"https:\/\/www.glm-laser.com\/glm\/optische-vermessungsinstrumente-3\/zubehoer-2\/stative\/\">Kurbelstativ<\/a> stehen Sie immer auf dem besten Standpunkt, da hiermit auch die H\u00f6he verstellt werden kann.<\/p>\n<\/div>\n<p align=\"justify\">\n<p align=\"justify\">Ben\u00f6tigen Sie weiteres Zubeh\u00f6r? Dann schauen Sie auf unser umfangreiches Angebot, indem Sie <a href=\"https:\/\/www.glm-laser.com\/glm\/optische-vermessungsinstrumente-2\/zubehoer-2\/\"><strong>hier klicken<\/strong><\/a><\/p>\n<p align=\"justify\"><img loading=\"lazy\" decoding=\"async\" class=\"size-full wp-image-958 alignleft\" src=\"https:\/\/www.glm-laser.com\/glm\/wp-content\/uploads\/pdf-icon.png\" alt=\"Download PDF\" width=\"38\" height=\"42\" \/><\/p>\n<p><a href=\"https:\/\/www.glm-laser.com\/glm\/wp-content\/uploads\/kreuzschlitten-1.pdf\"><br \/>\nDatenblatt Kreuzschlitten (438 kB)<\/a><\/p>\n","protected":false},"excerpt":{"rendered":"<p>Kreuzschlitten Bei der optischen 3D Vermessung von Anlagen, Hochregallagern, Maschinen und Roboterstra\u00dfen sind die Sichten zu den Achspunkten und\/oder zu den zu justierenden Objekten (Walzen, Lager, usw.) meist sehr schwer zu finden und in Einklang zueinander zu bringen. Um dieser Sisyphusarbeit entgegenzuwirken, wurde der Kreuzschlitten (auch Kreuztisch genannt) f\u00fcr optische Vermessungsinstrumente (Laserstationen, Totalstationen,\u00a0 Theodolite und [&hellip;]<\/p>\n","protected":false},"author":1,"featured_media":0,"parent":703,"menu_order":12,"comment_status":"closed","ping_status":"closed","template":"page_submenu.php","meta":{"footnotes":""},"class_list":["post-751","page","type-page","status-publish","hentry"],"_links":{"self":[{"href":"https:\/\/www.glm-laser.com\/glm\/wp-json\/wp\/v2\/pages\/751"}],"collection":[{"href":"https:\/\/www.glm-laser.com\/glm\/wp-json\/wp\/v2\/pages"}],"about":[{"href":"https:\/\/www.glm-laser.com\/glm\/wp-json\/wp\/v2\/types\/page"}],"author":[{"embeddable":true,"href":"https:\/\/www.glm-laser.com\/glm\/wp-json\/wp\/v2\/users\/1"}],"replies":[{"embeddable":true,"href":"https:\/\/www.glm-laser.com\/glm\/wp-json\/wp\/v2\/comments?post=751"}],"version-history":[{"count":9,"href":"https:\/\/www.glm-laser.com\/glm\/wp-json\/wp\/v2\/pages\/751\/revisions"}],"predecessor-version":[{"id":9637,"href":"https:\/\/www.glm-laser.com\/glm\/wp-json\/wp\/v2\/pages\/751\/revisions\/9637"}],"up":[{"embeddable":true,"href":"https:\/\/www.glm-laser.com\/glm\/wp-json\/wp\/v2\/pages\/703"}],"wp:attachment":[{"href":"https:\/\/www.glm-laser.com\/glm\/wp-json\/wp\/v2\/media?parent=751"}],"curies":[{"name":"wp","href":"https:\/\/api.w.org\/{rel}","templated":true}]}}