{"id":753,"date":"2016-04-18T09:49:13","date_gmt":"2016-04-18T07:49:13","guid":{"rendered":"http:\/\/www.glm-laser.com\/?page_id=753"},"modified":"2020-10-20T14:41:24","modified_gmt":"2020-10-20T12:41:24","slug":"spiegelstereoskope","status":"publish","type":"page","link":"https:\/\/www.glm-laser.com\/glm\/optische-vermessungsinstrumente-3\/zubehoer-2\/zielmittel\/spiegelstereoskope\/","title":{"rendered":"Spiegelstereoskope"},"content":{"rendered":"<h1>Spiegelstereoskope<\/h1>\n<div class=\"section\">\n<p><u><strong>Serie MS27 Spiegelstereoskope<\/strong><\/u><img loading=\"lazy\" decoding=\"async\" class=\"alignright size-full wp-image-1622\" src=\"https:\/\/www.glm-laser.com\/glm\/wp-content\/uploads\/Spiegelstereoskop.jpg\" alt=\"Spiegelstereoskop\" width=\"199\" height=\"111\"><\/p>\n<p>Charakteristische Merkmale:<\/p>\n<ul>\n<li>Spiegelstereoskop zur Betrachtung von Bildpaaren bis Luftbildformat<\/li>\n<li>Sehfeld 18 x 23 cm<\/li>\n<li>Vergr\u00f6\u00dferung 1,8x\/3x\/8x<\/li>\n<li>Basis 27cm<\/li>\n<\/ul>\n<p>Weitere Merkmale:<\/p>\n<ul>\n<li>Standf\u00fc\u00dfe einklappbar<\/li>\n<li>Parallaxenmikrometer PB1 (Teilung 0,05 mm, Sch\u00e4tzung 0,01 mm, Arbeitsbereich 0 bis 50 mm L\u00e4nge 39,5 cm) (optional)<\/li>\n<li>TRA2 Nachf\u00fchreinrichtung (Verschiebebereich 550 mm quer x 450 mm hoch) zum Parallelverschieben des Stereoskops, Parallaxenmikrometer und Kartierstiftes (optional)<\/li>\n<li>LA3 Beleuchtungseinheit f\u00fcr Bild und Messmarken (optional)<\/li>\n<\/ul>\n<p>Lieferumfang:<\/p>\n<ul>\n<li>Stereoskop mit Lupenpaar (1,8x)<\/li>\n<li>Holzkasten<\/li>\n<\/ul>\n<p>Optionales Zubeh\u00f6r:<\/p>\n<ul>\n<li>BN8A; Aufsatzokular f\u00fcr BN3, Vergr\u00f6\u00dferung 8x<\/li>\n<li>BN3; Stereookular; Vergr\u00f6\u00dferung 3x<\/li>\n<li>PB1; Parallaxenmikrometer<\/li>\n<li>TRA2; Nachf\u00fchreinheit (nicht mit LA3)<\/li>\n<li>LA3; Beleuchtung (nicht mit TRA2)\n<div style=\"text-align: left;\" align=\"center\"><\/div>\n<div style=\"text-align: left;\" align=\"center\"><\/div>\n<\/li>\n<\/ul>\n<\/div>\n<div class=\"section\">\n<div style=\"text-align: left;\" align=\"center\"><\/div>\n<div style=\"text-align: left;\" align=\"center\">\n<div class=\"section\">\n<p><img loading=\"lazy\" decoding=\"async\" class=\"size-full wp-image-958 alignleft\" src=\"https:\/\/www.glm-laser.com\/glm\/wp-content\/uploads\/pdf-icon.png\" alt=\"Download PDF\" width=\"38\" height=\"42\"><\/p>\n<p><a href=\"https:\/\/www.glm-laser.com\/glm\/wp-content\/uploads\/sokkia_spiegelstereoskop.pdf\" target=\"_blank\" rel=\"noopener noreferrer\"><br \/>\nProspekt Spiegelstereoskop (374 kB)<\/a><\/p>\n<\/div>\n<div class=\"section\"><\/div>\n<\/div>\n<\/div>\n<div style=\"text-align: left;\" align=\"center\"><\/div>\n<p>&nbsp;<\/p>\n<div style=\"text-align: left;\" align=\"center\">\n<h1>Historische Spiegelstereoskope aus dem Hause Sokkia<\/h1>\n<div class=\"section\">\n<p>Die Spiegelstereoskope der Serie MS16, PS2A und PS4A werden seit Anfang 2013 nicht mehr produziert.<\/p>\n<p><u><strong>Serie MS 16 Spiegelstereoskope<\/strong><\/u><img loading=\"lazy\" decoding=\"async\" class=\"alignright size-full wp-image-1626\" src=\"https:\/\/www.glm-laser.com\/glm\/wp-content\/uploads\/Spiegelstereoskop-MS16-Sokkia.jpg\" alt=\"Spiegelstereoskop-MS16-Sokkia\" width=\"200\" height=\"116\"><\/p>\n<p>Charakteristische Merkmale:<\/p>\n<ul>\n<li>Kleines Spiegelstereoskop zur Betrachtung von Bildpaaren<\/li>\n<li>Sehfeld 10 x 10 cm<\/li>\n<li>Vergr\u00f6\u00dferung 1,5x<\/li>\n<li>Basis 16 cm<\/li>\n<\/ul>\n<p>Weitere Merkmale:<\/p>\n<ul>\n<li>Standf\u00fc\u00dfe einklappbar<\/li>\n<\/ul>\n<p>Lieferumfang:<\/p>\n<ul>\n<li>Stereoskop mit Lupenpaar (1,5x)<\/li>\n<li>Holzkasten<\/li>\n<\/ul>\n<\/div>\n<div class=\"section\">\n<p><u><strong>Taschenstereoskope PS2A und PS4A<\/strong><\/u><img loading=\"lazy\" decoding=\"async\" class=\"alignright size-full wp-image-1625\" src=\"https:\/\/www.glm-laser.com\/glm\/wp-content\/uploads\/Taschenstereoskop-PS2a-PS4a-Sokkia.jpg\" alt=\"Taschenstereoskop-PS2a-PS4a-Sokkia\" width=\"200\" height=\"150\"><\/p>\n<p>Charakteristische Merkmale:<\/p>\n<ul>\n<li>Taschenstereoskop zur Betrachtung von Bildpaaren<\/li>\n<li>Vergr\u00f6\u00dferung 2x (PS2A) oder 4x (PS4A)<\/li>\n<li>Augenabstand verstellbar (56 bis 75 mm)<\/li>\n<\/ul>\n<p>Weitere Merkmale:<\/p>\n<ul>\n<li>Standf\u00fc\u00dfe einklappbar<\/li>\n<\/ul>\n<p>Lieferumfang:<\/p>\n<ul>\n<li>Stereoskop mit Lupenpaar<\/li>\n<li>Kunststoffetui<\/li>\n<\/ul>\n<\/div>\n<\/div>\n<div class=\"section\"><\/div>\n","protected":false},"excerpt":{"rendered":"<p>Spiegelstereoskope Serie MS27 Spiegelstereoskope Charakteristische Merkmale: Spiegelstereoskop zur Betrachtung von Bildpaaren bis Luftbildformat Sehfeld 18 x 23 cm Vergr\u00f6\u00dferung 1,8x\/3x\/8x Basis 27cm Weitere Merkmale: Standf\u00fc\u00dfe einklappbar Parallaxenmikrometer PB1 (Teilung 0,05 mm, Sch\u00e4tzung 0,01 mm, Arbeitsbereich 0 bis 50 mm L\u00e4nge 39,5 cm) (optional) TRA2 Nachf\u00fchreinrichtung (Verschiebebereich 550 mm quer x 450 mm hoch) zum Parallelverschieben [&hellip;]<\/p>\n","protected":false},"author":1,"featured_media":0,"parent":745,"menu_order":6,"comment_status":"closed","ping_status":"closed","template":"page_submenu.php","meta":{"footnotes":""},"class_list":["post-753","page","type-page","status-publish","hentry"],"_links":{"self":[{"href":"https:\/\/www.glm-laser.com\/glm\/wp-json\/wp\/v2\/pages\/753"}],"collection":[{"href":"https:\/\/www.glm-laser.com\/glm\/wp-json\/wp\/v2\/pages"}],"about":[{"href":"https:\/\/www.glm-laser.com\/glm\/wp-json\/wp\/v2\/types\/page"}],"author":[{"embeddable":true,"href":"https:\/\/www.glm-laser.com\/glm\/wp-json\/wp\/v2\/users\/1"}],"replies":[{"embeddable":true,"href":"https:\/\/www.glm-laser.com\/glm\/wp-json\/wp\/v2\/comments?post=753"}],"version-history":[{"count":22,"href":"https:\/\/www.glm-laser.com\/glm\/wp-json\/wp\/v2\/pages\/753\/revisions"}],"predecessor-version":[{"id":6818,"href":"https:\/\/www.glm-laser.com\/glm\/wp-json\/wp\/v2\/pages\/753\/revisions\/6818"}],"up":[{"embeddable":true,"href":"https:\/\/www.glm-laser.com\/glm\/wp-json\/wp\/v2\/pages\/745"}],"wp:attachment":[{"href":"https:\/\/www.glm-laser.com\/glm\/wp-json\/wp\/v2\/media?parent=753"}],"curies":[{"name":"wp","href":"https:\/\/api.w.org\/{rel}","templated":true}]}}