{"id":755,"date":"2016-04-18T09:49:31","date_gmt":"2016-04-18T07:49:31","guid":{"rendered":"http:\/\/www.glm-laser.com\/?page_id=755"},"modified":"2021-07-02T10:27:10","modified_gmt":"2021-07-02T08:27:10","slug":"stative","status":"publish","type":"page","link":"https:\/\/www.glm-laser.com\/glm\/optische-vermessungsinstrumente-3\/zubehoer-2\/stative\/","title":{"rendered":"Stative"},"content":{"rendered":"<p>Den Anforderungen entsprechend haben wir verschiedene Arten und Gr\u00f6\u00dfen von Stativen. Allen Stativen ist gemeinsam, dass sie einen sicheren Stand Ihres Instrumentes gew\u00e4hrleisten.<\/p>\n<h2 class=\"wp-block-heading\"><strong>Industrie Kurbelstative<\/strong><\/h2>\n<div class=\"wp-block-image\">\n<figure class=\"alignright is-resized\"><a href=\"https:\/\/www.glm-laser.com\/glm\/wp-content\/uploads\/MQ331A60-1024x1024.jpg\" class=\"gallery_colorbox\"><img loading=\"lazy\" decoding=\"async\" src=\"https:\/\/www.glm-laser.com\/glm\/wp-content\/uploads\/MQ331A60-1024x1024.jpg\"  alt=\"Industry Tripod\" width=\"270\" height=\"270\"\/><\/a><\/figure>\n<\/div>\n<table class=\"wp-block-table\">\n<tbody>\n<tr>\n<td width=\"100\"><b> Minimum<br \/>H\u00f6he                          <\/b><\/td>\n<td width=\"100\"><b>    Maximum        <br \/> H\u00f6he<\/b><\/td>\n<td width=\"100\"><b>    Stativfu\u00df  <br \/> &nbsp;<\/b><\/td>\n<td><b>             Bestellnummer <br \/> &nbsp;                         <\/b> <\/td>\n<\/tr>\n<tr>\n<td>\n  545mm\n  <\/td>\n<td>\n  935mm\n  <\/td>\n<td>   Rubber Feet <\/td>\n<td>        OMS5102367   <\/td>\n<\/tr>\n<tr>\n<td>\n<\/td>\n<td>\n<\/td>\n<td>   Tripod tips<\/td>\n<td>\n  OMS5102347\n  <\/td>\n<\/tr>\n<tr>\n<td>\n  765mm\n  <\/td>\n<td>\n  1325mm\n  <\/td>\n<td>   Rubber Feet<\/td>\n<td>\n  OMS5102673\n  <\/td>\n<\/tr>\n<tr>\n<td>\n<\/td>\n<td>\n<\/td>\n<td>   Tripod tips<\/td>\n<td>\n  OMS5102670\n  <\/td>\n<\/tr>\n<tr>\n<td>\n  870mm\n  <\/td>\n<td>\n  1900mm\n  <\/td>\n<td>   Rubber Feet<\/td>\n<td>\n  OMS5102723\n  <\/td>\n<\/tr>\n<tr>\n<td>\n<\/td>\n<td>\n<\/td>\n<td>   Tripod tips<\/td>\n<td>\n  OMS5102734\n  <\/td>\n<\/tr>\n<tr>\n<td>\n  1060mm\n  <\/td>\n<td>\n  2370mm\n  <\/td>\n<td>   Rubber Feet<\/td>\n<td>\n  OMS5102720\n  <\/td>\n<\/tr>\n<tr>\n<td>\n<\/td>\n<td>\n<\/td>\n<td>   Tripod tips<\/td>\n<td>\n  OMS5102711\n  <\/td>\n<\/tr>\n<tr>\n<td>\n  1160mm\n  <\/td>\n<td>\n  2520mm\n  <\/td>\n<td>   Rubber Feet<\/td>\n<td>\n  OMS5101160\n  <\/td>\n<\/tr>\n<tr>\n<td>\n<\/td>\n<td>\n<\/td>\n<td>   Tripod tips<\/td>\n<td>\n  OMS5101604\n  <\/td>\n<\/tr>\n<tr>\n<td>\n  1575mm\n  <\/td>\n<td>\n  3310mm\n  <\/td>\n<td>   Rubber Feet<\/td>\n<td>\n  OMS5102077\n  <\/td>\n<\/tr>\n<tr>\n<td>\n<\/td>\n<td>\n<\/td>\n<td>   Tripod tips\/<\/td>\n<td>\n  OMS5102157\n  <\/td>\n<\/tr>\n<tr>\n<td>\n  1880mm\n  <\/td>\n<td>\n  3910mm\n  <\/td>\n<td>   Rubber Feet<\/td>\n<td>\n  OMS5101406\n  <\/td>\n<\/tr>\n<tr>\n<td>\n<\/td>\n<td>\n<\/td>\n<td>   Tripod tips<\/td>\n<td>\n  OMS5102733\n  <\/td>\n<\/tr>\n<\/tbody>\n<\/table>\n<p>Zubeh\u00f6r<\/p>\n<div class=\"wp-block-image\">\n<figure class=\"alignleft is-resized\"><a href=\"https:\/\/www.glm-laser.com\/glm\/wp-content\/uploads\/MQ-201-2.jpg\" class=\"gallery_colorbox\"><img loading=\"lazy\" decoding=\"async\" src=\"https:\/\/www.glm-laser.com\/glm\/wp-content\/uploads\/MQ-201-2-1024x683.jpg\"  alt=\"Tellerfu\u00df Stativ\" class=\"wp-image-6489\" width=\"155\" height=\"102\" srcset=\"https:\/\/www.glm-laser.com\/glm\/wp-content\/uploads\/MQ-201-2-1024x683.jpg 1024w, https:\/\/www.glm-laser.com\/glm\/wp-content\/uploads\/MQ-201-2-300x200.jpg 300w, https:\/\/www.glm-laser.com\/glm\/wp-content\/uploads\/MQ-201-2-768x512.jpg 768w\" sizes=\"(max-width: 155px) 100vw, 155px\" \/><\/a><figcaption>Tellerfu\u00df <\/figcaption><\/figure>\n<\/div>\n<div class=\"wp-block-image\">\n<figure class=\"alignleft is-resized\"><a href=\"https:\/\/www.glm-laser.com\/glm\/wp-content\/uploads\/MQ-206-2.jpg\" class=\"gallery_colorbox\"><img loading=\"lazy\" decoding=\"async\" src=\"https:\/\/www.glm-laser.com\/glm\/wp-content\/uploads\/MQ-206-2-1024x622.jpg\"  alt=\"Stativteller\" class=\"wp-image-6491\" width=\"140\" height=\"86\" srcset=\"https:\/\/www.glm-laser.com\/glm\/wp-content\/uploads\/MQ-206-2-1024x622.jpg 1024w, https:\/\/www.glm-laser.com\/glm\/wp-content\/uploads\/MQ-206-2-300x182.jpg 300w, https:\/\/www.glm-laser.com\/glm\/wp-content\/uploads\/MQ-206-2-768x467.jpg 768w\" sizes=\"(max-width: 140px) 100vw, 140px\" \/><\/a><figcaption>Stativteller<\/figcaption><\/figure>\n<\/div>\n<figure class=\"wp-block-image is-resized\"><a href=\"https:\/\/www.glm-laser.com\/glm\/wp-content\/uploads\/MQ-202-1.jpg\" class=\"gallery_colorbox\"><img loading=\"lazy\" decoding=\"async\" src=\"https:\/\/www.glm-laser.com\/glm\/wp-content\/uploads\/MQ-202-1-1024x969.jpg\"  alt=\"Stativspitze\" class=\"wp-image-6494\" width=\"110\" height=\"105\" srcset=\"https:\/\/www.glm-laser.com\/glm\/wp-content\/uploads\/MQ-202-1-1024x969.jpg 1024w, https:\/\/www.glm-laser.com\/glm\/wp-content\/uploads\/MQ-202-1-300x284.jpg 300w, https:\/\/www.glm-laser.com\/glm\/wp-content\/uploads\/MQ-202-1-768x726.jpg 768w\" sizes=\"(max-width: 110px) 100vw, 110px\" \/><\/a><figcaption>Stativspitze<\/figcaption><\/figure>\n<p>\n<br \/> &nbsp;\n<\/p>\n<h2 class=\"wp-block-heading\"><strong>Schweres  Holzstativ&nbsp; <\/strong><\/h2>\n<div class=\"wp-block-image\">\n<figure class=\"alignright is-resized\"><a href=\"https:\/\/www.glm-laser.com\/glm\/wp-content\/uploads\/200533-298_grau-519x1024.jpg\" class=\"gallery_colorbox\"><img loading=\"lazy\" decoding=\"async\" src=\"https:\/\/www.glm-laser.com\/glm\/wp-content\/uploads\/200533-298_grau-519x1024.jpg\"  alt=\"PFW-GLM\" width=\"104\" height=\"205\"\/><\/a><\/figure>\n<\/div>\n<p>Das schwere Holzstativ eignet sich besonders f\u00fcr Totalstationen, Tachymeter, Roboterstationen und Digitalnivelliere.<\/p>\n<p>Der Vorteil eines Holzstativs gegen\u00fcber einem Aluminiumstativ ist die geringere Ausdehnung bei W\u00e4rmeeinwirkung. Zudem hat Holz schwingungsd\u00e4mpfende Eigenschaften und ist daher weniger empfindlich gegen Vibrationen. Zudem ist Holz ein robustes und stabiles Material und garantiert auch unter rauen Bedingungen eine hohe Stabilit\u00e4t.<\/p>\n<p><strong>Bestellnummer<\/strong> OMS5102527 <\/p>\n<p>\n<br \/> &nbsp;\n<\/p>\n<p>Stativsicherung<\/p>\n<div class=\"wp-block-image\">\n<figure class=\"alignright is-resized\"><a href=\"https:\/\/www.glm-laser.com\/glm\/wp-content\/uploads\/spinne-Kopie-1024x427.jpg\" class=\"gallery_colorbox\"><img loading=\"lazy\" decoding=\"async\" src=\"https:\/\/www.glm-laser.com\/glm\/wp-content\/uploads\/spinne-Kopie-1024x427.jpg\"  alt=\"spider\" width=\"249\" height=\"103\"\/><\/a><\/figure>\n<\/div>\n<p>Dies ist eine Art Stern. Er wird verwendet, wenn es keine M\u00f6glichkeit gibt, die Stativbeine durch Eintreten im Boden zu fixieren. Dies geschieht, sobald Sie eine Vermessung in einer Halle mit Betonboden (oder \u00e4hnlichem) durchf\u00fchren. Deshalb ist es f\u00fcr eine stabile Instrumentenposition unerl\u00e4sslich.<\/p>\n<p><strong>Bestellnummer<\/strong>   OMS5101025  <\/p>\n<p>Ben\u00f6tigen Sie weiteres Zubeh\u00f6r? Dann schauen Sie auf unser umfangreiches Angebot, indem Sie <a href=\"https:\/\/www.glm-laser.com\/glm\/optische-vermessungsinstrumente-2\/zubehoer-2\/\"><strong>hier klicken<\/strong><\/a><\/p>\n","protected":false},"excerpt":{"rendered":"<p>Den Anforderungen entsprechend haben wir verschiedene Arten und Gr\u00f6\u00dfen von Stativen. Allen Stativen ist gemeinsam, dass sie einen sicheren Stand Ihres Instrumentes gew\u00e4hrleisten. Industrie Kurbelstative MinimumH\u00f6he Maximum H\u00f6he Stativfu\u00df &nbsp; Bestellnummer &nbsp; 545mm 935mm Rubber Feet OMS5102367 Tripod tips OMS5102347 765mm 1325mm Rubber Feet OMS5102673 Tripod tips OMS5102670 870mm 1900mm Rubber Feet OMS5102723 Tripod tips [&hellip;]<\/p>\n","protected":false},"author":1,"featured_media":0,"parent":703,"menu_order":14,"comment_status":"closed","ping_status":"closed","template":"page_submenu.php","meta":{"footnotes":""},"class_list":["post-755","page","type-page","status-publish","hentry"],"_links":{"self":[{"href":"https:\/\/www.glm-laser.com\/glm\/wp-json\/wp\/v2\/pages\/755"}],"collection":[{"href":"https:\/\/www.glm-laser.com\/glm\/wp-json\/wp\/v2\/pages"}],"about":[{"href":"https:\/\/www.glm-laser.com\/glm\/wp-json\/wp\/v2\/types\/page"}],"author":[{"embeddable":true,"href":"https:\/\/www.glm-laser.com\/glm\/wp-json\/wp\/v2\/users\/1"}],"replies":[{"embeddable":true,"href":"https:\/\/www.glm-laser.com\/glm\/wp-json\/wp\/v2\/comments?post=755"}],"version-history":[{"count":45,"href":"https:\/\/www.glm-laser.com\/glm\/wp-json\/wp\/v2\/pages\/755\/revisions"}],"predecessor-version":[{"id":9811,"href":"https:\/\/www.glm-laser.com\/glm\/wp-json\/wp\/v2\/pages\/755\/revisions\/9811"}],"up":[{"embeddable":true,"href":"https:\/\/www.glm-laser.com\/glm\/wp-json\/wp\/v2\/pages\/703"}],"wp:attachment":[{"href":"https:\/\/www.glm-laser.com\/glm\/wp-json\/wp\/v2\/media?parent=755"}],"curies":[{"name":"wp","href":"https:\/\/api.w.org\/{rel}","templated":true}]}}