{"id":759,"date":"2016-04-18T09:50:22","date_gmt":"2016-04-18T07:50:22","guid":{"rendered":"http:\/\/www.glm-laser.com\/?page_id=759"},"modified":"2020-10-22T12:41:24","modified_gmt":"2020-10-22T10:41:24","slug":"mesa-feldrechner","status":"publish","type":"page","link":"https:\/\/www.glm-laser.com\/glm\/optische-vermessungsinstrumente-3\/handrechner\/mesa-feldrechner\/","title":{"rendered":"Mesa Feldrechner"},"content":{"rendered":"<h1>Der elektronische Feldrechner (Feld PC) Mesa<\/h1>\n<div class=\"section\">\n<p align=\"justify\"><img loading=\"lazy\" decoding=\"async\" class=\"alignright size-full wp-image-1242\" src=\"https:\/\/www.glm-laser.com\/glm\/wp-content\/uploads\/feldrechner-vermessung-2.jpg\" alt=\"feldrechner-vermessung-2\" width=\"200\" height=\"192\" \/><br \/>\nDer\u00a0elektronische Feldrechner\u00a0Mesa (Field PC) wird seit 2013 als Alternative zum\u00a0Archer2\u00a0angeboten. Dieser Pocket PC erf\u00fcllt die Anforderungen aller geforderten Spezifikationen, ausgerichtet auf die Widerstandsf\u00e4higkeit elektronischer Ger\u00e4te unter erschwerten Umwelteinfl\u00fcssen. Hierzu z\u00e4hlen unter anderem die Wasser- und Staubschutzklassifizierung\u00a0<a title=\"IP Vermessungsinstrumente\" href=\"https:\/\/www.glm-laser.com\/glm\/optische-vermessungsinstrumente-2\/ip-schutzartbezeichnung\/\">IP67<\/a>. Der Mesa ist durch seine Bauart bestens gegen Schl\u00e4ge, St\u00fcrze und Vibrationen gesch\u00fctzt. Weiter ist dieser Feldrechner \u00e4u\u00dferst robust gegen\u00fcber hoher Luftfeuchtigkeit und hohen Umgebungstemperaturen (-30\u00b0C bis + 60\u00b0C). Diese und weitere Eigenschaften qualifizieren den Mesa als einen zuverl\u00e4ssigen Begleiter.<\/p>\n<p align=\"justify\"><strong>Auszug aus den technischen Daten des Feldrechners Mesa:<\/strong><\/p>\n<div align=\"justify\">\n<ul type=\"disc\">\n<li>256 MB interner Speicher<\/li>\n<li>4 GB Flash Storage<\/li>\n<li>806Mhz PXA320 Prozessor<\/li>\n<li>862 gram leicht und handlich\u00a0(136 x 200 x 51 mm)<\/li>\n<li>Bildschirmgr\u00f6\u00dfe 5,7&#8243; (Bilddiagonale von 145 mm)<\/li>\n<li>Touchscreen<\/li>\n<li>Microsoft Windows Mobile 6.5<\/li>\n<li>SD\/SDHG Steckplatz (Kartenslot)<\/li>\n<li>Betriebssystem in mehreren Sprachen verf\u00fcgbar<\/li>\n<li>Bis zu 16 Stunden Betriebszeit, bei einer Ladezeit von 2 bis 4 Stunden<\/li>\n<li>Schnittstellen\n<ul type=\"circle\">\n<li>COM1, RS-232C 9-pin (Serielle Schnittstelle),<\/li>\n<li>USB Host (Full A), USB Client (Mini B)<\/li>\n<li>Wi-Fi\u00ae Bluetooth\u00ae drahtlose Daten\u00fcbertragung<\/li>\n<\/ul>\n<\/li>\n<\/ul>\n<\/div>\n<p align=\"justify\">Der h\u00e4lt was aus. Sehen Sie dieses Video:<\/p>\n<p align=\"justify\"><a href=\"https:\/\/www.youtube.com\/watch?v=h77GYFzgU7Q\" target=\"_blank\" rel=\"noopener noreferrer\"><img loading=\"lazy\" decoding=\"async\" class=\"alignnone size-full wp-image-1250\" src=\"https:\/\/www.glm-laser.com\/glm\/wp-content\/uploads\/mesa-water-1.jpg.jpg\" alt=\"Feldrechner-wasserdicht\" width=\"300\" height=\"300\" srcset=\"https:\/\/www.glm-laser.com\/glm\/wp-content\/uploads\/mesa-water-1.jpg.jpg 300w, https:\/\/www.glm-laser.com\/glm\/wp-content\/uploads\/mesa-water-1.jpg-150x150.jpg 150w\" sizes=\"(max-width: 300px) 100vw, 300px\" \/><\/a><\/p>\n<p><a href=\"https:\/\/www.youtube.com\/watch?v=h77GYFzgU7Q\">Torture Test Montage<\/a><\/p>\n<p align=\"justify\">Haben Sie weitere Fragen oder w\u00fcnschen ein Angebot? <a href=\"https:\/\/www.glm-laser.com\/kontakt\/\">Rufen Sie einfach an oder schreiben uns eine E-Mail<\/a>, wir beraten Sie gerne.<\/p>\n<\/div>\n","protected":false},"excerpt":{"rendered":"<p>Der elektronische Feldrechner (Feld PC) Mesa Der\u00a0elektronische Feldrechner\u00a0Mesa (Field PC) wird seit 2013 als Alternative zum\u00a0Archer2\u00a0angeboten. Dieser Pocket PC erf\u00fcllt die Anforderungen aller geforderten Spezifikationen, ausgerichtet auf die Widerstandsf\u00e4higkeit elektronischer Ger\u00e4te unter erschwerten Umwelteinfl\u00fcssen. Hierzu z\u00e4hlen unter anderem die Wasser- und Staubschutzklassifizierung\u00a0IP67. Der Mesa ist durch seine Bauart bestens gegen Schl\u00e4ge, St\u00fcrze und Vibrationen gesch\u00fctzt. [&hellip;]<\/p>\n","protected":false},"author":1,"featured_media":0,"parent":743,"menu_order":1,"comment_status":"closed","ping_status":"closed","template":"page_submenu.php","meta":{"footnotes":""},"class_list":["post-759","page","type-page","status-publish","hentry"],"_links":{"self":[{"href":"https:\/\/www.glm-laser.com\/glm\/wp-json\/wp\/v2\/pages\/759"}],"collection":[{"href":"https:\/\/www.glm-laser.com\/glm\/wp-json\/wp\/v2\/pages"}],"about":[{"href":"https:\/\/www.glm-laser.com\/glm\/wp-json\/wp\/v2\/types\/page"}],"author":[{"embeddable":true,"href":"https:\/\/www.glm-laser.com\/glm\/wp-json\/wp\/v2\/users\/1"}],"replies":[{"embeddable":true,"href":"https:\/\/www.glm-laser.com\/glm\/wp-json\/wp\/v2\/comments?post=759"}],"version-history":[{"count":5,"href":"https:\/\/www.glm-laser.com\/glm\/wp-json\/wp\/v2\/pages\/759\/revisions"}],"predecessor-version":[{"id":7126,"href":"https:\/\/www.glm-laser.com\/glm\/wp-json\/wp\/v2\/pages\/759\/revisions\/7126"}],"up":[{"embeddable":true,"href":"https:\/\/www.glm-laser.com\/glm\/wp-json\/wp\/v2\/pages\/743"}],"wp:attachment":[{"href":"https:\/\/www.glm-laser.com\/glm\/wp-json\/wp\/v2\/media?parent=759"}],"curies":[{"name":"wp","href":"https:\/\/api.w.org\/{rel}","templated":true}]}}