{"id":761,"date":"2016-04-18T09:50:41","date_gmt":"2016-04-18T07:50:41","guid":{"rendered":"http:\/\/www.glm-laser.com\/?page_id=761"},"modified":"2021-11-03T09:59:38","modified_gmt":"2021-11-03T08:59:38","slug":"archer2-feldrechner","status":"publish","type":"page","link":"https:\/\/www.glm-laser.com\/glm\/optische-vermessungsinstrumente-3\/handrechner\/archer2-feldrechner\/","title":{"rendered":"Archer2 Feldrechner"},"content":{"rendered":"<div class=\"wp-block-image\">\n<figure class=\"alignright\"><a href=\"https:\/\/www.glm-laser.com\/glm\/wp-content\/uploads\/feldrechner-archer.jpg\" class=\"gallery_colorbox\"><img loading=\"lazy\" decoding=\"async\" width=\"249\" height=\"338\" src=\"https:\/\/www.glm-laser.com\/glm\/wp-content\/uploads\/feldrechner-archer.jpg\"  alt=\"Archer\u00b2 Feldrechner\" class=\"wp-image-1254\" srcset=\"https:\/\/www.glm-laser.com\/glm\/wp-content\/uploads\/feldrechner-archer.jpg 249w, https:\/\/www.glm-laser.com\/glm\/wp-content\/uploads\/feldrechner-archer-221x300.jpg 221w\" sizes=\"(max-width: 249px) 100vw, 249px\" \/><\/a><\/figure>\n<\/div>\n<h1>Der elektronische Feldrechner (Feld PC) Archer2<\/h1>\n<div class=\"section\">\n<p align=\"justify\">Der\u00a0elektronische Feldrechner\u00a0Archer2 (Field PC) hat 2014 den\u00a0Archer\u00a0als Hardware abgel\u00f6st. Dieser Pocket PC erf\u00fcllt die Anforderungen aller geforderten Spezifikationen, bez\u00fcglich Widerstandsf\u00e4higkeit elektronischer Ger\u00e4te unter erschwerten Umwelteinfl\u00fcssen. Hierzu z\u00e4hlen unter anderem die Wasser- und Staubschutzklassifizierung\u00a0<a title=\"IP Vermessungsinstrumente\" href=\"https:\/\/www.glm-laser.com\/glm\/optische-vermessungsinstrumente-2\/ip-schutzartbezeichnung\/\">IP68<\/a>. Der Archer2 ist durch seine Bauart bestens gegen Schl\u00e4ge, St\u00fcrze und Vibrationen gesch\u00fctzt. Weiter ist dieser Feldrechner \u00e4u\u00dferst robust gegen\u00fcber hoher Luftfeuchtigkeit und hohen Umgebungstemperaturen (-30\u00b0C bis + 60\u00b0C). Diese und weitere Eigenschaften qualifizieren den Archer2 als ein zuverl\u00e4ssigen Begleiter.<\/p>\n<p align=\"justify\"><strong>Auszug aus den technischen Daten des Feldrechners Archer2:<\/strong><\/p>\n<div align=\"justify\">\n<ul type=\"disc\">\n<li>512 MB interner Speicher<\/li>\n<li>8GB flash storage<\/li>\n<li>590 gram leicht und handlich\u00a0(91 x 184 x 38 mm)<\/li>\n<li>Bildschirmgr\u00f6\u00dfe 4,3&#8243; (Bilddiagonale von 109 mm)<\/li>\n<li>Numerische Tastatur mit 6 frei belegbaren Tasten, Touchscreen<\/li>\n<li>Microsoft Windows Mobile 6.5<\/li>\n<li>Mikro SD\/SDHC Steckplatz (Kartenslot)<\/li>\n<li>Betriebssystem in mehreren Sprachen verf\u00fcgbar<\/li>\n<li>Bis zu 20 Stunden Betriebszeit, bei einer Ladezeit von 2 bis 4 Stunden<\/li>\n<li>Schnittstellen\n<ul type=\"circle\">\n<li>COM1, RS-232C 9-pin (Serielle Schnittstelle),<\/li>\n<li>USB Host (Full A), USB Client (Mini B)<\/li>\n<li>Wi-Fi\u00ae Bluetooth\u00ae drahtlose Daten\u00fcbertragung<\/li>\n<\/ul>\n<\/li>\n<\/ul>\n<\/div>\n<p align=\"justify\">Seit 2014 wird diese Hardware von GLM Laserme\u00dftechnik verwendet um 3D-Vermessungssoftware (3-DIM Observer,\u00a0<a title=\"SurvCE\" href=\"https:\/\/www.glm-laser.com\/glm\/software-2\/poket-pc\/survce\/\" class=\"broken_link\">SurvCE 3.X<\/a>\u00a0und Magnet Field) erfolgreich unter den schwierigsten Bedingungen zu nutzen.<\/p>\n<p align=\"justify\">Der h\u00e4lt was aus. Sehen Sie dieses Video:<\/p>\n<p align=\"justify\"><a href=\"https:\/\/www.youtube.com\/watch?v=QJw2UEIosmc\" target=\"_blank\" rel=\"noopener noreferrer\"><img loading=\"lazy\" decoding=\"async\" class=\"alignnone size-full wp-image-1253\" src=\"https:\/\/www.glm-laser.com\/glm\/wp-content\/uploads\/archer-2-water.jpg\" alt=\"Archer-feldrechner-wasserdicht\" width=\"300\" height=\"300\" \/><\/a><\/p>\n<p align=\"justify\"><a href=\"https:\/\/www.youtube.com\/watch?v=QJw2UEIosmc\">Archer2 Smackdown<\/a><\/p>\n<\/div>\n<p align=\"justify\"><a title=\"Gebrauchanleitung Feldrechner Archer2\" href=\"http:\/\/www.junipersys.com\/Juniper-Systems-Rugged-Handheld-Computers\/support\/Documentation\/Archer-2\" target=\"_blank\" rel=\"noopener noreferrer\">&#8211; Gebrauchsanleitung Archer2 &#8211;<\/a><\/p>\n<p align=\"justify\">Haben Sie weitere Fragen oder\/und w\u00fcnschen Sie mehr Information bzw. ein Angebot?\u00a0<a href=\"https:\/\/www.glm-laser.com\/kontakt\/\">Rufen Sie einfach \u00a0an oder schreiben uns eine E-Mail<\/a>, wir beraten Sie gerne.<\/p>\n<h2 class=\"wp-block-heading\"><\/h2>\n","protected":false},"excerpt":{"rendered":"<p>Der elektronische Feldrechner (Feld PC) Archer2 Der\u00a0elektronische Feldrechner\u00a0Archer2 (Field PC) hat 2014 den\u00a0Archer\u00a0als Hardware abgel\u00f6st. Dieser Pocket PC erf\u00fcllt die Anforderungen aller geforderten Spezifikationen, bez\u00fcglich Widerstandsf\u00e4higkeit elektronischer Ger\u00e4te unter erschwerten Umwelteinfl\u00fcssen. Hierzu z\u00e4hlen unter anderem die Wasser- und Staubschutzklassifizierung\u00a0IP68. Der Archer2 ist durch seine Bauart bestens gegen Schl\u00e4ge, St\u00fcrze und Vibrationen gesch\u00fctzt. Weiter ist dieser [&hellip;]<\/p>\n","protected":false},"author":1,"featured_media":0,"parent":743,"menu_order":1,"comment_status":"closed","ping_status":"closed","template":"page_submenu.php","meta":{"footnotes":""},"class_list":["post-761","page","type-page","status-publish","hentry"],"_links":{"self":[{"href":"https:\/\/www.glm-laser.com\/glm\/wp-json\/wp\/v2\/pages\/761"}],"collection":[{"href":"https:\/\/www.glm-laser.com\/glm\/wp-json\/wp\/v2\/pages"}],"about":[{"href":"https:\/\/www.glm-laser.com\/glm\/wp-json\/wp\/v2\/types\/page"}],"author":[{"embeddable":true,"href":"https:\/\/www.glm-laser.com\/glm\/wp-json\/wp\/v2\/users\/1"}],"replies":[{"embeddable":true,"href":"https:\/\/www.glm-laser.com\/glm\/wp-json\/wp\/v2\/comments?post=761"}],"version-history":[{"count":12,"href":"https:\/\/www.glm-laser.com\/glm\/wp-json\/wp\/v2\/pages\/761\/revisions"}],"predecessor-version":[{"id":10008,"href":"https:\/\/www.glm-laser.com\/glm\/wp-json\/wp\/v2\/pages\/761\/revisions\/10008"}],"up":[{"embeddable":true,"href":"https:\/\/www.glm-laser.com\/glm\/wp-json\/wp\/v2\/pages\/743"}],"wp:attachment":[{"href":"https:\/\/www.glm-laser.com\/glm\/wp-json\/wp\/v2\/media?parent=761"}],"curies":[{"name":"wp","href":"https:\/\/api.w.org\/{rel}","templated":true}]}}