{"id":763,"date":"2016-04-18T09:52:04","date_gmt":"2016-04-18T07:52:04","guid":{"rendered":"http:\/\/www.glm-laser.com\/?page_id=763"},"modified":"2020-11-10T12:07:53","modified_gmt":"2020-11-10T11:07:53","slug":"absteckadapter","status":"publish","type":"page","link":"https:\/\/www.glm-laser.com\/glm\/optische-vermessungsinstrumente-3\/zubehoer-2\/absteckadapter\/","title":{"rendered":"Absteckadapter"},"content":{"rendered":"<h1>Absteckadapter aus dem Hause GLM<\/h1>\n<div class=\"section\">\n<p align=\"justify\"><img loading=\"lazy\" decoding=\"async\" class=\"wp-image-6820  alignright\" src=\"https:\/\/www.glm-laser.com\/glm\/wp-content\/uploads\/Absteck_Titan-Kopie-300x243.jpg\" alt=\"Absteckadapter zum Anrei\u00dfen f\u00fcr Tachymeter\" width=\"211\" height=\"171\" srcset=\"https:\/\/www.glm-laser.com\/glm\/wp-content\/uploads\/Absteck_Titan-Kopie-300x243.jpg 300w, https:\/\/www.glm-laser.com\/glm\/wp-content\/uploads\/Absteck_Titan-Kopie-768x622.jpg 768w, https:\/\/www.glm-laser.com\/glm\/wp-content\/uploads\/Absteck_Titan-Kopie-1024x829.jpg 1024w, https:\/\/www.glm-laser.com\/glm\/wp-content\/uploads\/Absteck_Titan-Kopie.jpg 1418w\" sizes=\"(max-width: 211px) 100vw, 211px\" \/><br \/>\nGLM pr\u00e4sentiert zwei v\u00f6llig neue Zielmitteladapter zum Abstecken von Koordinaten im Submillimeter-Bereich. Mit GLMs\u00a0<a href=\"https:\/\/www.glm-laser.com\/glm\/ueber-glm\/3d-messsysteme\/\">3D-Messsystemen<\/a>\u00a0sind Ergebnisse im 1\/10 mm-Bereich zu erwarten. Aber wie bekommt man diese hohen Genauigkeiten zum Beispiel beim Abstecken eines Maschinenbetts in die Realit\u00e4t umgesetzt?<\/p>\n<p align=\"justify\">Ohne geeignete Absteckadapter w\u00fcrde man sehr viel Genauigkeit verlieren. Unser &#8222;Absteckadapter_Titan&#8220; eignet sich hervorragend zum Abstecken von Punkten am Boden oder auch an Objekten. Durch den starken Haftmagneten, der die <a title=\"Messkugel bsk\" href=\"https:\/\/www.glm-laser.com\/glm\/optische-vermessungsinstrumente-3\/zubehoer-2\/kugelprismen\/tbr-tooling-ball-reflector\/\">TBR<\/a>\u00a0bzw.\u00a0SMR\u00a0h\u00e4lt, kann man sogar \u00fcberkopf arbeiten. Nachdem die exakte Position gefunden wurde kann der Anwender nun bequem anzeichnen bzw. anreissen.<\/p>\n<div align=\"justify\">\n<div align=\"justify\"><img loading=\"lazy\" decoding=\"async\" class=\"alignleft size-full wp-image-1282\" src=\"https:\/\/www.glm-laser.com\/glm\/wp-content\/uploads\/absteckadapter-koerner-2.jpg\" alt=\"absteckadapter-koerner-2\" width=\"200\" height=\"150\" \/><\/div>\n<p>E<img loading=\"lazy\" decoding=\"async\" class=\"alignright size-full wp-image-1281\" src=\"https:\/\/www.glm-laser.com\/glm\/wp-content\/uploads\/absteckadapter-koerner.jpg\" alt=\"absteckadapter-koerner\" width=\"150\" height=\"143\" \/>ine weitere Neuentwicklung ist der &#8222;Absteckadapter_K\u00f6rner&#8220;. Dieser Adapter eignet sich besonders zum Abstecken von Bodenpunkten. Ist die Koordinate durch Schieben des Adapters erreicht, gen\u00fcgt ein kleiner Schlag mit einem Hammer. Der geh\u00e4rtete K\u00f6rner hinterl\u00e4sst eine punktgenaue Markierung. Schneller als mit diesem Hilfsmittel lassen sich Punkte nicht bestimmen!<\/p>\n<\/div>\n<\/div>\n<p>W\u00fcnschen Sie weitere Informationen \u00fcber die Zielmittel oder m\u00f6chten Sie ein Angebot bekommen? Dann schreiben Sie einfach\u00a0eine\u00a0<a href=\"mailto:vertrieb@glm-laser.de\">E-Mail<\/a>.<\/p>\n<p>Ben\u00f6tigen Sie weiteres Zubeh\u00f6r? Dann schauen Sie auf unser umfangreiches Angebot, indem Sie <a href=\"https:\/\/www.glm-laser.com\/glm\/optische-vermessungsinstrumente-2\/zubehoer-2\/\"><strong>hier klicken<\/strong><\/a><\/p>\n<div class=\"section\">\n<div align=\"justify\">\n<p><img loading=\"lazy\" decoding=\"async\" class=\"alignleft size-full wp-image-958\" src=\"https:\/\/www.glm-laser.com\/glm\/wp-content\/uploads\/pdf-icon.png\" alt=\"Download PDF\" width=\"38\" height=\"42\" \/><\/p>\n<p><a href=\"https:\/\/www.glm-laser.com\/glm\/wp-content\/uploads\/absteckadapter.pdf\" target=\"_blank\" rel=\"noopener noreferrer\">Prospekt Absteckadapter (642 kB)<br \/>\n<\/a><a href=\"https:\/\/www.glm-laser.com\/glm\/wp-content\/uploads\/zubeh__r_zielmarkenkatalog_low_res.pdf\" target=\"_blank\" rel=\"noopener noreferrer\">Zielmarkenkatalog (1 MB)<\/a><\/p>\n<\/div>\n<\/div>\n","protected":false},"excerpt":{"rendered":"<p>Absteckadapter aus dem Hause GLM GLM pr\u00e4sentiert zwei v\u00f6llig neue Zielmitteladapter zum Abstecken von Koordinaten im Submillimeter-Bereich. Mit GLMs\u00a03D-Messsystemen\u00a0sind Ergebnisse im 1\/10 mm-Bereich zu erwarten. Aber wie bekommt man diese hohen Genauigkeiten zum Beispiel beim Abstecken eines Maschinenbetts in die Realit\u00e4t umgesetzt? Ohne geeignete Absteckadapter w\u00fcrde man sehr viel Genauigkeit verlieren. Unser &#8222;Absteckadapter_Titan&#8220; eignet sich [&hellip;]<\/p>\n","protected":false},"author":1,"featured_media":0,"parent":703,"menu_order":7,"comment_status":"closed","ping_status":"closed","template":"page_submenu.php","meta":{"footnotes":""},"class_list":["post-763","page","type-page","status-publish","hentry"],"_links":{"self":[{"href":"https:\/\/www.glm-laser.com\/glm\/wp-json\/wp\/v2\/pages\/763"}],"collection":[{"href":"https:\/\/www.glm-laser.com\/glm\/wp-json\/wp\/v2\/pages"}],"about":[{"href":"https:\/\/www.glm-laser.com\/glm\/wp-json\/wp\/v2\/types\/page"}],"author":[{"embeddable":true,"href":"https:\/\/www.glm-laser.com\/glm\/wp-json\/wp\/v2\/users\/1"}],"replies":[{"embeddable":true,"href":"https:\/\/www.glm-laser.com\/glm\/wp-json\/wp\/v2\/comments?post=763"}],"version-history":[{"count":19,"href":"https:\/\/www.glm-laser.com\/glm\/wp-json\/wp\/v2\/pages\/763\/revisions"}],"predecessor-version":[{"id":9666,"href":"https:\/\/www.glm-laser.com\/glm\/wp-json\/wp\/v2\/pages\/763\/revisions\/9666"}],"up":[{"embeddable":true,"href":"https:\/\/www.glm-laser.com\/glm\/wp-json\/wp\/v2\/pages\/703"}],"wp:attachment":[{"href":"https:\/\/www.glm-laser.com\/glm\/wp-json\/wp\/v2\/media?parent=763"}],"curies":[{"name":"wp","href":"https:\/\/api.w.org\/{rel}","templated":true}]}}