{"id":767,"date":"2016-04-18T09:52:37","date_gmt":"2016-04-18T07:52:37","guid":{"rendered":"http:\/\/www.glm-laser.com\/?page_id=767"},"modified":"2020-10-21T14:46:17","modified_gmt":"2020-10-21T12:46:17","slug":"adapter-fuer-messbohrungen","status":"publish","type":"page","link":"https:\/\/www.glm-laser.com\/glm\/optische-vermessungsinstrumente-3\/zubehoer-2\/adapter-fuer-messbohrungen\/","title":{"rendered":"Adapter f\u00fcr Bohrungen"},"content":{"rendered":"<p><!--StartFragment--><\/p>\n<h1 class=\"wp-block-heading\">Adapter f\u00fcr Messbohrungen<\/h1>\n<h2 class=\"wp-block-heading\"><strong>Kugeladapter<\/strong><\/h2>\n<div class=\"wp-block-image\">\n<figure class=\"alignright is-resized\"><a href=\"https:\/\/www.glm-laser.com\/glm\/wp-content\/uploads\/KugAd-Kopie.jpg\" class=\"gallery_colorbox\"><img loading=\"lazy\" decoding=\"async\" src=\"https:\/\/www.glm-laser.com\/glm\/wp-content\/uploads\/KugAd-Kopie-1024x423.jpg\"  alt=\"Adapter for measuring bores\" class=\"wp-image-6921\" width=\"169\" height=\"69\" srcset=\"https:\/\/www.glm-laser.com\/glm\/wp-content\/uploads\/KugAd-Kopie-1024x423.jpg 1024w, https:\/\/www.glm-laser.com\/glm\/wp-content\/uploads\/KugAd-Kopie-300x124.jpg 300w, https:\/\/www.glm-laser.com\/glm\/wp-content\/uploads\/KugAd-Kopie-768x317.jpg 768w, https:\/\/www.glm-laser.com\/glm\/wp-content\/uploads\/KugAd-Kopie.jpg 1655w\" sizes=\"(max-width: 169px) 100vw, 169px\" \/><\/a><\/figure>\n<\/div>\n<p>Kugeladapter f\u00fcr Bohrungen mit Haltevorrichtung f\u00fcr AudiZ8 und DZAudiZ8 <\/p>\n<table width=\"450\" cellspacing=\"0\" cellpadding=\"0\" border=\"0\">\n<colgroup>\n<col width=\"206\">\n<col width=\"80\">\n<col width=\"173\"><\/colgroup>\n<tbody>\n<tr>\n<td width=\"410\" height=\"20\" align=\"left\"><strong>Beschreibung<\/strong><\/td>\n<td width=\"790\" align=\"left\"><strong>Bohrungsdurchmesser<\/strong><\/td>\n<td width=\"350\" align=\"left\"><strong>Bestellnr.<\/strong>\n<\/td>\n<\/tr\n\n\n<tr>\n<td width=\"410\" height=\"20\" align=\"left\">KugAd30<\/td>\n<td width=\"790\" align=\"left\"> 20 &#8211; 30 mm <\/td>\n<td width=\"350\" align=\"left\">OMS5100703\n<\/td>\n<\/tr>\n<tr>\n<td width=\"410\" height=\"20\" align=\"left\">KugAd5<\/td>\n<td width=\"790\" align=\"left\"> 25 &#8211; 50 mm <\/td>\n<td width=\"350\" align=\"left\">OMS5101241\n<\/td>\n<\/tr>\n<tr>\n<td width=\"410\" height=\"20\" align=\"left\">KugAd60<\/td>\n<td width=\"790\" align=\"left\"> 45 &#8211; 65 mm <\/td>\n<td width=\"350\" align=\"left\">OMS5101232<\/td>\n<\/tr>\n<tr>\n<td width=\"410\" height=\"20\" align=\"left\">KugAd70<\/td>\n<td width=\"790\" align=\"left\"> 60 &#8211; 80 mm <\/td>\n<td width=\"350\" align=\"left\">OMS5101242\n<\/td>\n<\/tr>\n<tr>\n<td width=\"410\" height=\"20\" align=\"left\">KugAd85<\/td>\n<td width=\"790\" align=\"left\"> 75 &#8211; 100 mm <\/td>\n<td width=\"350\" align=\"left\">OMS5100685\n<\/td>\n<\/tr>\n<tr>\n<td width=\"410\" height=\"20\" align=\"left\">KugAd100<\/td>\n<td width=\"790\" align=\"left\"> 95 &#8211; 110 mm <\/td>\n<td width=\"350\" align=\"left\">OMS5100488\n<\/td>\n<\/tr>\n<tr>\n<td width=\"410\" height=\"20\" align=\"left\">KugAd130<\/td>\n<td width=\"790\" align=\"left\"> 100 &#8211; 130 mm <\/td>\n<td width=\"350\" align=\"left\">OMS5100790\n<\/td>\n<\/tr>\n<\/tbody>\n<\/table>\n<div class=\"wp-block-image\">\n<figure class=\"alignright is-resized\"><a href=\"https:\/\/www.glm-laser.com\/glm\/wp-content\/uploads\/KugAd_mit_Pin-Kopie.jpg\" class=\"gallery_colorbox\"><img loading=\"lazy\" decoding=\"async\" src=\"https:\/\/www.glm-laser.com\/glm\/wp-content\/uploads\/KugAd_mit_Pin-Kopie-1024x701.jpg\"  alt=\"Adapter for measuring bores\" class=\"wp-image-6918\" width=\"167\" height=\"114\" srcset=\"https:\/\/www.glm-laser.com\/glm\/wp-content\/uploads\/KugAd_mit_Pin-Kopie-1024x701.jpg 1024w, https:\/\/www.glm-laser.com\/glm\/wp-content\/uploads\/KugAd_mit_Pin-Kopie-300x205.jpg 300w, https:\/\/www.glm-laser.com\/glm\/wp-content\/uploads\/KugAd_mit_Pin-Kopie-768x526.jpg 768w, https:\/\/www.glm-laser.com\/glm\/wp-content\/uploads\/KugAd_mit_Pin-Kopie.jpg 1643w\" sizes=\"(max-width: 167px) 100vw, 167px\" \/><\/a><\/figure>\n<\/div>\n<div style=\"height:30px\" aria-hidden=\"true\" class=\"wp-block-spacer\"><\/div>\n<div style=\"height:100px\" aria-hidden=\"true\" class=\"wp-block-spacer\"><\/div>\n<h2 class=\"wp-block-heading\"><strong>Adapter f\u00fcr Messbohrungen&nbsp;<\/strong><\/h2>\n<p>Die Adapter werden in die Bohrung gesteckt. Durch den bekannten Offset ist eine exakte Ermittlung der Koordinaten der Bohrung m\u00f6glich. <\/p>\n<div class=\"wp-block-image\">\n<figure class=\"alignright is-resized\"><a href=\"https:\/\/www.glm-laser.com\/glm\/wp-content\/uploads\/AudiZ12.jpg\" class=\"gallery_colorbox\"><img loading=\"lazy\" decoding=\"async\" src=\"https:\/\/www.glm-laser.com\/glm\/wp-content\/uploads\/AudiZ12.jpg\"  alt=\"Borehole adapter12 mm\" class=\"wp-image-6901\" width=\"77\" height=\"75\" srcset=\"https:\/\/www.glm-laser.com\/glm\/wp-content\/uploads\/AudiZ12.jpg 464w, https:\/\/www.glm-laser.com\/glm\/wp-content\/uploads\/AudiZ12-300x294.jpg 300w\" sizes=\"(max-width: 77px) 100vw, 77px\" \/><\/a><\/figure>\n<\/div>\n<h2 class=\"wp-block-heading\">AudiZ12<\/h2>\n<p>Pin Durchmesser: 12 mm<br \/><strong>Bestellnr.:<\/strong>  OMS5100597 <\/p>\n<div style=\"height:50px\" aria-hidden=\"true\" class=\"wp-block-spacer\"><\/div>\n<div class=\"wp-block-image\">\n<figure class=\"alignright is-resized\"><a href=\"https:\/\/www.glm-laser.com\/glm\/wp-content\/uploads\/AudiZ8.jpg\" class=\"gallery_colorbox\"><img loading=\"lazy\" decoding=\"async\" src=\"https:\/\/www.glm-laser.com\/glm\/wp-content\/uploads\/AudiZ8.jpg\"  alt=\"Borehole adapter 8 mm\" class=\"wp-image-6897\" width=\"78\" height=\"89\" srcset=\"https:\/\/www.glm-laser.com\/glm\/wp-content\/uploads\/AudiZ8.jpg 394w, https:\/\/www.glm-laser.com\/glm\/wp-content\/uploads\/AudiZ8-264x300.jpg 264w\" sizes=\"(max-width: 78px) 100vw, 78px\" \/><\/a><\/figure>\n<\/div>\n<h2 class=\"wp-block-heading\">AudiZ8<\/h2>\n<p> Pin Durchmesser:  8 mm <br \/><strong>Bestellnr.:<\/strong>  OMS169<\/p>\n<div style=\"height:50px\" aria-hidden=\"true\" class=\"wp-block-spacer\"><\/div>\n<div class=\"wp-block-image\">\n<figure class=\"alignright is-resized\"><a href=\"https:\/\/www.glm-laser.com\/glm\/wp-content\/uploads\/AudiZ8.jpg\" class=\"gallery_colorbox\"><img loading=\"lazy\" decoding=\"async\" src=\"https:\/\/www.glm-laser.com\/glm\/wp-content\/uploads\/AudiZ8.jpg\"  alt=\"Borehole adapter 8 mm\" class=\"wp-image-6897\" width=\"73\" height=\"83\" srcset=\"https:\/\/www.glm-laser.com\/glm\/wp-content\/uploads\/AudiZ8.jpg 394w, https:\/\/www.glm-laser.com\/glm\/wp-content\/uploads\/AudiZ8-264x300.jpg 264w\" sizes=\"(max-width: 73px) 100vw, 73px\" \/><\/a><\/figure>\n<\/div>\n<h2 class=\"wp-block-heading\">Audi\/5,9<\/h2>\n<p> Pin Durchmesser:  5,9mm<br \/> <strong>Bestellnr.:<\/strong>  OMS177<\/p>\n<div style=\"height:50px\" aria-hidden=\"true\" class=\"wp-block-spacer\"><\/div>\n<div class=\"wp-block-image\">\n<figure class=\"alignright is-resized\"><a href=\"https:\/\/www.glm-laser.com\/glm\/wp-content\/uploads\/AufiZ4.jpg\" class=\"gallery_colorbox\"><img loading=\"lazy\" decoding=\"async\" src=\"https:\/\/www.glm-laser.com\/glm\/wp-content\/uploads\/AufiZ4.jpg\"  alt=\"Borehole adapter 4mm\" class=\"wp-image-6903\" width=\"74\" height=\"70\" srcset=\"https:\/\/www.glm-laser.com\/glm\/wp-content\/uploads\/AufiZ4.jpg 399w, https:\/\/www.glm-laser.com\/glm\/wp-content\/uploads\/AufiZ4-300x282.jpg 300w\" sizes=\"(max-width: 74px) 100vw, 74px\" \/><\/a><\/figure>\n<\/div>\n<h2 class=\"wp-block-heading\">AudiZ4<\/h2>\n<p> Pin Durchmesser:  4 mm <br \/><strong> Bestellnr.:<\/strong> OMS5100665<\/p>\n<div style=\"height:50px\" aria-hidden=\"true\" class=\"wp-block-spacer\"><\/div>\n<div class=\"wp-block-image\">\n<figure class=\"alignright is-resized\"><a href=\"https:\/\/www.glm-laser.com\/glm\/wp-content\/uploads\/AudiZ8-frontal.jpg\" class=\"gallery_colorbox\"><img loading=\"lazy\" decoding=\"async\" src=\"https:\/\/www.glm-laser.com\/glm\/wp-content\/uploads\/AudiZ8-frontal.jpg\"  alt=\"Borehole adapter 8 mm\" class=\"wp-image-6899\" width=\"77\" height=\"85\" srcset=\"https:\/\/www.glm-laser.com\/glm\/wp-content\/uploads\/AudiZ8-frontal.jpg 305w, https:\/\/www.glm-laser.com\/glm\/wp-content\/uploads\/AudiZ8-frontal-272x300.jpg 272w\" sizes=\"(max-width: 77px) 100vw, 77px\" \/><\/a><\/figure>\n<\/div>\n<h2 class=\"wp-block-heading\">AudiZ8-frontal<\/h2>\n<p> Pin Durchmesser:  8mm <br \/> <strong>Bestellnr.:<\/strong>  OMS5100417<\/p>\n<div style=\"height:50px\" aria-hidden=\"true\" class=\"wp-block-spacer\"><\/div>\n<h2 class=\"wp-block-heading\"><strong>Doppelziel f\u00fcr Messbohrungen<\/strong><\/h2>\n<div class=\"wp-block-image\">\n<figure class=\"alignright is-resized\"><a href=\"https:\/\/www.glm-laser.com\/glm\/wp-content\/uploads\/DZ-AudiZ8.jpg\" class=\"gallery_colorbox\"><img loading=\"lazy\" decoding=\"async\" src=\"https:\/\/www.glm-laser.com\/glm\/wp-content\/uploads\/DZ-AudiZ8-1024x148.jpg\"  alt=\"Borehole excenter adapter 8 mm\" class=\"wp-image-6905\" width=\"235\" height=\"34\" srcset=\"https:\/\/www.glm-laser.com\/glm\/wp-content\/uploads\/DZ-AudiZ8-1024x148.jpg 1024w, https:\/\/www.glm-laser.com\/glm\/wp-content\/uploads\/DZ-AudiZ8-300x43.jpg 300w, https:\/\/www.glm-laser.com\/glm\/wp-content\/uploads\/DZ-AudiZ8-768x111.jpg 768w\" sizes=\"(max-width: 235px) 100vw, 235px\" \/><\/a><\/figure>\n<\/div>\n<p>Wenn die Bohrung nicht direkt vom Standpunkt aus Sichtbar ist, kommt der Doppelzielstab zum Einsatz. <\/p>\n<p> Pin Durchmesser:  8mm <br \/> <strong>Bestellnr.:<\/strong> OMS113 <\/p>\n<div style=\"height:50px\" aria-hidden=\"true\" class=\"wp-block-spacer\"><\/div>\n<p> Ben\u00f6tigen Sie weiteres Zubeh\u00f6r? Dann schauen Sie auf unser umfangreiches Angebot, indem Sie&nbsp;<a href=\"https:\/\/www.glm-laser.com\/glm\/optische-vermessungsinstrumente-2\/zubehoer-2\/\"><strong>hier klicken<\/strong><\/a> <\/p>\n<p><!--EndFragment--><\/p>\n","protected":false},"excerpt":{"rendered":"<p>Adapter f\u00fcr Messbohrungen Kugeladapter Kugeladapter f\u00fcr Bohrungen mit Haltevorrichtung f\u00fcr AudiZ8 und DZAudiZ8 Beschreibung Bohrungsdurchmesser Bestellnr.<\/p>\n","protected":false},"author":1,"featured_media":0,"parent":703,"menu_order":10,"comment_status":"closed","ping_status":"closed","template":"page_submenu.php","meta":{"footnotes":""},"class_list":["post-767","page","type-page","status-publish","hentry"],"_links":{"self":[{"href":"https:\/\/www.glm-laser.com\/glm\/wp-json\/wp\/v2\/pages\/767"}],"collection":[{"href":"https:\/\/www.glm-laser.com\/glm\/wp-json\/wp\/v2\/pages"}],"about":[{"href":"https:\/\/www.glm-laser.com\/glm\/wp-json\/wp\/v2\/types\/page"}],"author":[{"embeddable":true,"href":"https:\/\/www.glm-laser.com\/glm\/wp-json\/wp\/v2\/users\/1"}],"replies":[{"embeddable":true,"href":"https:\/\/www.glm-laser.com\/glm\/wp-json\/wp\/v2\/comments?post=767"}],"version-history":[{"count":16,"href":"https:\/\/www.glm-laser.com\/glm\/wp-json\/wp\/v2\/pages\/767\/revisions"}],"predecessor-version":[{"id":7024,"href":"https:\/\/www.glm-laser.com\/glm\/wp-json\/wp\/v2\/pages\/767\/revisions\/7024"}],"up":[{"embeddable":true,"href":"https:\/\/www.glm-laser.com\/glm\/wp-json\/wp\/v2\/pages\/703"}],"wp:attachment":[{"href":"https:\/\/www.glm-laser.com\/glm\/wp-json\/wp\/v2\/media?parent=767"}],"curies":[{"name":"wp","href":"https:\/\/api.w.org\/{rel}","templated":true}]}}