{"id":769,"date":"2016-04-18T09:52:52","date_gmt":"2016-04-18T07:52:52","guid":{"rendered":"http:\/\/www.glm-laser.com\/?page_id=769"},"modified":"2020-10-21T10:59:56","modified_gmt":"2020-10-21T08:59:56","slug":"adapter-fuer-exzentrische-3d-vermessung","status":"publish","type":"page","link":"https:\/\/www.glm-laser.com\/glm\/optische-vermessungsinstrumente-3\/zubehoer-2\/adapter-fuer-exzentrische-3d-vermessung\/","title":{"rendered":"Adapter f\u00fcr Exzentrische 3D-Vermessung"},"content":{"rendered":"<h1 class=\"wp-block-heading\">Mehrfach &#8211; Zielst\u00e4be f\u00fcr exzentrische Messungen<\/h1>\n<div class=\"wp-block-image\">\n<figure class=\"alignleft is-resized\"><a href=\"https:\/\/www.glm-laser.com\/glm\/wp-content\/uploads\/Base-Holder-with-DZ4-Kopie.jpg\" class=\"gallery_colorbox\"><img loading=\"lazy\" decoding=\"async\" src=\"https:\/\/www.glm-laser.com\/glm\/wp-content\/uploads\/Base-Holder-with-DZ4-Kopie-575x1024.jpg\"  alt=\"Base Holder for eccentric measurements\" class=\"wp-image-6771\" width=\"118\" height=\"210\" srcset=\"https:\/\/www.glm-laser.com\/glm\/wp-content\/uploads\/Base-Holder-with-DZ4-Kopie-575x1024.jpg 575w, https:\/\/www.glm-laser.com\/glm\/wp-content\/uploads\/Base-Holder-with-DZ4-Kopie-168x300.jpg 168w, https:\/\/www.glm-laser.com\/glm\/wp-content\/uploads\/Base-Holder-with-DZ4-Kopie-768x1368.jpg 768w\" sizes=\"(max-width: 118px) 100vw, 118px\" \/><\/a><\/figure>\n<\/div>\n<p>In der Industrievermessung liegen Messpunkte, deren 3D-Koordinaten aufgenommen oder kontrolliert werden sollen, nicht in direkter Sichtverbindung zur Totalstation. Es ist recht aufwendig f\u00fcr jeden dieser Punkte einen neuen Standort f\u00fcr den Messkopf zu ermittel. Eine L\u00f6sungsansatz sind Zielst\u00e4be. Mit diesen k\u00f6nnen Sie die&nbsp;<br \/>Messpunkte markieren und diese von einem Standpunkt erfassen. Die Logik dahinter ist recht simpel, aber effizient. Durch die 2 bzw. 4 Punkte welche auf einer Geraden liegen und deren Abstand bekannt ist, wird durch eine geometrische Berechnung die Koordinate des Messpunktes ermittelt. Diese Zielst\u00e4be werden in der klassischen Vermessung als \u201eKanalmessstab&#8220; bezeichnet. Die empfohlene Zielweite betr\u00e4gt 20m.<\/p>\n<div style=\"height:30px\" aria-hidden=\"true\" class=\"wp-block-spacer\"><\/div>\n<div style=\"height:30px\" aria-hidden=\"true\" class=\"wp-block-spacer\"><\/div>\n<p>GLM bietet f\u00fcnf verschieden Zielstaebe und zwei verschiedene Halterungen an:<\/p>\n<div style=\"height:50px\" aria-hidden=\"true\" class=\"wp-block-spacer\"><\/div>\n<h3 class=\"wp-block-heading\"><strong>Leichter Magnethalter <\/strong><\/h3>\n<div class=\"wp-block-image\">\n<figure class=\"alignright is-resized\"><a href=\"https:\/\/www.glm-laser.com\/glm\/wp-content\/uploads\/Baseholder-light-Kopie.jpg\" class=\"gallery_colorbox\"><img loading=\"lazy\" decoding=\"async\" src=\"https:\/\/www.glm-laser.com\/glm\/wp-content\/uploads\/Baseholder-light-Kopie-1024x683.jpg\"  alt=\"Baseholder light for eccentric target adapter\" class=\"wp-image-6776\" width=\"372\" height=\"245\"\/><\/a><\/figure>\n<\/div>\n<p><strong>Beschreibung<\/strong>:  DZ_Mod_base_holder <\/p>\n<p><strong>Bestellnr.<\/strong>: OMS5100740<\/p>\n<\/p>\n<div style=\"height:200px\" aria-hidden=\"true\" class=\"wp-block-spacer\"><\/div>\n<div class=\"wp-block-image\">\n<figure class=\"alignright is-resized\"><a href=\"https:\/\/www.glm-laser.com\/glm\/wp-content\/uploads\/Baseholder-heavy-Kopie.jpg\" class=\"gallery_colorbox\"><img loading=\"lazy\" decoding=\"async\" src=\"https:\/\/www.glm-laser.com\/glm\/wp-content\/uploads\/Baseholder-heavy-Kopie-733x1024.jpg\"  alt=\"Baseholder heavy for eccentric target adapter\" class=\"wp-image-6786\" width=\"234\" height=\"327\" srcset=\"https:\/\/www.glm-laser.com\/glm\/wp-content\/uploads\/Baseholder-heavy-Kopie-733x1024.jpg 733w, https:\/\/www.glm-laser.com\/glm\/wp-content\/uploads\/Baseholder-heavy-Kopie-215x300.jpg 215w, https:\/\/www.glm-laser.com\/glm\/wp-content\/uploads\/Baseholder-heavy-Kopie-768x1073.jpg 768w\" sizes=\"(max-width: 234px) 100vw, 234px\" \/><\/a><\/figure>\n<\/div>\n<h3 class=\"wp-block-heading\">Schwerer Magnethalter<\/h3>\n<p><strong>Beschreibung<\/strong>:  DZ_Mod_base_holder_heavy<\/p>\n<p><strong>Bestellnr.<\/strong>:  OMS5100412 <\/p>\n<\/p>\n<div style=\"height:200px\" aria-hidden=\"true\" class=\"wp-block-spacer\"><\/div>\n<h3 class=\"wp-block-heading\"><strong>Vierfachzielstab<\/strong><\/h3>\n<div class=\"wp-block-image\">\n<figure class=\"alignright is-resized\"><a href=\"https:\/\/www.glm-laser.com\/glm\/wp-content\/uploads\/DZ4-Kopie-1.jpg\" class=\"gallery_colorbox\"><img loading=\"lazy\" decoding=\"async\" src=\"https:\/\/www.glm-laser.com\/glm\/wp-content\/uploads\/DZ4-Kopie-1-1024x100.jpg\"  alt=\"Fourfold target for hidden points. With hardened steel tip.\" class=\"wp-image-6799\" width=\"325\" height=\"31\" srcset=\"https:\/\/www.glm-laser.com\/glm\/wp-content\/uploads\/DZ4-Kopie-1-1024x100.jpg 1024w, https:\/\/www.glm-laser.com\/glm\/wp-content\/uploads\/DZ4-Kopie-1-300x29.jpg 300w, https:\/\/www.glm-laser.com\/glm\/wp-content\/uploads\/DZ4-Kopie-1-768x75.jpg 768w\" sizes=\"(max-width: 325px) 100vw, 325px\" \/><\/a><\/figure>\n<\/div>\n<p>Vierfachzielstab f\u00fcr verdeckte Punkte. Mit geh\u00e4rteter Stahl-Messspitze.<\/p>\n<p>L\u00e4nge Messmarken zur Spitze:<\/p>\n<p>100mm \/ 200mm \/ 300mm \/ 400mm<\/p>\n<p><strong>Bestellnr.<\/strong>:  OMS5101040<\/p>\n<div style=\"height:50px\" aria-hidden=\"true\" class=\"wp-block-spacer\"><\/div>\n<p><strong>Doppelzielstab<\/strong><\/p>\n<p>Doppelzielstab f\u00fcr verdeckte Punkte. Mit geh\u00e4rteter Stahl-Messspitze.<\/p>\n<div class=\"wp-block-image\">\n<figure class=\"alignright is-resized\"><a href=\"https:\/\/www.glm-laser.com\/glm\/wp-content\/uploads\/DZ2-Kopie.jpg\" class=\"gallery_colorbox\"><img loading=\"lazy\" decoding=\"async\" src=\"https:\/\/www.glm-laser.com\/glm\/wp-content\/uploads\/DZ2-Kopie-1024x202.jpg\"  alt=\"Paired target for hidden points\" class=\"wp-image-6809\" width=\"203\" height=\"39\" srcset=\"https:\/\/www.glm-laser.com\/glm\/wp-content\/uploads\/DZ2-Kopie-1024x202.jpg 1024w, https:\/\/www.glm-laser.com\/glm\/wp-content\/uploads\/DZ2-Kopie-300x59.jpg 300w, https:\/\/www.glm-laser.com\/glm\/wp-content\/uploads\/DZ2-Kopie-768x151.jpg 768w\" sizes=\"(max-width: 203px) 100vw, 203px\" \/><\/a><\/figure>\n<\/div>\n<table width=\"450\" cellspacing=\"0\" cellpadding=\"0\" border=\"0\">\n<colgroup>\n<col width=\"206\">\n<col width=\"80\">\n<col width=\"173\"><\/colgroup>\n<tbody>\n<tr>\n<td width=\"410\" height=\"20\" align=\"left\"><strong>Beschreibung<\/strong><\/td>\n<td width=\"790\" align=\"left\"><strong>L\u00e4nge Messmarken zur Spitze:<\/strong><\/td>\n<td width=\"350\" align=\"left\"><strong>Bestellnr.<\/strong>\n<\/td>\n<\/tr\n\n\n<tr>\n<td width=\"410\" height=\"20\" align=\"left\"><strong>DZ_Mod_2RT100_200<br \/>\n<\/strong><\/td>\n<td width=\"790\" align=\"left\">100 \/ 200 mm<\/td>\n<td width=\"350\" align=\"left\">OMS5100741<\/td>\n<\/tr>\n<tr>\n<td width=\"410\" height=\"20\" align=\"left\"><strong>DZ_ Mod_2RT250_500<\/strong><\/td>\n<td width=\"590\" align=\"left\">250 \/ 500 mm<\/td>\n<td width=\"350\" align=\"left\">OMS5100413\n<\/td>\n<\/tr>\n<tr>\n<td width=\"410\" height=\"20\" align=\"left\"><strong>DZ_Mod_2RT500_750<br \/>\n<\/strong><\/td>\n<td width=\"590\" align=\"left\">500 \/ 750 mm<\/td>\n<td width=\"350\" align=\"left\">OMS5100414<\/td>\n<\/tr>\n<tr>\n<td width=\"410\" height=\"20\" align=\"left\"><strong>DZ_Mod_2RT600_1200<br \/>\n<\/strong><\/td>\n<td width=\"590\" align=\"left\">600 \/ 1200 mm<\/td>\n<td width=\"350\" align=\"left\">OMS5100415\n<\/td>\n<\/tr>\n<\/tbody>\n<\/table>\n<div style=\"height:30px\" aria-hidden=\"true\" class=\"wp-block-spacer\"><\/div>\n<p>Ben\u00f6tigen Sie weiteres Zubeh\u00f6r? Dann schauen Sie auf unser umfangreiches Angebot, indem Sie <a href=\"https:\/\/www.glm-laser.com\/glm\/optische-vermessungsinstrumente-2\/zubehoer-2\/\"><strong>hier klicken<\/strong><\/a><\/p>\n","protected":false},"excerpt":{"rendered":"<p>Mehrfach &#8211; Zielst\u00e4be f\u00fcr exzentrische Messungen In der Industrievermessung liegen Messpunkte, deren 3D-Koordinaten aufgenommen oder kontrolliert werden sollen, nicht in direkter Sichtverbindung zur Totalstation. Es ist recht aufwendig f\u00fcr jeden dieser Punkte einen neuen Standort f\u00fcr den Messkopf zu ermittel. Eine L\u00f6sungsansatz sind Zielst\u00e4be. Mit diesen k\u00f6nnen Sie die&nbsp;Messpunkte markieren und diese von einem Standpunkt [&hellip;]<\/p>\n","protected":false},"author":4,"featured_media":0,"parent":703,"menu_order":6,"comment_status":"closed","ping_status":"closed","template":"page_submenu.php","meta":{"footnotes":""},"class_list":["post-769","page","type-page","status-publish","hentry"],"_links":{"self":[{"href":"https:\/\/www.glm-laser.com\/glm\/wp-json\/wp\/v2\/pages\/769"}],"collection":[{"href":"https:\/\/www.glm-laser.com\/glm\/wp-json\/wp\/v2\/pages"}],"about":[{"href":"https:\/\/www.glm-laser.com\/glm\/wp-json\/wp\/v2\/types\/page"}],"author":[{"embeddable":true,"href":"https:\/\/www.glm-laser.com\/glm\/wp-json\/wp\/v2\/users\/4"}],"replies":[{"embeddable":true,"href":"https:\/\/www.glm-laser.com\/glm\/wp-json\/wp\/v2\/comments?post=769"}],"version-history":[{"count":44,"href":"https:\/\/www.glm-laser.com\/glm\/wp-json\/wp\/v2\/pages\/769\/revisions"}],"predecessor-version":[{"id":6980,"href":"https:\/\/www.glm-laser.com\/glm\/wp-json\/wp\/v2\/pages\/769\/revisions\/6980"}],"up":[{"embeddable":true,"href":"https:\/\/www.glm-laser.com\/glm\/wp-json\/wp\/v2\/pages\/703"}],"wp:attachment":[{"href":"https:\/\/www.glm-laser.com\/glm\/wp-json\/wp\/v2\/media?parent=769"}],"curies":[{"name":"wp","href":"https:\/\/api.w.org\/{rel}","templated":true}]}}