{"id":771,"date":"2016-04-18T09:53:08","date_gmt":"2016-04-18T07:53:08","guid":{"rendered":"http:\/\/www.glm-laser.com\/?page_id=771"},"modified":"2020-10-21T08:27:22","modified_gmt":"2020-10-21T06:27:22","slug":"spezialzielmarken","status":"publish","type":"page","link":"https:\/\/www.glm-laser.com\/glm\/optische-vermessungsinstrumente-3\/zubehoer-2\/spezialzielmarken\/","title":{"rendered":"Spezialzielmarken"},"content":{"rendered":"<h1>Spezialzielmarken f\u00fcr die Industrievermessung<\/h1>\n<div class=\"section\">\n<p align=\"justify\"><img loading=\"lazy\" decoding=\"async\" class=\"alignright size-full wp-image-1316\" src=\"https:\/\/www.glm-laser.com\/glm\/wp-content\/uploads\/spezialzielmarken.jpg\" alt=\"spezialzielmarken\" width=\"150\" height=\"138\" \/><br \/>\nGLM betreut viele Kunden in der High-End-Vermessung. Diese Kunden haben meist sehr komplexe Aufgabenfelder. Fuer diese Kunden erstellt die Werkstatt von GLM auf Wunsch spezielle Zielmittel. Wenn Sie auch besondere Zielmittel f\u00fcr Ihren Aufgabenbereich brauchen, sind wir jederzeit bereit neue Zielmittel zusammen mit Ihnen zu entwickeln.<\/p>\n<\/div>\n<p>W\u00fcnschen Sie weitere Informationen \u00fcber die Zielmittel oder m\u00f6chten Sie ein Angebot bekommen? Dann schreiben Sie einfach\u00a0eine\u00a0<a href=\"mailto:vertrieb@glm-laser.de\">E-Mail<\/a>.<\/p>\n<p>Ben\u00f6tigen Sie weiteres Zubeh\u00f6r? Dann schauen Sie auf unser umfangreiches Angebot, indem Sie <a href=\"https:\/\/www.glm-laser.com\/glm\/optische-vermessungsinstrumente-2\/zubehoer-2\/\"><strong>hier klicken<\/strong><\/a><\/p>\n<div class=\"section\">\n<div align=\"justify\">\n<p><img loading=\"lazy\" decoding=\"async\" class=\"alignleft size-full wp-image-958\" src=\"https:\/\/www.glm-laser.com\/glm\/wp-content\/uploads\/pdf-icon.png\" alt=\"Download PDF\" width=\"38\" height=\"42\" \/><\/p>\n<p><a href=\"https:\/\/www.glm-laser.com\/glm\/wp-content\/uploads\/zubeh__r_zielmarkenkatalog_low_res.pdf\" target=\"_blank\" rel=\"noopener noreferrer\"><br \/>\nZielmarkenkatalog 2015 (1 MB)<\/a><\/p>\n<\/div>\n<\/div>\n","protected":false},"excerpt":{"rendered":"<p>Spezialzielmarken f\u00fcr die Industrievermessung GLM betreut viele Kunden in der High-End-Vermessung. Diese Kunden haben meist sehr komplexe Aufgabenfelder. Fuer diese Kunden erstellt die Werkstatt von GLM auf Wunsch spezielle Zielmittel. Wenn Sie auch besondere Zielmittel f\u00fcr Ihren Aufgabenbereich brauchen, sind wir jederzeit bereit neue Zielmittel zusammen mit Ihnen zu entwickeln. W\u00fcnschen Sie weitere Informationen \u00fcber [&hellip;]<\/p>\n","protected":false},"author":1,"featured_media":0,"parent":703,"menu_order":9,"comment_status":"closed","ping_status":"closed","template":"page_submenu.php","meta":{"footnotes":""},"class_list":["post-771","page","type-page","status-publish","hentry"],"_links":{"self":[{"href":"https:\/\/www.glm-laser.com\/glm\/wp-json\/wp\/v2\/pages\/771"}],"collection":[{"href":"https:\/\/www.glm-laser.com\/glm\/wp-json\/wp\/v2\/pages"}],"about":[{"href":"https:\/\/www.glm-laser.com\/glm\/wp-json\/wp\/v2\/types\/page"}],"author":[{"embeddable":true,"href":"https:\/\/www.glm-laser.com\/glm\/wp-json\/wp\/v2\/users\/1"}],"replies":[{"embeddable":true,"href":"https:\/\/www.glm-laser.com\/glm\/wp-json\/wp\/v2\/comments?post=771"}],"version-history":[{"count":4,"href":"https:\/\/www.glm-laser.com\/glm\/wp-json\/wp\/v2\/pages\/771\/revisions"}],"predecessor-version":[{"id":6857,"href":"https:\/\/www.glm-laser.com\/glm\/wp-json\/wp\/v2\/pages\/771\/revisions\/6857"}],"up":[{"embeddable":true,"href":"https:\/\/www.glm-laser.com\/glm\/wp-json\/wp\/v2\/pages\/703"}],"wp:attachment":[{"href":"https:\/\/www.glm-laser.com\/glm\/wp-json\/wp\/v2\/media?parent=771"}],"curies":[{"name":"wp","href":"https:\/\/api.w.org\/{rel}","templated":true}]}}