{"id":773,"date":"2016-04-18T09:53:22","date_gmt":"2016-04-18T07:53:22","guid":{"rendered":"http:\/\/www.glm-laser.com\/?page_id=773"},"modified":"2020-11-10T12:04:56","modified_gmt":"2020-11-10T11:04:56","slug":"standortwechselmarke-rt50-m","status":"publish","type":"page","link":"https:\/\/www.glm-laser.com\/glm\/optische-vermessungsinstrumente-3\/zubehoer-2\/zielmittel\/standortwechselmarke-rt50-m\/","title":{"rendered":"Standortwechselmarke RT50 M"},"content":{"rendered":"<h1>Das Standortwechselmarke RT50 M aus dem Hause Sokkia<\/h1>\n<div class=\"section\">\n<p align=\"justify\"><img loading=\"lazy\" decoding=\"async\" class=\"alignright size-full wp-image-1319\" src=\"https:\/\/www.glm-laser.com\/glm\/wp-content\/uploads\/sokkia-rt50-m-zielmarke.jpg\" alt=\"sokkia-rt50-m-zielmarke\" width=\"200\" height=\"196\" \/>Bei der <a href=\"https:\/\/www.glm-laser.com\/glm\/\">3D-Vermessung<\/a> gro\u00dfma\u00dfst\u00e4biger Objekt, z.B. Schiffe oder Papiermaschinen, kommt der Anwender nicht umher einen Standortwechsel durchzuf\u00fchren. GLM hat f\u00fcr diese F\u00e4lle <a href=\"https:\/\/www.glm-laser.com\/glm\/optische-vermessungsinstrumente-3\/zubehoer-2\/adapter-standortwechsel\/\">Standortwechselmarken<\/a> (u.a.\u00a0RTKug1.5) bereit. Eine dieser Marken ist die RT50 M aus dem Hause Sokkia. Die RT50 M hat einen magnetischen Fu\u00df und eine Zielmarke die in alle drei Achsen frei drehbar ist. Somit wird ein Aufstellfehler nahezu ausgeschlossen. Die\u00a0 empfohlen Zielweite liegt zwischen 1,3m und 50m. Die Ma\u00dfe der Zielmarke betragen 50*50mm. Dieses Messwerkzeug ist Bestandteil der\u00a03D-Messsysteme\u00a0aus dem Hause GLM.<\/p>\n<p>W\u00fcnschen Sie weitere Informationen \u00fcber die Zielmittel oder m\u00f6chten Sie ein Angebot bekommen? Dann schreiben Sie einfach\u00a0eine\u00a0<a href=\"mailto:vertrieb@glm-laser.de\">E-Mail<\/a>.<\/p>\n<div class=\"section\">\n<div align=\"justify\">\n<p><img loading=\"lazy\" decoding=\"async\" class=\"alignleft size-full wp-image-958\" src=\"https:\/\/www.glm-laser.com\/glm\/wp-content\/uploads\/pdf-icon.png\" alt=\"Download PDF\" width=\"38\" height=\"42\" \/><\/p>\n<p><a href=\"https:\/\/www.glm-laser.com\/glm\/wp-content\/uploads\/zubeh__r_zielmarkenkatalog_low_res.pdf\" target=\"_blank\" rel=\"noopener noreferrer\"><br \/>\nZielmarkenkatalog 2015 (1 MB)<\/a><\/p>\n<\/div>\n<\/div>\n<\/div>\n","protected":false},"excerpt":{"rendered":"<p>Das Standortwechselmarke RT50 M aus dem Hause Sokkia Bei der 3D-Vermessung gro\u00dfma\u00dfst\u00e4biger Objekt, z.B. Schiffe oder Papiermaschinen, kommt der Anwender nicht umher einen Standortwechsel durchzuf\u00fchren. GLM hat f\u00fcr diese F\u00e4lle Standortwechselmarken (u.a.\u00a0RTKug1.5) bereit. Eine dieser Marken ist die RT50 M aus dem Hause Sokkia. Die RT50 M hat einen magnetischen Fu\u00df und eine Zielmarke die [&hellip;]<\/p>\n","protected":false},"author":1,"featured_media":0,"parent":745,"menu_order":6,"comment_status":"closed","ping_status":"closed","template":"page_submenu.php","meta":{"footnotes":""},"class_list":["post-773","page","type-page","status-publish","hentry"],"_links":{"self":[{"href":"https:\/\/www.glm-laser.com\/glm\/wp-json\/wp\/v2\/pages\/773"}],"collection":[{"href":"https:\/\/www.glm-laser.com\/glm\/wp-json\/wp\/v2\/pages"}],"about":[{"href":"https:\/\/www.glm-laser.com\/glm\/wp-json\/wp\/v2\/types\/page"}],"author":[{"embeddable":true,"href":"https:\/\/www.glm-laser.com\/glm\/wp-json\/wp\/v2\/users\/1"}],"replies":[{"embeddable":true,"href":"https:\/\/www.glm-laser.com\/glm\/wp-json\/wp\/v2\/comments?post=773"}],"version-history":[{"count":7,"href":"https:\/\/www.glm-laser.com\/glm\/wp-json\/wp\/v2\/pages\/773\/revisions"}],"predecessor-version":[{"id":9611,"href":"https:\/\/www.glm-laser.com\/glm\/wp-json\/wp\/v2\/pages\/773\/revisions\/9611"}],"up":[{"embeddable":true,"href":"https:\/\/www.glm-laser.com\/glm\/wp-json\/wp\/v2\/pages\/745"}],"wp:attachment":[{"href":"https:\/\/www.glm-laser.com\/glm\/wp-json\/wp\/v2\/media?parent=773"}],"curies":[{"name":"wp","href":"https:\/\/api.w.org\/{rel}","templated":true}]}}