{"id":775,"date":"2016-04-18T09:53:38","date_gmt":"2016-04-18T07:53:38","guid":{"rendered":"http:\/\/www.glm-laser.com\/?page_id=775"},"modified":"2020-10-22T12:46:16","modified_gmt":"2020-10-22T10:46:16","slug":"praezisionszwangszentrierung","status":"publish","type":"page","link":"https:\/\/www.glm-laser.com\/glm\/optische-vermessungsinstrumente-3\/zubehoer-2\/zielmittel\/praezisionszwangszentrierung\/","title":{"rendered":"Pr\u00e4zisionszwangszentrierung"},"content":{"rendered":"<h1>Zwangszentrierung<\/h1>\n<div class=\"section\">\n<p align=\"justify\"><img loading=\"lazy\" decoding=\"async\" class=\"alignright size-full wp-image-1322\" src=\"https:\/\/www.glm-laser.com\/glm\/wp-content\/uploads\/praezisionszwangzentrierung.jpg\" alt=\"praezisionszwangzentrierung\" width=\"93\" height=\"150\" \/><br \/>\nIn beengten Raeumlichkeiten ist es schwer mehrere Anschlusspunkte zu setzten. Durch die Pr\u00e4zisionszwangszentrierung k\u00f6nnen Sie die Standpunkte als sp\u00e4ter Anschlusspunkte nutzen. Sie wird oft in engen Gaengen eingesetzt. Die Bestellnummer lautet RTA1.<\/p>\n<\/div>\n<p>W\u00fcnschen Sie weitere Informationen \u00fcber die Zielmittel oder m\u00f6chten Sie ein Angebot bekommen? Dann schreiben Sie einfach\u00a0eine\u00a0<a href=\"mailto:vertrieb@glm-laser.de\">E-Mail<\/a>.<\/p>\n<p><img loading=\"lazy\" decoding=\"async\" class=\"alignleft size-full wp-image-958\" style=\"font-size: inherit;\" src=\"https:\/\/www.glm-laser.com\/glm\/wp-content\/uploads\/pdf-icon.png\" alt=\"Download PDF\" width=\"38\" height=\"42\" \/><\/p>\n<div class=\"section\">\n<div align=\"justify\">\n<p><a href=\"https:\/\/www.glm-laser.com\/glm\/wp-content\/uploads\/zubeh__r_zielmarkenkatalog_low_res.pdf\" target=\"_blank\" rel=\"noopener noreferrer\"><br \/>\nZielmarkenkatalog 2015 (1 MB)<\/a><\/p>\n<\/div>\n<\/div>\n","protected":false},"excerpt":{"rendered":"<p>Zwangszentrierung In beengten Raeumlichkeiten ist es schwer mehrere Anschlusspunkte zu setzten. Durch die Pr\u00e4zisionszwangszentrierung k\u00f6nnen Sie die Standpunkte als sp\u00e4ter Anschlusspunkte nutzen. Sie wird oft in engen Gaengen eingesetzt. Die Bestellnummer lautet RTA1. W\u00fcnschen Sie weitere Informationen \u00fcber die Zielmittel oder m\u00f6chten Sie ein Angebot bekommen? Dann schreiben Sie einfach\u00a0eine\u00a0E-Mail. Zielmarkenkatalog 2015 (1 MB)<\/p>\n","protected":false},"author":1,"featured_media":0,"parent":745,"menu_order":7,"comment_status":"closed","ping_status":"closed","template":"page_submenu.php","meta":{"footnotes":""},"class_list":["post-775","page","type-page","status-publish","hentry"],"_links":{"self":[{"href":"https:\/\/www.glm-laser.com\/glm\/wp-json\/wp\/v2\/pages\/775"}],"collection":[{"href":"https:\/\/www.glm-laser.com\/glm\/wp-json\/wp\/v2\/pages"}],"about":[{"href":"https:\/\/www.glm-laser.com\/glm\/wp-json\/wp\/v2\/types\/page"}],"author":[{"embeddable":true,"href":"https:\/\/www.glm-laser.com\/glm\/wp-json\/wp\/v2\/users\/1"}],"replies":[{"embeddable":true,"href":"https:\/\/www.glm-laser.com\/glm\/wp-json\/wp\/v2\/comments?post=775"}],"version-history":[{"count":3,"href":"https:\/\/www.glm-laser.com\/glm\/wp-json\/wp\/v2\/pages\/775\/revisions"}],"predecessor-version":[{"id":7133,"href":"https:\/\/www.glm-laser.com\/glm\/wp-json\/wp\/v2\/pages\/775\/revisions\/7133"}],"up":[{"embeddable":true,"href":"https:\/\/www.glm-laser.com\/glm\/wp-json\/wp\/v2\/pages\/745"}],"wp:attachment":[{"href":"https:\/\/www.glm-laser.com\/glm\/wp-json\/wp\/v2\/media?parent=775"}],"curies":[{"name":"wp","href":"https:\/\/api.w.org\/{rel}","templated":true}]}}