{"id":777,"date":"2016-04-18T09:53:53","date_gmt":"2016-04-18T07:53:53","guid":{"rendered":"http:\/\/www.glm-laser.com\/?page_id=777"},"modified":"2020-11-10T12:06:29","modified_gmt":"2020-11-10T11:06:29","slug":"smr-kugelreflektor","status":"publish","type":"page","link":"https:\/\/www.glm-laser.com\/glm\/optische-vermessungsinstrumente-3\/zubehoer-2\/zielmittel\/smr-kugelreflektor\/","title":{"rendered":"SMR Kugelreflektor"},"content":{"rendered":"<h1 class=\"wp-block-heading\">SMR Kugelreflektor<\/h1>\n<p><strong>&#8222;High-End&#8220; Kugelreflektoren<\/strong><\/p>\n<div class=\"wp-block-image\">\n<figure class=\"alignright is-resized\"><a href=\"https:\/\/www.glm-laser.com\/glm\/wp-content\/uploads\/SMR-Kopie.jpg\" class=\"gallery_colorbox\"><img loading=\"lazy\" decoding=\"async\" src=\"https:\/\/www.glm-laser.com\/glm\/wp-content\/uploads\/SMR-Kopie.jpg\"  alt=\"SMR Spherical Mounted Reflector\" class=\"wp-image-5065\" width=\"115\" height=\"95\" srcset=\"https:\/\/www.glm-laser.com\/glm\/wp-content\/uploads\/SMR-Kopie.jpg 777w, https:\/\/www.glm-laser.com\/glm\/wp-content\/uploads\/SMR-Kopie-300x249.jpg 300w, https:\/\/www.glm-laser.com\/glm\/wp-content\/uploads\/SMR-Kopie-768x638.jpg 768w, https:\/\/www.glm-laser.com\/glm\/wp-content\/uploads\/SMR-Kopie-600x498.jpg 600w\" sizes=\"(max-width: 115px) 100vw, 115px\" \/><\/a><\/figure>\n<\/div>\n<p>Durch einen Kugelreflektor SMR mit dem Durchmesser von 1,5&#8243; ist eine Genauigkeit von +\/- 0,0127mm m\u00f6glich. Durch die Nester f\u00fcr Oberflaechen, Kantenlagen und Ecken ist dieses Zielmitten in vielen Bereichen der optischen 3D-Vermessung einsetzbar. Von GLM wurden weiter noch viele Adapter f\u00fcr Spezialanwendungen im Stahlbau, Schiffsbau und Maschinenbau entwickelt.<\/p>\n<p>Weitere Kugelreflektoren und Kugelprismen finden Sie<strong> <\/strong><a href=\"https:\/\/www.glm-laser.com\/glm\/optische-vermessungsinstrumente-3\/zubehoer-2\/kugelprismen\/\"><strong>hier<\/strong><\/a><\/p>\n<p>W\u00fcnschen Sie weitere Informationen \u00fcber die Zielmittel oder m\u00f6chten Sie ein Angebot bekommen? Dann schreiben Sie einfach&nbsp;eine&nbsp;<a href=\"mailto:vertrieb@glm-laser.de\">E-Mail<\/a>.<\/p>\n<p><a href=\"https:\/\/www.glm-laser.com\/glm\/optische-vermessungsinstrumente-3\/zubehoer-2\/zielmittel\/\">Zielmarken-\u00dcbersicht<\/a><\/p>\n<div class=\"wp-block-image\">\n<figure class=\"alignleft\"><img loading=\"lazy\" decoding=\"async\" width=\"38\" height=\"42\" src=\"https:\/\/www.glm-laser.com\/glm\/wp-content\/uploads\/pdf-icon.png\" alt=\"Download PDF\" class=\"wp-image-958\"\/><\/figure>\n<\/div>\n<p><a href=\"https:\/\/www.glm-laser.com\/glm\/wp-content\/uploads\/zubeh__r_zielmarkenkatalog_low_res.pdf\" target=\"_blank\" rel=\"noreferrer noopener\"><br \/>Zielmarkenkatalog 2015 (1 MB)<\/a><\/p>\n<p><a rel=\"noreferrer noopener\" href=\"https:\/\/www.glm-laser.com\/glm\/wp-content\/uploads\/zubeh__r_zielmarkenkatalog_low_res.pdf\" target=\"_blank\"><br \/><\/a><\/p>\n<div style=\"height:50px\" aria-hidden=\"true\" class=\"wp-block-spacer\"><\/div>\n<\/p>\n<div class=\"wp-block-image\">\n<figure class=\"alignleft is-resized\"><a href=\"https:\/\/www.glm-laser.com\/glm\/wp-content\/uploads\/SMR_with_base-Kopie.jpg\" class=\"gallery_colorbox\"><img loading=\"lazy\" decoding=\"async\" src=\"https:\/\/www.glm-laser.com\/glm\/wp-content\/uploads\/SMR_with_base-Kopie-1024x1011.jpg\"  alt=\"SMR with base\" class=\"wp-image-7045\" width=\"143\" height=\"141\" srcset=\"https:\/\/www.glm-laser.com\/glm\/wp-content\/uploads\/SMR_with_base-Kopie-1024x1011.jpg 1024w, https:\/\/www.glm-laser.com\/glm\/wp-content\/uploads\/SMR_with_base-Kopie-300x296.jpg 300w, https:\/\/www.glm-laser.com\/glm\/wp-content\/uploads\/SMR_with_base-Kopie-768x758.jpg 768w, https:\/\/www.glm-laser.com\/glm\/wp-content\/uploads\/SMR_with_base-Kopie.jpg 1270w\" sizes=\"(max-width: 143px) 100vw, 143px\" \/><\/a><figcaption>SMR mit Nest<\/figcaption><\/figure>\n<\/div>\n<div class=\"wp-block-image\">\n<figure class=\"alignleft is-resized\"><a href=\"https:\/\/www.glm-laser.com\/glm\/wp-content\/uploads\/SMR_with_relocation-Kopie.jpg\" class=\"gallery_colorbox\"><img loading=\"lazy\" decoding=\"async\" src=\"https:\/\/www.glm-laser.com\/glm\/wp-content\/uploads\/SMR_with_relocation-Kopie-1024x575.jpg\"  alt=\"SMR with Relocation Adapter\" class=\"wp-image-7043\" width=\"331\" height=\"185\" srcset=\"https:\/\/www.glm-laser.com\/glm\/wp-content\/uploads\/SMR_with_relocation-Kopie-1024x575.jpg 1024w, https:\/\/www.glm-laser.com\/glm\/wp-content\/uploads\/SMR_with_relocation-Kopie-300x168.jpg 300w, https:\/\/www.glm-laser.com\/glm\/wp-content\/uploads\/SMR_with_relocation-Kopie-768x431.jpg 768w\" sizes=\"(max-width: 331px) 100vw, 331px\" \/><\/a><figcaption>SMR mit Standortwechsel Adapter<\/figcaption><\/figure>\n<\/div>\n<div style=\"height:100px\" aria-hidden=\"true\" class=\"wp-block-spacer\"><\/div>\n","protected":false},"excerpt":{"rendered":"<p>SMR Kugelreflektor &#8222;High-End&#8220; Kugelreflektoren Durch einen Kugelreflektor SMR mit dem Durchmesser von 1,5&#8243; ist eine Genauigkeit von +\/- 0,0127mm m\u00f6glich. Durch die Nester f\u00fcr Oberflaechen, Kantenlagen und Ecken ist dieses Zielmitten in vielen Bereichen der optischen 3D-Vermessung einsetzbar. Von GLM wurden weiter noch viele Adapter f\u00fcr Spezialanwendungen im Stahlbau, Schiffsbau und Maschinenbau entwickelt. Weitere Kugelreflektoren [&hellip;]<\/p>\n","protected":false},"author":1,"featured_media":0,"parent":745,"menu_order":8,"comment_status":"closed","ping_status":"closed","template":"page_submenu.php","meta":{"footnotes":""},"class_list":["post-777","page","type-page","status-publish","hentry"],"_links":{"self":[{"href":"https:\/\/www.glm-laser.com\/glm\/wp-json\/wp\/v2\/pages\/777"}],"collection":[{"href":"https:\/\/www.glm-laser.com\/glm\/wp-json\/wp\/v2\/pages"}],"about":[{"href":"https:\/\/www.glm-laser.com\/glm\/wp-json\/wp\/v2\/types\/page"}],"author":[{"embeddable":true,"href":"https:\/\/www.glm-laser.com\/glm\/wp-json\/wp\/v2\/users\/1"}],"replies":[{"embeddable":true,"href":"https:\/\/www.glm-laser.com\/glm\/wp-json\/wp\/v2\/comments?post=777"}],"version-history":[{"count":23,"href":"https:\/\/www.glm-laser.com\/glm\/wp-json\/wp\/v2\/pages\/777\/revisions"}],"predecessor-version":[{"id":9646,"href":"https:\/\/www.glm-laser.com\/glm\/wp-json\/wp\/v2\/pages\/777\/revisions\/9646"}],"up":[{"embeddable":true,"href":"https:\/\/www.glm-laser.com\/glm\/wp-json\/wp\/v2\/pages\/745"}],"wp:attachment":[{"href":"https:\/\/www.glm-laser.com\/glm\/wp-json\/wp\/v2\/media?parent=777"}],"curies":[{"name":"wp","href":"https:\/\/api.w.org\/{rel}","templated":true}]}}