{"id":781,"date":"2016-04-18T09:54:28","date_gmt":"2016-04-18T07:54:28","guid":{"rendered":"http:\/\/www.glm-laser.com\/?page_id=781"},"modified":"2020-11-10T12:07:05","modified_gmt":"2020-11-10T11:07:05","slug":"nivellierlatten","status":"publish","type":"page","link":"https:\/\/www.glm-laser.com\/glm\/optische-vermessungsinstrumente-3\/zubehoer-2\/nivellierlatten\/","title":{"rendered":"Nivellierlatten"},"content":{"rendered":"<h1>Zubeh\u00f6r f\u00fcr Pr\u00e4zisionsnivelliere<\/h1>\n<div class=\"section\">\n<p><img loading=\"lazy\" decoding=\"async\" class=\"alignright size-full wp-image-1333\" src=\"https:\/\/www.glm-laser.com\/glm\/wp-content\/uploads\/nivellierlatte-inverlatte.jpg\" alt=\"nivellierlatte-inverlatte\" width=\"150\" height=\"144\" \/><br \/>\n<u><strong>Industrielattenausr\u00fcstung<\/strong><\/u><\/p>\n<p align=\"justify\">Zur H\u00f6henausrichtung und Kontrolle im Grossmaschinen- und Industriebau. Die Genauigkeit des Glasmassstabs liegt bei 0,02mm. Bestellnummer INL1.<\/p>\n<p align=\"justify\"><u><strong>Inverlatten<\/strong><\/u><\/p>\n<table border=\"0\" width=\"269\" cellspacing=\"0\" cellpadding=\"0\">\n<tbody>\n<tr>\n<td width=\"80\" height=\"20\">Bestellnr.<\/td>\n<td colspan=\"2\" width=\"189\">Beschreibung<\/td>\n<\/tr>\n<tr>\n<td rowspan=\"2\" height=\"40\">BIS20<\/td>\n<td colspan=\"2\">2 St\u00fcck 2m Inverlatten,<\/td>\n<\/tr>\n<tr>\n<td colspan=\"2\" height=\"20\">\u00a0Barcodeteilung im Beh\u00e4lter<\/td>\n<\/tr>\n<tr>\n<td rowspan=\"2\" height=\"40\">BIS30<\/td>\n<td colspan=\"2\">2 St\u00fcck 3m Inverlatten,<\/td>\n<\/tr>\n<tr>\n<td colspan=\"2\" height=\"20\">Barcodeteilung im Beh\u00e4lter<\/td>\n<\/tr>\n<\/tbody>\n<\/table>\n<p align=\"justify\"><u><strong>Glasfiberstecklatte\u00a0<\/strong><\/u><\/p>\n<table border=\"0\" width=\"382\" cellspacing=\"0\" cellpadding=\"0\">\n<tbody>\n<tr>\n<td width=\"80\" height=\"20\">Bestellnr.<\/td>\n<td width=\"302\">Beschreibung<\/td>\n<\/tr>\n<tr>\n<td rowspan=\"2\" height=\"40\">BGS40<\/td>\n<td>Barcode-Glasfiberlatte, 4m steckbar (3Teile)<\/td>\n<\/tr>\n<tr>\n<td height=\"20\">mit Haltegriffen, Rueckseite E-Teilung<\/td>\n<\/tr>\n<tr>\n<td rowspan=\"2\" height=\"40\">BGS50<\/td>\n<td>Barcode-Glasfiberlatte, 5m steckbar (4Teile)<\/td>\n<\/tr>\n<tr>\n<td height=\"20\">mit Haltegriffen, Rueckseite E-Teilung<\/td>\n<\/tr>\n<tr>\n<td height=\"20\">GS20L<\/td>\n<td>Lattenrichter 20`\/2mm f\u00fcr BGS-Latte<\/td>\n<\/tr>\n<tr>\n<td height=\"20\">GS60L<\/td>\n<td>Lattenrichter 60`\/2mm f\u00fcr BGS-Latte<\/td>\n<\/tr>\n<\/tbody>\n<\/table>\n<p align=\"justify\"><u><strong>Stahllineale\u00a0<\/strong><\/u><\/p>\n<table border=\"0\" width=\"382\" cellspacing=\"0\" cellpadding=\"0\">\n<tbody>\n<tr>\n<td width=\"80\" height=\"20\">Bestellnr.<\/td>\n<td width=\"302\">Beschreibung<\/td>\n<\/tr>\n<tr>\n<td height=\"20\">BSS30<\/td>\n<td>Barcode-Stahllineal, 300mm<\/td>\n<\/tr>\n<tr>\n<td height=\"20\">BSS60<\/td>\n<td>Barcode-Stahllineal, 600mm<\/td>\n<\/tr>\n<\/tbody>\n<\/table>\n<p align=\"justify\">\n<p align=\"justify\"><a href=\"https:\/\/www.glm-laser.com\/glm\/optische-vermessungsinstrumente-3\/zubehoer-2\/zielmittel\/zielmittel-sdl\/\"><strong>Modifizierte Nivellierlineal ZM_SDL1X<\/strong><\/a><strong>\u00a0<\/strong><em>f\u00fcr H\u00f6henkontrollen im Gro\u00dfmaschinen- und Industriebau.\u00a0<\/em><\/p>\n<p align=\"justify\"><u><strong>Nivellierlatten aus Fiberglas<\/strong><\/u><\/p>\n<table border=\"0\" width=\"438\" cellspacing=\"0\" cellpadding=\"0\">\n<tbody>\n<tr>\n<td width=\"103\" height=\"20\">Bestellnummer<\/td>\n<td width=\"335\">Beschreibung<\/td>\n<\/tr>\n<tr>\n<td>\u00a0&#8211; Glasfiebertelekoplatte, ovaler Querschnitt<\/td>\n<\/tr>\n<tr>\n<td>\u00a0&#8211; Stabil und leicht<\/td>\n<\/tr>\n<tr>\n<td>\u00a0&#8211; Nicht leitend<\/td>\n<\/tr>\n<tr>\n<td>\u00a0&#8211; Rasterkn\u00f6pfe<\/td>\n<\/tr>\n<tr>\n<td>\u00a0&#8211; komplett demontierbar und einfache Reinigung<\/td>\n<\/tr>\n<tr>\n<td>\u00a0&#8211; E-Teilung (G2), verschlei\u00dfgeschuetzt<\/td>\n<\/tr>\n<tr>\n<td>\u00a0\u00a0 unter Epoxydharzschicht<\/td>\n<\/tr>\n<tr>\n<td>\u00a0&#8211; Inkl. Tasche und Lattenrichter<\/td>\n<\/tr>\n<tr>\n<td height=\"20\">SK205\/4M<\/td>\n<td>4m Latte, 4 Teile<\/td>\n<\/tr>\n<tr>\n<td height=\"20\">SK205\/6M<\/td>\n<td>6m Latte, 6 Teile<\/td>\n<\/tr>\n<tr>\n<td height=\"20\">SK205\/8M<\/td>\n<td>8m Latte, 8 Teile<\/td>\n<\/tr>\n<\/tbody>\n<\/table>\n<\/div>\n<p>W\u00fcnschen Sie weitere Informationen \u00fcber die Zielmittel oder m\u00f6chten Sie ein Angebot bekommen? Dann schreiben Sie einfach\u00a0eine\u00a0<a href=\"mailto:vertrieb@glm-laser.de\">E-Mail<\/a>.<\/p>\n<p>Ben\u00f6tigen Sie weiteres Zubeh\u00f6r? Dann schauen Sie auf unser umfangreiches Angebot, indem Sie <a href=\"https:\/\/www.glm-laser.com\/glm\/optische-vermessungsinstrumente-2\/zubehoer-2\/\"><strong>hier klicken<\/strong><\/a><\/p>\n<div class=\"section\">\n<div align=\"justify\">\n<p><img loading=\"lazy\" decoding=\"async\" class=\"alignleft size-full wp-image-958\" src=\"https:\/\/www.glm-laser.com\/glm\/wp-content\/uploads\/pdf-icon.png\" alt=\"Download PDF\" width=\"38\" height=\"42\" \/><\/p>\n<p><a href=\"https:\/\/www.glm-laser.com\/glm\/wp-content\/uploads\/zubeh__r_zielmarkenkatalog_low_res.pdf\" target=\"_blank\" rel=\"noopener noreferrer\"><br \/>\nZielmarkenkatalog 2015 (1 MB)<\/a><\/p>\n<\/div>\n<\/div>\n","protected":false},"excerpt":{"rendered":"<p>Zubeh\u00f6r f\u00fcr Pr\u00e4zisionsnivelliere Industrielattenausr\u00fcstung Zur H\u00f6henausrichtung und Kontrolle im Grossmaschinen- und Industriebau. Die Genauigkeit des Glasmassstabs liegt bei 0,02mm. Bestellnummer INL1. Inverlatten Bestellnr. Beschreibung BIS20 2 St\u00fcck 2m Inverlatten, \u00a0Barcodeteilung im Beh\u00e4lter BIS30 2 St\u00fcck 3m Inverlatten, Barcodeteilung im Beh\u00e4lter Glasfiberstecklatte\u00a0 Bestellnr. Beschreibung BGS40 Barcode-Glasfiberlatte, 4m steckbar (3Teile) mit Haltegriffen, Rueckseite E-Teilung BGS50 Barcode-Glasfiberlatte, 5m [&hellip;]<\/p>\n","protected":false},"author":1,"featured_media":0,"parent":703,"menu_order":11,"comment_status":"closed","ping_status":"closed","template":"page_submenu.php","meta":{"footnotes":""},"class_list":["post-781","page","type-page","status-publish","hentry"],"_links":{"self":[{"href":"https:\/\/www.glm-laser.com\/glm\/wp-json\/wp\/v2\/pages\/781"}],"collection":[{"href":"https:\/\/www.glm-laser.com\/glm\/wp-json\/wp\/v2\/pages"}],"about":[{"href":"https:\/\/www.glm-laser.com\/glm\/wp-json\/wp\/v2\/types\/page"}],"author":[{"embeddable":true,"href":"https:\/\/www.glm-laser.com\/glm\/wp-json\/wp\/v2\/users\/1"}],"replies":[{"embeddable":true,"href":"https:\/\/www.glm-laser.com\/glm\/wp-json\/wp\/v2\/comments?post=781"}],"version-history":[{"count":8,"href":"https:\/\/www.glm-laser.com\/glm\/wp-json\/wp\/v2\/pages\/781\/revisions"}],"predecessor-version":[{"id":9658,"href":"https:\/\/www.glm-laser.com\/glm\/wp-json\/wp\/v2\/pages\/781\/revisions\/9658"}],"up":[{"embeddable":true,"href":"https:\/\/www.glm-laser.com\/glm\/wp-json\/wp\/v2\/pages\/703"}],"wp:attachment":[{"href":"https:\/\/www.glm-laser.com\/glm\/wp-json\/wp\/v2\/media?parent=781"}],"curies":[{"name":"wp","href":"https:\/\/api.w.org\/{rel}","templated":true}]}}