{"id":795,"date":"2016-04-18T10:00:59","date_gmt":"2016-04-18T08:00:59","guid":{"rendered":"http:\/\/www.glm-laser.com\/?page_id=795"},"modified":"2020-10-22T15:08:02","modified_gmt":"2020-10-22T13:08:02","slug":"aps33-dreier-prisma","status":"publish","type":"page","link":"https:\/\/www.glm-laser.com\/glm\/optische-vermessungsinstrumente-3\/zubehoer-2\/prismen-und-prismenstaebe\/aps33-dreier-prisma\/","title":{"rendered":"APS33 Dreier-Prisma"},"content":{"rendered":"<h1>Dreifachprismensystem APS33<\/h1>\n<div class=\"section\">\n<p align=\"justify\"><img loading=\"lazy\" decoding=\"async\" class=\"size-full wp-image-1586 alignright\" src=\"https:\/\/www.glm-laser.com\/glm\/wp-content\/uploads\/Dreifachprismen-System-APS33.jpg\" alt=\"Dreifachprismen System APS33\" width=\"200\" height=\"375\" srcset=\"https:\/\/www.glm-laser.com\/glm\/wp-content\/uploads\/Dreifachprismen-System-APS33.jpg 200w, https:\/\/www.glm-laser.com\/glm\/wp-content\/uploads\/Dreifachprismen-System-APS33-160x300.jpg 160w\" sizes=\"(max-width: 200px) 100vw, 200px\" \/><\/p>\n<p align=\"justify\">Das Prisma APS33 kommt bei extrem langen Streckenmessungen (mit Sokkia Tachymetern) zum Einsatz.<\/p>\n<p align=\"justify\">Wenn Sie ein Angebot w\u00fcnschen, schreiben Sie uns bitte eine <a href=\"mailto:Vertrieb@glm-laser.de\">E-Mail<\/a>.<\/p>\n<p><img loading=\"lazy\" decoding=\"async\" class=\"alignleft size-full wp-image-958\" src=\"https:\/\/www.glm-laser.com\/glm\/wp-content\/uploads\/pdf-icon.png\" alt=\"Download PDF\" width=\"38\" height=\"42\" \/><\/p>\n<p><a href=\"https:\/\/www.glm-laser.com\/glm\/wp-content\/uploads\/prospekt_sokkia_prismen_ap_serie_en1.pdf\" target=\"_blank\" rel=\"noopener noreferrer\"><br \/>\nPropekt Sokkia Prismen AP Serie (2 MB)<\/a><\/p>\n<\/div>\n<p>&nbsp;<\/p>\n<p>Zur\u00fcck zur \u00dcbersicht<\/p>\n","protected":false},"excerpt":{"rendered":"<p>Dreifachprismensystem APS33 Das Prisma APS33 kommt bei extrem langen Streckenmessungen (mit Sokkia Tachymetern) zum Einsatz. Wenn Sie ein Angebot w\u00fcnschen, schreiben Sie uns bitte eine E-Mail. Propekt Sokkia Prismen AP Serie (2 MB) &nbsp; Zur\u00fcck zur \u00dcbersicht<\/p>\n","protected":false},"author":1,"featured_media":0,"parent":749,"menu_order":2,"comment_status":"closed","ping_status":"closed","template":"page_submenu.php","meta":{"footnotes":""},"class_list":["post-795","page","type-page","status-publish","hentry"],"_links":{"self":[{"href":"https:\/\/www.glm-laser.com\/glm\/wp-json\/wp\/v2\/pages\/795"}],"collection":[{"href":"https:\/\/www.glm-laser.com\/glm\/wp-json\/wp\/v2\/pages"}],"about":[{"href":"https:\/\/www.glm-laser.com\/glm\/wp-json\/wp\/v2\/types\/page"}],"author":[{"embeddable":true,"href":"https:\/\/www.glm-laser.com\/glm\/wp-json\/wp\/v2\/users\/1"}],"replies":[{"embeddable":true,"href":"https:\/\/www.glm-laser.com\/glm\/wp-json\/wp\/v2\/comments?post=795"}],"version-history":[{"count":6,"href":"https:\/\/www.glm-laser.com\/glm\/wp-json\/wp\/v2\/pages\/795\/revisions"}],"predecessor-version":[{"id":7389,"href":"https:\/\/www.glm-laser.com\/glm\/wp-json\/wp\/v2\/pages\/795\/revisions\/7389"}],"up":[{"embeddable":true,"href":"https:\/\/www.glm-laser.com\/glm\/wp-json\/wp\/v2\/pages\/749"}],"wp:attachment":[{"href":"https:\/\/www.glm-laser.com\/glm\/wp-json\/wp\/v2\/media?parent=795"}],"curies":[{"name":"wp","href":"https:\/\/api.w.org\/{rel}","templated":true}]}}