{"id":799,"date":"2016-04-18T10:01:30","date_gmt":"2016-04-18T08:01:30","guid":{"rendered":"http:\/\/www.glm-laser.com\/?page_id=799"},"modified":"2020-10-22T15:09:30","modified_gmt":"2020-10-22T13:09:30","slug":"stabstativ-ap71","status":"publish","type":"page","link":"https:\/\/www.glm-laser.com\/glm\/optische-vermessungsinstrumente-3\/zubehoer-2\/prismen-und-prismenstaebe\/stabstativ-ap71\/","title":{"rendered":"Stabstativ AP71"},"content":{"rendered":"<h1>Das Stabstativ AP71 aus dem Hause Sokkia<\/h1>\n<div class=\"section\">\n<p align=\"justify\"><img loading=\"lazy\" decoding=\"async\" class=\"alignright size-full wp-image-1598\" src=\"https:\/\/www.glm-laser.com\/glm\/wp-content\/uploads\/AB71-Stabstativ.jpg\" alt=\"AB71-Stabstativ\" width=\"149\" height=\"315\" srcset=\"https:\/\/www.glm-laser.com\/glm\/wp-content\/uploads\/AB71-Stabstativ.jpg 149w, https:\/\/www.glm-laser.com\/glm\/wp-content\/uploads\/AB71-Stabstativ-142x300.jpg 142w\" sizes=\"(max-width: 149px) 100vw, 149px\" \/>Seit \u00fcber 25 Jahren ist das Stabstativ AP71 aus dem Hause Sokkia auf dem Markt vertreten. Bei vielen Aufgabenstellungen der Vermessung ist dieses Hilfsmittel nicht mehr wegzudenken. Einer der h\u00e4ufigsten Einsatzf\u00e4lle ist das dauerhafte Aufstellen eines Prismenstabes \u00fcber einem Festpunkt.<\/p>\n<div align=\"justify\"><\/div>\n<p align=\"justify\">Das Stabstativ besteht aus drei ausziehbaren Beinen und einer beweglichen Klammer um den Prismenstab zu arretieren.<\/p>\n<div align=\"justify\"><\/div>\n<p align=\"justify\">Wenn Sie Fragen haben, oder ein Angebot w\u00fcnschen, <a href=\"https:\/\/www.glm-laser.com\/kontakt\/\">rufen Sie einfach an oder schreiben uns eine E-Mail<\/a>. Wir helfen Ihnen gerne weiter.<\/p>\n<p align=\"justify\">\n<\/div>\n<p align=\"justify\">Zur\u00fcck zur \u00dcbersicht<\/p>\n","protected":false},"excerpt":{"rendered":"<p>Das Stabstativ AP71 aus dem Hause Sokkia Seit \u00fcber 25 Jahren ist das Stabstativ AP71 aus dem Hause Sokkia auf dem Markt vertreten. Bei vielen Aufgabenstellungen der Vermessung ist dieses Hilfsmittel nicht mehr wegzudenken. Einer der h\u00e4ufigsten Einsatzf\u00e4lle ist das dauerhafte Aufstellen eines Prismenstabes \u00fcber einem Festpunkt. Das Stabstativ besteht aus drei ausziehbaren Beinen und [&hellip;]<\/p>\n","protected":false},"author":1,"featured_media":0,"parent":749,"menu_order":4,"comment_status":"closed","ping_status":"closed","template":"page_submenu.php","meta":{"footnotes":""},"class_list":["post-799","page","type-page","status-publish","hentry"],"_links":{"self":[{"href":"https:\/\/www.glm-laser.com\/glm\/wp-json\/wp\/v2\/pages\/799"}],"collection":[{"href":"https:\/\/www.glm-laser.com\/glm\/wp-json\/wp\/v2\/pages"}],"about":[{"href":"https:\/\/www.glm-laser.com\/glm\/wp-json\/wp\/v2\/types\/page"}],"author":[{"embeddable":true,"href":"https:\/\/www.glm-laser.com\/glm\/wp-json\/wp\/v2\/users\/1"}],"replies":[{"embeddable":true,"href":"https:\/\/www.glm-laser.com\/glm\/wp-json\/wp\/v2\/comments?post=799"}],"version-history":[{"count":6,"href":"https:\/\/www.glm-laser.com\/glm\/wp-json\/wp\/v2\/pages\/799\/revisions"}],"predecessor-version":[{"id":7683,"href":"https:\/\/www.glm-laser.com\/glm\/wp-json\/wp\/v2\/pages\/799\/revisions\/7683"}],"up":[{"embeddable":true,"href":"https:\/\/www.glm-laser.com\/glm\/wp-json\/wp\/v2\/pages\/749"}],"wp:attachment":[{"href":"https:\/\/www.glm-laser.com\/glm\/wp-json\/wp\/v2\/media?parent=799"}],"curies":[{"name":"wp","href":"https:\/\/api.w.org\/{rel}","templated":true}]}}