{"id":803,"date":"2016-04-18T10:01:59","date_gmt":"2016-04-18T08:01:59","guid":{"rendered":"http:\/\/www.glm-laser.com\/?page_id=803"},"modified":"2020-10-22T15:09:31","modified_gmt":"2020-10-22T13:09:31","slug":"prisma-atp1-360","status":"publish","type":"page","link":"https:\/\/www.glm-laser.com\/glm\/optische-vermessungsinstrumente-3\/zubehoer-2\/prismen-und-prismenstaebe\/prisma-atp1-360\/","title":{"rendered":"Prisma ATP1 360"},"content":{"rendered":"<h1>Das Prisma ATP1 360\u00b0 aus dem Hause Sokkia<\/h1>\n<div class=\"section\">\n<p align=\"justify\"><img loading=\"lazy\" decoding=\"async\" class=\"alignright size-full wp-image-1591\" src=\"https:\/\/www.glm-laser.com\/glm\/wp-content\/uploads\/sokkia_rundprisma.jpg\" alt=\"sokkia_rundprisma\" width=\"175\" height=\"320\" srcset=\"https:\/\/www.glm-laser.com\/glm\/wp-content\/uploads\/sokkia_rundprisma.jpg 175w, https:\/\/www.glm-laser.com\/glm\/wp-content\/uploads\/sokkia_rundprisma-164x300.jpg 164w\" sizes=\"(max-width: 175px) 100vw, 175px\" \/>Das Prisma ATP1 360\u00b0 bietet Ihnen bei Pr\u00e4zisionsmessungen eine einzigartige Genauigkeit. Die sechs fokal ausgerichteten Spiegel des 360\u00b0 Prismas erm\u00f6glichen eine 3D-Punktgenauigkeit von bis zu +\/- 1,5 mm (abh\u00e4ngig von der Totalstation und Atmosph\u00e4re). Dieses Zielmittel ist f\u00fcr alle Robotik-Stationen (Ein-Mann-Stationen) bestens geeignet und kann von jeder Richtung aus angezielt werden.<\/p>\n<p align=\"justify\">Wenn Sie ein Angebot w\u00fcnschen, oder weitere Fragen zu dem Prisma ATP1 360\u00b0 haben, rufen Sie bitte an oder senden uns eine <a href=\"mailto:ingenieurvermessung@glm-laser.de\">E-Mail<\/a>.<\/p>\n<p align=\"justify\">\n<\/div>\n<p align=\"justify\">Weitere Pr\u00e4zisionszielmittel<\/p>\n<p align=\"justify\">Zur\u00fcck zur \u00dcbersicht<\/p>\n","protected":false},"excerpt":{"rendered":"<p>Das Prisma ATP1 360\u00b0 aus dem Hause Sokkia Das Prisma ATP1 360\u00b0 bietet Ihnen bei Pr\u00e4zisionsmessungen eine einzigartige Genauigkeit. Die sechs fokal ausgerichteten Spiegel des 360\u00b0 Prismas erm\u00f6glichen eine 3D-Punktgenauigkeit von bis zu +\/- 1,5 mm (abh\u00e4ngig von der Totalstation und Atmosph\u00e4re). Dieses Zielmittel ist f\u00fcr alle Robotik-Stationen (Ein-Mann-Stationen) bestens geeignet und kann von jeder [&hellip;]<\/p>\n","protected":false},"author":1,"featured_media":0,"parent":749,"menu_order":6,"comment_status":"closed","ping_status":"closed","template":"page_submenu.php","meta":{"footnotes":""},"class_list":["post-803","page","type-page","status-publish","hentry"],"_links":{"self":[{"href":"https:\/\/www.glm-laser.com\/glm\/wp-json\/wp\/v2\/pages\/803"}],"collection":[{"href":"https:\/\/www.glm-laser.com\/glm\/wp-json\/wp\/v2\/pages"}],"about":[{"href":"https:\/\/www.glm-laser.com\/glm\/wp-json\/wp\/v2\/types\/page"}],"author":[{"embeddable":true,"href":"https:\/\/www.glm-laser.com\/glm\/wp-json\/wp\/v2\/users\/1"}],"replies":[{"embeddable":true,"href":"https:\/\/www.glm-laser.com\/glm\/wp-json\/wp\/v2\/comments?post=803"}],"version-history":[{"count":9,"href":"https:\/\/www.glm-laser.com\/glm\/wp-json\/wp\/v2\/pages\/803\/revisions"}],"predecessor-version":[{"id":7690,"href":"https:\/\/www.glm-laser.com\/glm\/wp-json\/wp\/v2\/pages\/803\/revisions\/7690"}],"up":[{"embeddable":true,"href":"https:\/\/www.glm-laser.com\/glm\/wp-json\/wp\/v2\/pages\/749"}],"wp:attachment":[{"href":"https:\/\/www.glm-laser.com\/glm\/wp-json\/wp\/v2\/media?parent=803"}],"curies":[{"name":"wp","href":"https:\/\/api.w.org\/{rel}","templated":true}]}}