{"id":805,"date":"2016-04-18T10:02:23","date_gmt":"2016-04-18T08:02:23","guid":{"rendered":"http:\/\/www.glm-laser.com\/?page_id=805"},"modified":"2020-10-22T15:09:31","modified_gmt":"2020-10-22T13:09:31","slug":"prisma-ap01","status":"publish","type":"page","link":"https:\/\/www.glm-laser.com\/glm\/optische-vermessungsinstrumente-3\/zubehoer-2\/prismen-und-prismenstaebe\/prisma-ap01\/","title":{"rendered":"Prisma AP01"},"content":{"rendered":"<h1>Das Pr\u00e4zisionsprisma AP01 aus dem Hause Sokkia<\/h1>\n<div class=\"section\">\n<p align=\"justify\"><img loading=\"lazy\" decoding=\"async\" class=\"alignright size-full wp-image-1565\" src=\"https:\/\/www.glm-laser.com\/glm\/wp-content\/uploads\/Sokkia-AP01.jpg\" alt=\"Sokkia-AP01\" width=\"200\" height=\"200\" srcset=\"https:\/\/www.glm-laser.com\/glm\/wp-content\/uploads\/Sokkia-AP01.jpg 200w, https:\/\/www.glm-laser.com\/glm\/wp-content\/uploads\/Sokkia-AP01-150x150.jpg 150w\" sizes=\"(max-width: 200px) 100vw, 200px\" \/>Das Pr\u00e4zisionsprisma AP01 aus dem Hause Sokkia ist seit jeher das perfekte Zielmittel f\u00fcr pr\u00e4zise Streckenmessungen. Die Streckenmessgenauigkeitsangaben bei Totalstationen aus dem Hause Sokkia sind auf dieses Prisma spezifiziert. Einzig die Messkugel BKS und der Kugelreflektor SMR liefern genauere Ergebnisse.<\/p>\n<p align=\"justify\"><u>Die Charakterischen Merkmale sind unteranderem:<\/u><\/p>\n<div align=\"justify\">\n<ul type=\"disc\">\n<li>AP-Steckzapfen mit 5\/8&#8243; Innengewinde<\/li>\n<li>Prismenkonstante -30\/-40mm (parallaxefrei)<\/li>\n<li>H\u00f6chste Schliffgenauigkeit und Verg\u00fctung<\/li>\n<li>Prisma kippbar, Zieltafel unabh\u00e4ngig starr<\/li>\n<\/ul>\n<\/div>\n<p align=\"justify\"><u>Weitere Merkmale sind:<\/u><\/p>\n<div align=\"justify\">\n<ul type=\"disc\">\n<li>60mm Durchmesser<\/li>\n<li>Sonderhalterungen, z.B. APS12<\/li>\n<li>Komplettsystem mit optischem Lot und Dreifu\u00df im Koffer<\/li>\n<li>Komplettsystem mit Prismenstab und Stabstativ<\/li>\n<\/ul>\n<\/div>\n<p align=\"justify\">Interesse? Wenn Sie ein Angebot w\u00fcnschen oder Fragen haben, <a href=\"https:\/\/www.glm-laser.com\/kontakt\/\">rufen Sie bitte an oder senden uns eine E-Mail<\/a>. Wir helfen Ihnen gerne weiter.<\/p>\n<\/div>\n<p align=\"justify\"><img loading=\"lazy\" decoding=\"async\" class=\"alignleft size-full wp-image-958\" src=\"https:\/\/www.glm-laser.com\/glm\/wp-content\/uploads\/pdf-icon.png\" alt=\"Download PDF\" width=\"38\" height=\"42\" \/><\/p>\n<p align=\"justify\"><a href=\"https:\/\/www.glm-laser.com\/glm\/wp-content\/uploads\/pr__zisionsprisma.pdf\" target=\"_blank\" rel=\"noopener noreferrer\">Pr\u00e4zisionsprisma AP01 drucken (66 kB)<br \/>\n<\/a><a href=\"https:\/\/www.glm-laser.com\/glm\/wp-content\/uploads\/prospekt_sokkia_prismen_ap_serie_en-1.pdf\" target=\"_blank\" rel=\"noopener noreferrer\">Propekt Sokkia Prismen AP Serie (2 MB)<\/a><\/p>\n<p align=\"justify\">\n<p align=\"justify\">\n<p align=\"justify\">Zur\u00fcck zur \u00dcbersicht<\/p>\n","protected":false},"excerpt":{"rendered":"<p>Das Pr\u00e4zisionsprisma AP01 aus dem Hause Sokkia Das Pr\u00e4zisionsprisma AP01 aus dem Hause Sokkia ist seit jeher das perfekte Zielmittel f\u00fcr pr\u00e4zise Streckenmessungen. Die Streckenmessgenauigkeitsangaben bei Totalstationen aus dem Hause Sokkia sind auf dieses Prisma spezifiziert. Einzig die Messkugel BKS und der Kugelreflektor SMR liefern genauere Ergebnisse. Die Charakterischen Merkmale sind unteranderem: AP-Steckzapfen mit 5\/8&#8243; [&hellip;]<\/p>\n","protected":false},"author":1,"featured_media":0,"parent":749,"menu_order":7,"comment_status":"closed","ping_status":"closed","template":"page_submenu.php","meta":{"footnotes":""},"class_list":["post-805","page","type-page","status-publish","hentry"],"_links":{"self":[{"href":"https:\/\/www.glm-laser.com\/glm\/wp-json\/wp\/v2\/pages\/805"}],"collection":[{"href":"https:\/\/www.glm-laser.com\/glm\/wp-json\/wp\/v2\/pages"}],"about":[{"href":"https:\/\/www.glm-laser.com\/glm\/wp-json\/wp\/v2\/types\/page"}],"author":[{"embeddable":true,"href":"https:\/\/www.glm-laser.com\/glm\/wp-json\/wp\/v2\/users\/1"}],"replies":[{"embeddable":true,"href":"https:\/\/www.glm-laser.com\/glm\/wp-json\/wp\/v2\/comments?post=805"}],"version-history":[{"count":27,"href":"https:\/\/www.glm-laser.com\/glm\/wp-json\/wp\/v2\/pages\/805\/revisions"}],"predecessor-version":[{"id":7705,"href":"https:\/\/www.glm-laser.com\/glm\/wp-json\/wp\/v2\/pages\/805\/revisions\/7705"}],"up":[{"embeddable":true,"href":"https:\/\/www.glm-laser.com\/glm\/wp-json\/wp\/v2\/pages\/749"}],"wp:attachment":[{"href":"https:\/\/www.glm-laser.com\/glm\/wp-json\/wp\/v2\/media?parent=805"}],"curies":[{"name":"wp","href":"https:\/\/api.w.org\/{rel}","templated":true}]}}