{"id":807,"date":"2016-04-18T10:04:20","date_gmt":"2016-04-18T08:04:20","guid":{"rendered":"http:\/\/www.glm-laser.com\/?page_id=807"},"modified":"2020-11-10T12:06:22","modified_gmt":"2020-11-10T11:06:22","slug":"kurbelstativ","status":"publish","type":"page","link":"https:\/\/www.glm-laser.com\/glm\/optische-vermessungsinstrumente-3\/zubehoer-2\/stative\/kurbelstativ\/","title":{"rendered":"Kurbelstativ 117SKX"},"content":{"rendered":"<h1>Das Kurbelstativ 117SKX von Sokkia<\/h1>\n<div class=\"section\">\n<p align=\"justify\"><img loading=\"lazy\" decoding=\"async\" class=\"alignright size-full wp-image-1654\" src=\"https:\/\/www.glm-laser.com\/glm\/wp-content\/uploads\/Kurbelstativ-1017SKX.jpg\" alt=\"Kurbelstativ-1017SKX\" width=\"200\" height=\"433\" srcset=\"https:\/\/www.glm-laser.com\/glm\/wp-content\/uploads\/Kurbelstativ-1017SKX.jpg 200w, https:\/\/www.glm-laser.com\/glm\/wp-content\/uploads\/Kurbelstativ-1017SKX-139x300.jpg 139w\" sizes=\"(max-width: 200px) 100vw, 200px\" \/>Das Stativ 117SKX von Sokkia ist ausgestattet mit Mittenverstrebungen. Die Aufbauh\u00f6he liegt zwischen 0,5m und 1,8m. Der Stativkopf ist abnehmbar (Klemmschrauben) und ist ausgestattet mit einer 5\/8&#8243; Aufnahme. Der Kurbelhub liegt bei 45cm. Die Mittels\u00e4ule ist arretierbar. Beinauszug und Streben werden mit Klemmschrauben arretiert. Die Spitzen der F\u00fc\u00dfe sind aus Aluminium. Dieses Kurbelstativ eignet sich hervorragend f\u00fcr Laser und Nivelliere.<\/p>\n<p><strong>Charakteristische Merkmale:<\/strong><\/p>\n<ul type=\"disc\">\n<li>Kurbelstativ mit Mittenverstrebung<\/li>\n<li>Aufbauh\u00f6he von 0,5m bis 1,8m<\/li>\n<li>Beinauszug einfach<\/li>\n<\/ul>\n<p><strong>Weitere Merkmale:<\/strong><\/p>\n<ul type=\"disc\">\n<li>Stativkopf abnehmbar (Klemmschraube)<\/li>\n<li>5\/8&#8243;-Aufnahme<\/li>\n<li>Kurbelhub 45cm<\/li>\n<li>Mittels\u00e4ule arretierbar<\/li>\n<li>Beinauszug und Streben mit Klemmschraube<\/li>\n<li>Spitze F\u00fc\u00dfe aus Aluminium<\/li>\n<\/ul>\n<p><strong>Geeignet f\u00fcr:<\/strong><\/p>\n<ul type=\"disc\">\n<li>Laser<\/li>\n<li>Nivelliere<\/li>\n<\/ul>\n<p>&nbsp;<\/p>\n<p><a href=\"https:\/\/www.glm-laser.com\/glm\/optische-vermessungsinstrumente-3\/zubehoer-2\/stative\/\">Zur\u00fcck zur \u00dcbersicht<\/a><\/p>\n<\/div>\n","protected":false},"excerpt":{"rendered":"<p>Das Kurbelstativ 117SKX von Sokkia Das Stativ 117SKX von Sokkia ist ausgestattet mit Mittenverstrebungen. Die Aufbauh\u00f6he liegt zwischen 0,5m und 1,8m. Der Stativkopf ist abnehmbar (Klemmschrauben) und ist ausgestattet mit einer 5\/8&#8243; Aufnahme. Der Kurbelhub liegt bei 45cm. Die Mittels\u00e4ule ist arretierbar. Beinauszug und Streben werden mit Klemmschrauben arretiert. Die Spitzen der F\u00fc\u00dfe sind aus [&hellip;]<\/p>\n","protected":false},"author":1,"featured_media":0,"parent":755,"menu_order":1,"comment_status":"closed","ping_status":"closed","template":"page_submenu.php","meta":{"footnotes":""},"class_list":["post-807","page","type-page","status-publish","hentry"],"_links":{"self":[{"href":"https:\/\/www.glm-laser.com\/glm\/wp-json\/wp\/v2\/pages\/807"}],"collection":[{"href":"https:\/\/www.glm-laser.com\/glm\/wp-json\/wp\/v2\/pages"}],"about":[{"href":"https:\/\/www.glm-laser.com\/glm\/wp-json\/wp\/v2\/types\/page"}],"author":[{"embeddable":true,"href":"https:\/\/www.glm-laser.com\/glm\/wp-json\/wp\/v2\/users\/1"}],"replies":[{"embeddable":true,"href":"https:\/\/www.glm-laser.com\/glm\/wp-json\/wp\/v2\/comments?post=807"}],"version-history":[{"count":8,"href":"https:\/\/www.glm-laser.com\/glm\/wp-json\/wp\/v2\/pages\/807\/revisions"}],"predecessor-version":[{"id":9638,"href":"https:\/\/www.glm-laser.com\/glm\/wp-json\/wp\/v2\/pages\/807\/revisions\/9638"}],"up":[{"embeddable":true,"href":"https:\/\/www.glm-laser.com\/glm\/wp-json\/wp\/v2\/pages\/755"}],"wp:attachment":[{"href":"https:\/\/www.glm-laser.com\/glm\/wp-json\/wp\/v2\/media?parent=807"}],"curies":[{"name":"wp","href":"https:\/\/api.w.org\/{rel}","templated":true}]}}