{"id":809,"date":"2016-04-18T10:04:43","date_gmt":"2016-04-18T08:04:43","guid":{"rendered":"http:\/\/www.glm-laser.com\/?page_id=809"},"modified":"2020-11-10T12:06:22","modified_gmt":"2020-11-10T11:06:22","slug":"holzstative","status":"publish","type":"page","link":"https:\/\/www.glm-laser.com\/glm\/optische-vermessungsinstrumente-3\/zubehoer-2\/stative\/holzstative\/","title":{"rendered":"Holzstative"},"content":{"rendered":"<h1>Holzstative<\/h1>\n<p><strong>Bestellname:<img loading=\"lazy\" decoding=\"async\" class=\"alignright size-full wp-image-1668\" src=\"https:\/\/www.glm-laser.com\/glm\/wp-content\/uploads\/schweres-Holzstativ.png\" alt=\"schweres-Holzstativ\" width=\"254\" height=\"319\" srcset=\"https:\/\/www.glm-laser.com\/glm\/wp-content\/uploads\/schweres-Holzstativ.png 254w, https:\/\/www.glm-laser.com\/glm\/wp-content\/uploads\/schweres-Holzstativ-239x300.png 239w\" sizes=\"(max-width: 254px) 100vw, 254px\" \/><br \/>\n<\/strong>PFW1B-E<\/p>\n<p><strong>Beschreibung:<\/strong><\/p>\n<p><strong>Charakteristische Merkmale:<\/strong><\/p>\n<ul class=\"unIndentedList\">\n<li>Schwere Ausf\u00fchrung<\/li>\n<li>Beinauszug mit Schraubklemmung<\/li>\n<\/ul>\n<p><strong>Weitere Merkmale:<\/strong><\/p>\n<ul class=\"unIndentedList\">\n<li>Flachkopf, rund mit Schutzkappe (\u00f8165mm)<\/li>\n<li>5\/8&#8243; Anzugschraube, Lot\u00f6ffnung 69mm<\/li>\n<li>Ausz\u00fcge und Holme aus Holz, kunststoffbeschichtet<\/li>\n<li>Fu\u00dfspitzen aus Stahl, auswechselbar<\/li>\n<li>Nylon-Tragegurt<\/li>\n<li>Transportbindegurt mit Lochschnalle<\/li>\n<\/ul>\n<p><strong>Geeignet f\u00fcr:<\/strong><\/p>\n<ul class=\"unIndentedList\">\n<li>Totalstationen<\/li>\n<li>Theodolite<\/li>\n<\/ul>\n<p>&nbsp;<\/p>\n<p><strong>Bestellname:<img loading=\"lazy\" decoding=\"async\" class=\"alignright size-full wp-image-1667\" src=\"https:\/\/www.glm-laser.com\/glm\/wp-content\/uploads\/pfw5b-estativ.png\" alt=\"pfw5b-estativ\" width=\"239\" height=\"451\" srcset=\"https:\/\/www.glm-laser.com\/glm\/wp-content\/uploads\/pfw5b-estativ.png 239w, https:\/\/www.glm-laser.com\/glm\/wp-content\/uploads\/pfw5b-estativ-159x300.png 159w\" sizes=\"(max-width: 239px) 100vw, 239px\" \/><br \/>\n<\/strong>PFW1B-E<\/p>\n<p><strong>Charakteristische Merkmale:<\/strong><\/p>\n<ul class=\"unIndentedList\">\n<li>Leichte Ausf\u00fchrung<\/li>\n<li>Beinauszug mit Klemmhebel<\/li>\n<\/ul>\n<p><strong>Weitere Merkmale:<\/strong><\/p>\n<ul class=\"unIndentedList\">\n<li>Flachkopf, dreieckig, gr\u00fcn lackiert<\/li>\n<li>5\/8&#8243; Anzugschraube<\/li>\n<li>Ausz\u00fcge und Holme aus Holz, kunststoffbeschichtet<\/li>\n<li>F\u00fc\u00dfe aus Aluminium<\/li>\n<li>Nylon-Tragegurt<\/li>\n<li>Transportbindegurt mit Klettverschluss<\/li>\n<\/ul>\n<p><strong>Geeignet f\u00fcr:<\/strong><\/p>\n<ul class=\"unIndentedList\">\n<li>Totalstationen (nicht motorisierte)<\/li>\n<li>Theodolite<\/li>\n<li>GPS (statisch)<\/li>\n<\/ul>\n<p><strong>Sonderausf\u00fchrung wie PFW5B-E mit Schraubklemmung:<br \/>\n<\/strong>PFW5B-R<strong><br \/>\n<\/strong><\/p>\n<p><strong>Nylontasche f\u00fcr Stative:<\/strong><br \/>\n8150<\/p>\n<p><strong>Stativspitzen (3 St\u00fcck):<\/strong><br \/>\nND660121<\/p>\n<p>&nbsp;<\/p>\n<p><a href=\"https:\/\/www.glm-laser.com\/glm\/optische-vermessungsinstrumente-3\/zubehoer-2\/stative\/\">Zur\u00fcck zur \u00dcbersicht<\/a><\/p>\n","protected":false},"excerpt":{"rendered":"<p>Holzstative Bestellname: PFW1B-E Beschreibung: Charakteristische Merkmale: Schwere Ausf\u00fchrung Beinauszug mit Schraubklemmung Weitere Merkmale: Flachkopf, rund mit Schutzkappe (\u00f8165mm) 5\/8&#8243; Anzugschraube, Lot\u00f6ffnung 69mm Ausz\u00fcge und Holme aus Holz, kunststoffbeschichtet Fu\u00dfspitzen aus Stahl, auswechselbar Nylon-Tragegurt Transportbindegurt mit Lochschnalle Geeignet f\u00fcr: Totalstationen Theodolite &nbsp; Bestellname: PFW1B-E Charakteristische Merkmale: Leichte Ausf\u00fchrung Beinauszug mit Klemmhebel Weitere Merkmale: Flachkopf, dreieckig, gr\u00fcn [&hellip;]<\/p>\n","protected":false},"author":1,"featured_media":0,"parent":755,"menu_order":2,"comment_status":"closed","ping_status":"closed","template":"page_submenu.php","meta":{"footnotes":""},"class_list":["post-809","page","type-page","status-publish","hentry"],"_links":{"self":[{"href":"https:\/\/www.glm-laser.com\/glm\/wp-json\/wp\/v2\/pages\/809"}],"collection":[{"href":"https:\/\/www.glm-laser.com\/glm\/wp-json\/wp\/v2\/pages"}],"about":[{"href":"https:\/\/www.glm-laser.com\/glm\/wp-json\/wp\/v2\/types\/page"}],"author":[{"embeddable":true,"href":"https:\/\/www.glm-laser.com\/glm\/wp-json\/wp\/v2\/users\/1"}],"replies":[{"embeddable":true,"href":"https:\/\/www.glm-laser.com\/glm\/wp-json\/wp\/v2\/comments?post=809"}],"version-history":[{"count":9,"href":"https:\/\/www.glm-laser.com\/glm\/wp-json\/wp\/v2\/pages\/809\/revisions"}],"predecessor-version":[{"id":9639,"href":"https:\/\/www.glm-laser.com\/glm\/wp-json\/wp\/v2\/pages\/809\/revisions\/9639"}],"up":[{"embeddable":true,"href":"https:\/\/www.glm-laser.com\/glm\/wp-json\/wp\/v2\/pages\/755"}],"wp:attachment":[{"href":"https:\/\/www.glm-laser.com\/glm\/wp-json\/wp\/v2\/media?parent=809"}],"curies":[{"name":"wp","href":"https:\/\/api.w.org\/{rel}","templated":true}]}}