{"id":811,"date":"2016-04-18T10:05:01","date_gmt":"2016-04-18T08:05:01","guid":{"rendered":"http:\/\/www.glm-laser.com\/?page_id=811"},"modified":"2020-11-10T12:06:22","modified_gmt":"2020-11-10T11:06:22","slug":"aluminiumstative","status":"publish","type":"page","link":"https:\/\/www.glm-laser.com\/glm\/optische-vermessungsinstrumente-3\/zubehoer-2\/stative\/aluminiumstative\/","title":{"rendered":"Aluminiumstative"},"content":{"rendered":"<h1>Aluminiumstative PFA5-E und PSA5-E von Sokkia<\/h1>\n<p><strong>Bestellname<\/strong><\/p>\n<p>PFA5-E<strong><br \/>\n<\/strong><\/p>\n<p>&nbsp;<\/p>\n<p><strong>Beschreibung<img loading=\"lazy\" decoding=\"async\" class=\"alignright size-full wp-image-1673\" src=\"https:\/\/www.glm-laser.com\/glm\/wp-content\/uploads\/Aluminiumstative.png\" alt=\"Aluminiumstative\" width=\"278\" height=\"451\" srcset=\"https:\/\/www.glm-laser.com\/glm\/wp-content\/uploads\/Aluminiumstative.png 278w, https:\/\/www.glm-laser.com\/glm\/wp-content\/uploads\/Aluminiumstative-185x300.png 185w\" sizes=\"(max-width: 278px) 100vw, 278px\" \/><\/strong><\/p>\n<p><strong>Charakteristische Merkmale:<\/strong><\/p>\n<ul class=\"unIndentedList\">\n<li>Flachkopf, dreieckig, gr\u00fcn lackiert<\/li>\n<li>Schwere Ausf\u00fchrung<\/li>\n<li>Beinauszug mit Klemmhebel<\/li>\n<\/ul>\n<p><strong>Weitere Merkmale:<\/strong><\/p>\n<ul class=\"unIndentedList\">\n<li>5\/8&#8243; Anzugschraube<\/li>\n<li>F\u00fc\u00dfe aus Aluminium<\/li>\n<li>Nylon-Tragegurt<\/li>\n<\/ul>\n<p><strong>Geeignet f\u00fcr:<\/strong><\/p>\n<ul class=\"unIndentedList\">\n<li>Bautachymeter<\/li>\n<li>Theodolite<\/li>\n<li>GPS (statisch)<\/li>\n<li>Nivelliere<\/li>\n<li>Laser<\/li>\n<\/ul>\n<p><strong>Bestellname<\/strong><\/p>\n<p>PSA5-E<\/p>\n<p><strong>Charakteristische Merkmale:<\/strong><\/p>\n<ul class=\"unIndentedList\">\n<li>Kugelkopf, dreieckig, gr\u00fcn lackiert<\/li>\n<li>Schwere Ausf\u00fchrung<\/li>\n<li>Beinauszug mit Klemmhebel<\/li>\n<\/ul>\n<p><strong>Weitere Merkmale:<\/strong><\/p>\n<ul class=\"unIndentedList\">\n<li>Wie PSA5-E<\/li>\n<\/ul>\n<p><strong>Geeignet f\u00fcr:<\/strong><\/p>\n<ul class=\"unIndentedList\">\n<li>Nivelliere<\/li>\n<li>Laser<\/li>\n<\/ul>\n<p><a href=\"https:\/\/www.glm-laser.com\/glm\/optische-vermessungsinstrumente-3\/zubehoer-2\/stative\/\">Zur\u00fcck zur \u00dcbersicht<\/a><\/p>\n","protected":false},"excerpt":{"rendered":"<p>Aluminiumstative PFA5-E und PSA5-E von Sokkia Bestellname PFA5-E &nbsp; Beschreibung Charakteristische Merkmale: Flachkopf, dreieckig, gr\u00fcn lackiert Schwere Ausf\u00fchrung Beinauszug mit Klemmhebel Weitere Merkmale: 5\/8&#8243; Anzugschraube F\u00fc\u00dfe aus Aluminium Nylon-Tragegurt Geeignet f\u00fcr: Bautachymeter Theodolite GPS (statisch) Nivelliere Laser Bestellname PSA5-E Charakteristische Merkmale: Kugelkopf, dreieckig, gr\u00fcn lackiert Schwere Ausf\u00fchrung Beinauszug mit Klemmhebel Weitere Merkmale: Wie PSA5-E Geeignet [&hellip;]<\/p>\n","protected":false},"author":1,"featured_media":0,"parent":755,"menu_order":3,"comment_status":"closed","ping_status":"closed","template":"page_submenu.php","meta":{"footnotes":""},"class_list":["post-811","page","type-page","status-publish","hentry"],"_links":{"self":[{"href":"https:\/\/www.glm-laser.com\/glm\/wp-json\/wp\/v2\/pages\/811"}],"collection":[{"href":"https:\/\/www.glm-laser.com\/glm\/wp-json\/wp\/v2\/pages"}],"about":[{"href":"https:\/\/www.glm-laser.com\/glm\/wp-json\/wp\/v2\/types\/page"}],"author":[{"embeddable":true,"href":"https:\/\/www.glm-laser.com\/glm\/wp-json\/wp\/v2\/users\/1"}],"replies":[{"embeddable":true,"href":"https:\/\/www.glm-laser.com\/glm\/wp-json\/wp\/v2\/comments?post=811"}],"version-history":[{"count":9,"href":"https:\/\/www.glm-laser.com\/glm\/wp-json\/wp\/v2\/pages\/811\/revisions"}],"predecessor-version":[{"id":9640,"href":"https:\/\/www.glm-laser.com\/glm\/wp-json\/wp\/v2\/pages\/811\/revisions\/9640"}],"up":[{"embeddable":true,"href":"https:\/\/www.glm-laser.com\/glm\/wp-json\/wp\/v2\/pages\/755"}],"wp:attachment":[{"href":"https:\/\/www.glm-laser.com\/glm\/wp-json\/wp\/v2\/media?parent=811"}],"curies":[{"name":"wp","href":"https:\/\/api.w.org\/{rel}","templated":true}]}}