{"id":817,"date":"2016-04-18T10:11:49","date_gmt":"2016-04-18T08:11:49","guid":{"rendered":"http:\/\/www.glm-laser.com\/?page_id=817"},"modified":"2020-10-22T15:15:12","modified_gmt":"2020-10-22T13:15:12","slug":"historische-totalstationen","status":"publish","type":"page","link":"https:\/\/www.glm-laser.com\/glm\/optische-vermessungsinstrumente-3\/uebersicht\/historische-totalstationen\/","title":{"rendered":"Historische Totalstationen"},"content":{"rendered":"<h2 class=\"wp-block-heading\">\u00dcbsicht historische Totalstationen Sokkia einst Sokisha<\/h2>\n<p>Sokkia &#8211; einst Sokisha &#8211; vertreibt seit den Achtzigern des letzten Jahrhunderts Totalstationen f\u00fcr klassische Anwendungen der Vermessung in Deutschland. Nachfolgend&nbsp;k\u00f6nnen Sie Informationen \u00fcber die einzelnen Instrumentengruppen erhalten. <\/p>\n<div class=\"wp-block-image\">\n<figure class=\"aligncenter is-resized\"><img loading=\"lazy\" decoding=\"async\" src=\"https:\/\/www.glm-laser.com\/glm\/wp-content\/uploads\/Teittafel-837x1024.png\" alt=\"\" class=\"wp-image-4618\" width=\"419\" height=\"512\" srcset=\"https:\/\/www.glm-laser.com\/glm\/wp-content\/uploads\/Teittafel-837x1024.png 837w, https:\/\/www.glm-laser.com\/glm\/wp-content\/uploads\/Teittafel-245x300.png 245w, https:\/\/www.glm-laser.com\/glm\/wp-content\/uploads\/Teittafel-768x940.png 768w, https:\/\/www.glm-laser.com\/glm\/wp-content\/uploads\/Teittafel.png 1906w\" sizes=\"(max-width: 419px) 100vw, 419px\" \/><\/figure>\n<\/div>\n<h3 class=\"wp-block-heading\"> Links zu den einzelnen Ger\u00e4tetypen: <\/h3>\n<p>SET3 &#8211; SET4<\/p>\n<p>SET3E &#8211; SET4E<\/p>\n<p>SET2B &#8211; SET3B &#8211; SET4B<\/p>\n<p>SET-C &#8211; SET-CII &#8211; SET2C &#8211; <a href=\"https:\/\/www.glm-laser.com\/set2cii\/\">SET2CII <\/a>&#8211; SET3C &#8211; SET3CII &#8211; SET4C- SET4CII<\/p>\n<p>SET BII<\/p>\n<p>SET1000 &#8211; SET2000 &#8211; SET3000 &#8211; SET4000<\/p>\n<p>SET2100 &#8211; SET3100 &#8211; SET4100<\/p>\n<p>SET1120 &#8211; SET2120 &#8211; SET3120 &#8211; SET4120<\/p>\n<p>PowerSET Serie x010 &#8211; SET1010 &#8211; SET2010 &#8211; SET3010 &#8211; SET4010<\/p>\n<p>Serie 100 &#8211; SET2110 &#8211; SET3110 &#8211; SET3110R &#8211; SET4110 &#8211; SET4110R<\/p>\n<p>SET1030R &#8211; SET1030R3 &#8211; SET2030R &#8211; SET2030R3 &#8211; SET3030R &#8211; SET3030R3<\/p>\n<p>SET1X &#8211; SET2X &#8211; SET3X &#8211; SET5X<\/p>\n<p>SET3230RM &#8211; SET4230RM<\/p>\n<p>SET4110M<\/p>\n<p>SET5 &#8211; SET5A &#8211; SET5F &#8211; SET5S &#8211; SET5E &#8211; SET5FS &#8211; SET5W &#8211; SET5WS<\/p>\n<p>SET6E &#8211; SET6F &#8211; SET6S<\/p>\n<p>EZS20 &#8211; EZS21<\/p>\n<p>SET300 &#8211; SET500 &#8211; SET600<\/p>\n<p>SET 210K &#8211; SET 310K &#8211; SET 510K &#8211; SET 610K<\/p>\n<p>SET 210 &#8211; SET 310 &#8211; SET 510 &#8211; SET 610<\/p>\n<p>SET 230R &#8211; SET 330R &#8211; SET 530R &#8211; SET 630R<\/p>\n<p>SET230R3 &#8211; SET330R3 &#8211; SET530R3<\/p>\n<p>SET230RK &#8211; SET330RK &#8211; SET530RK &#8211; SET630RK<\/p>\n<p>SET230RK3 &#8211; SET330RK3 &#8211; SET530RK3<\/p>\n<p>SET250RX &#8211; SET350RX &#8211; SET550RX &#8211; SET650RX<\/p>\n<p>CX-101 &#8211; CX-102 &#8211; CX-103 &#8211; CX-105 &#8211; CX-107<\/p>\n<p>FX-101 &#8211; FX-102 &#8211; FX-103 &#8211; FX-105<\/p>\n<p>SRX-1T &#8211; SRX-2T &#8211; SRX-3T &#8211; SRX-5T<\/p>\n<p>SRX-X &#8211; SRX1X<\/p>\n","protected":false},"excerpt":{"rendered":"<p>\u00dcbsicht historische Totalstationen Sokkia einst Sokisha Sokkia &#8211; einst Sokisha &#8211; vertreibt seit den Achtzigern des letzten Jahrhunderts Totalstationen f\u00fcr klassische Anwendungen der Vermessung in Deutschland. Nachfolgend&nbsp;k\u00f6nnen Sie Informationen \u00fcber die einzelnen Instrumentengruppen erhalten. Links zu den einzelnen Ger\u00e4tetypen: SET3 &#8211; SET4 SET3E &#8211; SET4E SET2B &#8211; SET3B &#8211; SET4B SET-C &#8211; SET-CII &#8211; SET2C [&hellip;]<\/p>\n","protected":false},"author":2,"featured_media":0,"parent":705,"menu_order":2,"comment_status":"closed","ping_status":"closed","template":"page_submenu.php","meta":{"footnotes":""},"class_list":["post-817","page","type-page","status-publish","hentry"],"_links":{"self":[{"href":"https:\/\/www.glm-laser.com\/glm\/wp-json\/wp\/v2\/pages\/817"}],"collection":[{"href":"https:\/\/www.glm-laser.com\/glm\/wp-json\/wp\/v2\/pages"}],"about":[{"href":"https:\/\/www.glm-laser.com\/glm\/wp-json\/wp\/v2\/types\/page"}],"author":[{"embeddable":true,"href":"https:\/\/www.glm-laser.com\/glm\/wp-json\/wp\/v2\/users\/2"}],"replies":[{"embeddable":true,"href":"https:\/\/www.glm-laser.com\/glm\/wp-json\/wp\/v2\/comments?post=817"}],"version-history":[{"count":150,"href":"https:\/\/www.glm-laser.com\/glm\/wp-json\/wp\/v2\/pages\/817\/revisions"}],"predecessor-version":[{"id":8209,"href":"https:\/\/www.glm-laser.com\/glm\/wp-json\/wp\/v2\/pages\/817\/revisions\/8209"}],"up":[{"embeddable":true,"href":"https:\/\/www.glm-laser.com\/glm\/wp-json\/wp\/v2\/pages\/705"}],"wp:attachment":[{"href":"https:\/\/www.glm-laser.com\/glm\/wp-json\/wp\/v2\/media?parent=817"}],"curies":[{"name":"wp","href":"https:\/\/api.w.org\/{rel}","templated":true}]}}