{"id":819,"date":"2016-04-18T10:12:29","date_gmt":"2016-04-18T08:12:29","guid":{"rendered":"http:\/\/www.glm-laser.com\/?page_id=819"},"modified":"2021-07-12T12:07:34","modified_gmt":"2021-07-12T10:07:34","slug":"theodolite","status":"publish","type":"page","link":"https:\/\/www.glm-laser.com\/glm\/optische-vermessungsinstrumente-3\/uebersicht\/theodolite\/","title":{"rendered":"Theodolite"},"content":{"rendered":"<h1>Der Theodolit aus dem Hause Sokkia<\/h1>\n<div class=\"section\">\n<p align=\"justify\"><img loading=\"lazy\" decoding=\"async\" class=\"alignright size-full wp-image-2300\" src=\"https:\/\/www.glm-laser.com\/glm\/wp-content\/uploads\/Theodolit.jpg\" alt=\"Theodolit\" width=\"200\" height=\"342\" srcset=\"https:\/\/www.glm-laser.com\/glm\/wp-content\/uploads\/Theodolit.jpg 200w, https:\/\/www.glm-laser.com\/glm\/wp-content\/uploads\/Theodolit-175x300.jpg 175w\" sizes=\"(max-width: 200px) 100vw, 200px\" \/>In der folgenden \u00dcbersicht sind verschiedene Baureihen von Theodolite aus dem Hause Sokkia hinterlegt. Auf diesen Seiten finden sie Handb\u00fccher, Bedienungsanleitungen und weitere Daten \u00fcber die Theodolite.<\/p>\n<p align=\"justify\"><u><strong>Aktuelle Baureihe:<\/strong><\/u><\/p>\n<ul>\n<li>Sokkia DT550, DT550L, DT950GL<\/li>\n<\/ul>\n<p><u><strong>Historische Baureihen:<\/strong><\/u><\/p>\n<div align=\"justify\">\n<ul>\n<li>Sokkia DT240, DT540, DT740 und DT940<\/li>\n<\/ul>\n<\/div>\n<ul>\n<li>Sokkia TM1A<\/li>\n<li>Sokkia TM6, TM20H, TM20E und <a href=\"https:\/\/www.glm-laser.com\/sokkia-t60e\/\">T60E<\/a><\/li>\n<li>Sokkia TS20A<\/li>\n<li>Sokkia DT2, DT2E, DT4, DT4E, DT4S, DT4F, DT5, DT5A und DT6<\/li>\n<li>Sokkia DT500, DT500A, DT500S, DT500AS, DT600 und DT600S<\/li>\n<li>Sokkia DT210, DT510, DT510A und DT610<\/li>\n<li>Sokkia DT220, DT520, DT520A und DT620<\/li>\n<li>Sokkia LDT50 und LDT520<\/li>\n<\/ul>\n<p align=\"justify\">Wenn Sie Fragen haben, <a href=\"https:\/\/www.glm-laser.com\/kontakt\/\">rufen Sie bitte an<\/a> oder <a href=\"mailto:werkstatt@glm-laser.de\">schreiben uns eine E-Mail<\/a>. Wir helfen Ihnen gerne weiter.<\/p>\n<\/div>\n","protected":false},"excerpt":{"rendered":"<p>Der Theodolit aus dem Hause Sokkia In der folgenden \u00dcbersicht sind verschiedene Baureihen von Theodolite aus dem Hause Sokkia hinterlegt. Auf diesen Seiten finden sie Handb\u00fccher, Bedienungsanleitungen und weitere Daten \u00fcber die Theodolite. Aktuelle Baureihe: Sokkia DT550, DT550L, DT950GL Historische Baureihen: Sokkia DT240, DT540, DT740 und DT940 Sokkia TM1A Sokkia TM6, TM20H, TM20E und T60E [&hellip;]<\/p>\n","protected":false},"author":1,"featured_media":0,"parent":705,"menu_order":3,"comment_status":"closed","ping_status":"closed","template":"page_submenu.php","meta":{"footnotes":""},"class_list":["post-819","page","type-page","status-publish","hentry"],"_links":{"self":[{"href":"https:\/\/www.glm-laser.com\/glm\/wp-json\/wp\/v2\/pages\/819"}],"collection":[{"href":"https:\/\/www.glm-laser.com\/glm\/wp-json\/wp\/v2\/pages"}],"about":[{"href":"https:\/\/www.glm-laser.com\/glm\/wp-json\/wp\/v2\/types\/page"}],"author":[{"embeddable":true,"href":"https:\/\/www.glm-laser.com\/glm\/wp-json\/wp\/v2\/users\/1"}],"replies":[{"embeddable":true,"href":"https:\/\/www.glm-laser.com\/glm\/wp-json\/wp\/v2\/comments?post=819"}],"version-history":[{"count":47,"href":"https:\/\/www.glm-laser.com\/glm\/wp-json\/wp\/v2\/pages\/819\/revisions"}],"predecessor-version":[{"id":9841,"href":"https:\/\/www.glm-laser.com\/glm\/wp-json\/wp\/v2\/pages\/819\/revisions\/9841"}],"up":[{"embeddable":true,"href":"https:\/\/www.glm-laser.com\/glm\/wp-json\/wp\/v2\/pages\/705"}],"wp:attachment":[{"href":"https:\/\/www.glm-laser.com\/glm\/wp-json\/wp\/v2\/media?parent=819"}],"curies":[{"name":"wp","href":"https:\/\/api.w.org\/{rel}","templated":true}]}}