{"id":821,"date":"2016-04-18T10:12:45","date_gmt":"2016-04-18T08:12:45","guid":{"rendered":"http:\/\/www.glm-laser.com\/?page_id=821"},"modified":"2020-10-22T15:16:41","modified_gmt":"2020-10-22T13:16:41","slug":"elektronische-feldbuecher","status":"publish","type":"page","link":"https:\/\/www.glm-laser.com\/glm\/optische-vermessungsinstrumente-3\/uebersicht\/elektronische-feldbuecher\/","title":{"rendered":"Elektronische Feldb\u00fccher"},"content":{"rendered":"<div id=\"content\">\n<h1>Die elektronischen Feldb\u00fccher SDR von Sokkia<\/h1>\n<div class=\"section\">\n<p align=\"justify\">Sokkia SDR waren nicht nur elektronische Datenspeicher, sondern intelligente Feldrechner. Sie boten umfangreiche M\u00f6glichkeiten zur Erfassung und Auswertung von Messdaten. Zum Aufbau von Informationssystemen konnten Objektinformationen durch komfortable Codierung bei der Vermessung gespeichert werden. Umfangreiche Berechnungssoftware f\u00fcr Transformationen, Absteckungen bis hin zur Trassenabsteckung unterst\u00fctzten den elektronischen Datenflu\u00df. Zwei serielle Schnittstellen erlaubten die Kommunikation direkt oder per Modem mit dem B\u00fcrocomputer, dem Plotter und Drucker.<\/p>\n<p align=\"justify\">Die SDR &#8211; Feldb\u00fccher werden seit Anfang des Jahrtausends nicht mehr produziert. Der\u00a0Archer l\u00f6ste 2006 diese Feldrechner ab. 2013 wurde der Mesa mit in das Programm aufgenommen. 2014 wurde der Archer durch den Archer2 abgel\u00f6st.<\/p>\n<p align=\"justify\">N\u00e4here Informationen \u00fcber die einzelnen Modelle der SDR Serie finden sie in folgender Auflistung.<\/p>\n<div align=\"justify\"><\/div>\n<p style=\"text-align: left;\" align=\"center\">SDR4 &#8211; SDR31 &#8211; SDR33 &#8211; SDR4E &#8211; Archer &#8211; Archer2 &#8211; Mesa <\/p>\n<p style=\"text-align: left;\" align=\"center\">&#8211; \u00dcbersicht Feldrechner bzw. Felb\u00fccher &#8211;<\/p>\n<\/div>\n<\/div>\n","protected":false},"excerpt":{"rendered":"<p>Die elektronischen Feldb\u00fccher SDR von Sokkia Sokkia SDR waren nicht nur elektronische Datenspeicher, sondern intelligente Feldrechner. Sie boten umfangreiche M\u00f6glichkeiten zur Erfassung und Auswertung von Messdaten. Zum Aufbau von Informationssystemen konnten Objektinformationen durch komfortable Codierung bei der Vermessung gespeichert werden. Umfangreiche Berechnungssoftware f\u00fcr Transformationen, Absteckungen bis hin zur Trassenabsteckung unterst\u00fctzten den elektronischen Datenflu\u00df. Zwei serielle [&hellip;]<\/p>\n","protected":false},"author":1,"featured_media":0,"parent":705,"menu_order":4,"comment_status":"closed","ping_status":"closed","template":"page_submenu.php","meta":{"footnotes":""},"class_list":["post-821","page","type-page","status-publish","hentry"],"_links":{"self":[{"href":"https:\/\/www.glm-laser.com\/glm\/wp-json\/wp\/v2\/pages\/821"}],"collection":[{"href":"https:\/\/www.glm-laser.com\/glm\/wp-json\/wp\/v2\/pages"}],"about":[{"href":"https:\/\/www.glm-laser.com\/glm\/wp-json\/wp\/v2\/types\/page"}],"author":[{"embeddable":true,"href":"https:\/\/www.glm-laser.com\/glm\/wp-json\/wp\/v2\/users\/1"}],"replies":[{"embeddable":true,"href":"https:\/\/www.glm-laser.com\/glm\/wp-json\/wp\/v2\/comments?post=821"}],"version-history":[{"count":12,"href":"https:\/\/www.glm-laser.com\/glm\/wp-json\/wp\/v2\/pages\/821\/revisions"}],"predecessor-version":[{"id":8323,"href":"https:\/\/www.glm-laser.com\/glm\/wp-json\/wp\/v2\/pages\/821\/revisions\/8323"}],"up":[{"embeddable":true,"href":"https:\/\/www.glm-laser.com\/glm\/wp-json\/wp\/v2\/pages\/705"}],"wp:attachment":[{"href":"https:\/\/www.glm-laser.com\/glm\/wp-json\/wp\/v2\/media?parent=821"}],"curies":[{"name":"wp","href":"https:\/\/api.w.org\/{rel}","templated":true}]}}