{"id":823,"date":"2016-04-18T10:13:04","date_gmt":"2016-04-18T08:13:04","guid":{"rendered":"http:\/\/www.glm-laser.com\/?page_id=823"},"modified":"2020-10-22T15:17:28","modified_gmt":"2020-10-22T13:17:28","slug":"nivelliere-sokkia","status":"publish","type":"page","link":"https:\/\/www.glm-laser.com\/glm\/optische-vermessungsinstrumente-3\/uebersicht\/nivelliere-sokkia\/","title":{"rendered":"Nivelliere"},"content":{"rendered":"<h1>Nivelliere von Sokkia<\/h1>\n<div class=\"section\">\n<p align=\"justify\"><img loading=\"lazy\" decoding=\"async\" class=\"alignright wp-image-972 size-full\" title=\"Nivelliere von Sokkia\" src=\"https:\/\/www.glm-laser.com\/glm\/wp-content\/uploads\/SDL1x-Digiralnivellier_1.jpg\" alt=\"Nivelliere von Sokkia\" width=\"250\" height=\"188\" \/>GLM Laserme\u00dftechnik <strong>vertreibt<\/strong>, <strong>justiert<\/strong> und <strong>repariert<\/strong> Nivelliere aus dem Hause Sokkia. In der folgenden Liste k\u00f6nne Sie mehr \u00fcber die einzelnen Baureihen und Modellen erfahren.<\/p>\n<\/div>\n<p><strong>Aktuelle Baureihe:<\/strong><\/p>\n<ul>\n<li>Sokkia B20, B30 und B40<\/li>\n<li>Digitalnivellier SDL30, SDL50 und SDL1X<\/li>\n<\/ul>\n<p>Die Digitalnivelliere der Baureihe SDL sind Bestandteile von 3D Messsystemen f\u00fcr Druckst\u00e4nde im Bahnwerkst\u00e4tten.<\/p>\n<div class=\"section\">\n<p align=\"justify\"><strong>Historische Modelle:<\/strong><\/p>\n<ul>\n<li>Sokkia B1<\/li>\n<li>Sokkia B1C<\/li>\n<li>Sokkia B21<\/li>\n<li>Sokkisha C3A<\/li>\n<li>Automatische Nivelliere C30, C31 und C32<\/li>\n<li>Automatische Baunivellier C300, C310, C320, C330 und C410<\/li>\n<li>Sokkia PL1<\/li>\n<\/ul>\n<p>Bei Fragen rufen Sie bitte an oder senden uns eine E-Mail.<\/p>\n<\/div>\n","protected":false},"excerpt":{"rendered":"<p>Nivelliere von Sokkia GLM Laserme\u00dftechnik vertreibt, justiert und repariert Nivelliere aus dem Hause Sokkia. In der folgenden Liste k\u00f6nne Sie mehr \u00fcber die einzelnen Baureihen und Modellen erfahren. Aktuelle Baureihe: Sokkia B20, B30 und B40 Digitalnivellier SDL30, SDL50 und SDL1X Die Digitalnivelliere der Baureihe SDL sind Bestandteile von 3D Messsystemen f\u00fcr Druckst\u00e4nde im Bahnwerkst\u00e4tten. Historische [&hellip;]<\/p>\n","protected":false},"author":1,"featured_media":0,"parent":705,"menu_order":3,"comment_status":"closed","ping_status":"closed","template":"page_submenu.php","meta":{"footnotes":""},"class_list":["post-823","page","type-page","status-publish","hentry"],"_links":{"self":[{"href":"https:\/\/www.glm-laser.com\/glm\/wp-json\/wp\/v2\/pages\/823"}],"collection":[{"href":"https:\/\/www.glm-laser.com\/glm\/wp-json\/wp\/v2\/pages"}],"about":[{"href":"https:\/\/www.glm-laser.com\/glm\/wp-json\/wp\/v2\/types\/page"}],"author":[{"embeddable":true,"href":"https:\/\/www.glm-laser.com\/glm\/wp-json\/wp\/v2\/users\/1"}],"replies":[{"embeddable":true,"href":"https:\/\/www.glm-laser.com\/glm\/wp-json\/wp\/v2\/comments?post=823"}],"version-history":[{"count":55,"href":"https:\/\/www.glm-laser.com\/glm\/wp-json\/wp\/v2\/pages\/823\/revisions"}],"predecessor-version":[{"id":8362,"href":"https:\/\/www.glm-laser.com\/glm\/wp-json\/wp\/v2\/pages\/823\/revisions\/8362"}],"up":[{"embeddable":true,"href":"https:\/\/www.glm-laser.com\/glm\/wp-json\/wp\/v2\/pages\/705"}],"wp:attachment":[{"href":"https:\/\/www.glm-laser.com\/glm\/wp-json\/wp\/v2\/media?parent=823"}],"curies":[{"name":"wp","href":"https:\/\/api.w.org\/{rel}","templated":true}]}}