{"id":825,"date":"2016-04-18T10:13:26","date_gmt":"2016-04-18T08:13:26","guid":{"rendered":"http:\/\/www.glm-laser.com\/?page_id=825"},"modified":"2020-10-26T14:40:28","modified_gmt":"2020-10-26T13:40:28","slug":"sokkia-rotationslaser","status":"publish","type":"page","link":"https:\/\/www.glm-laser.com\/glm\/optische-vermessungsinstrumente-3\/uebersicht\/sokkia-rotationslaser\/","title":{"rendered":"Rotationslaser"},"content":{"rendered":"<h1>Sokkia Rotationslaser<\/h1>\n<div class=\"section\">\n<p style=\"text-align: left;\" align=\"center\"><img loading=\"lazy\" decoding=\"async\" class=\"alignright wp-image-2024 size-full\" title=\" Sokkia Rotationslaser\" src=\"https:\/\/www.glm-laser.com\/glm\/wp-content\/uploads\/sokkia_lp310.png\" alt=\" Sokkia Rotationslaser\" width=\"200\" height=\"232\" \/>GLM repariert, justiert und vertreibt <strong>keine<\/strong> Sokkia Rotationslaser bzw. Triax Rotationslaser.<\/p>\n<p style=\"text-align: left;\" align=\"center\">Falls Sie an einem neuen Rotationslaser interessiert sind, wenden Sie sich bitte an <a href=\"https:\/\/eu.sokkia.com\/de\" target=\"_blank\" rel=\"noopener noreferrer\"><strong>Sokkia <\/strong><\/a>direkt.<\/p>\n<p style=\"text-align: left;\" align=\"justify\">Falls Sie Ihren Rotationslaser zur Inspektion bzw. Reparatur bringen m\u00f6chten, gelangen Sie <strong>H I E R <\/strong>zu einer Liste mit Fachwerkst\u00e4tten.<\/p>\n<p align=\"justify\">Sie k\u00f6nnen bei GLM Handb\u00fccher von Rotationslaseren \u00e4lterer Baureihen einsehen:<\/p>\n<ul>\n<li>LP31<\/li>\n<li>LP30<\/li>\n<li>LP310<\/li>\n<li>LP300<\/li>\n<li>UL300<\/li>\n<li>TRG-EL400<\/li>\n<li>TRG-MP400<\/li>\n<li>TRIAX PL100<\/li>\n<li>TRIAX H-HV-R50<\/li>\n<li>EAGL 2<\/li>\n<li>EAGL 2V<\/li>\n<li>GradeLight 2000<\/li>\n<li>SLP100<\/li>\n<li>SLP200<\/li>\n<\/ul>\n<p>Das Nachfolgemodell der LP31, LP30 und LP310 Serie hei\u00dft LP4xx. N\u00e4heres zu diesem Produkt finden Sie im folgenden Prospekt.<\/p>\n<p><img loading=\"lazy\" decoding=\"async\" class=\"alignleft size-full wp-image-958\" src=\"https:\/\/www.glm-laser.com\/glm\/wp-content\/uploads\/pdf-icon.png\" alt=\"Download PDF\" width=\"38\" height=\"42\" \/><\/p>\n<p><a href=\"https:\/\/www.glm-laser.com\/glm\/wp-content\/uploads\/lp4xx.pdf\"><br \/>\nProspekt LP4xx (2 MB)<\/a><\/p>\n<\/div>\n","protected":false},"excerpt":{"rendered":"<p>Sokkia Rotationslaser GLM repariert, justiert und vertreibt keine Sokkia Rotationslaser bzw. Triax Rotationslaser. Falls Sie an einem neuen Rotationslaser interessiert sind, wenden Sie sich bitte an Sokkia direkt. Falls Sie Ihren Rotationslaser zur Inspektion bzw. Reparatur bringen m\u00f6chten, gelangen Sie H I E R zu einer Liste mit Fachwerkst\u00e4tten. Sie k\u00f6nnen bei GLM Handb\u00fccher von [&hellip;]<\/p>\n","protected":false},"author":1,"featured_media":0,"parent":705,"menu_order":6,"comment_status":"closed","ping_status":"closed","template":"page_submenu.php","meta":{"footnotes":""},"class_list":["post-825","page","type-page","status-publish","hentry"],"_links":{"self":[{"href":"https:\/\/www.glm-laser.com\/glm\/wp-json\/wp\/v2\/pages\/825"}],"collection":[{"href":"https:\/\/www.glm-laser.com\/glm\/wp-json\/wp\/v2\/pages"}],"about":[{"href":"https:\/\/www.glm-laser.com\/glm\/wp-json\/wp\/v2\/types\/page"}],"author":[{"embeddable":true,"href":"https:\/\/www.glm-laser.com\/glm\/wp-json\/wp\/v2\/users\/1"}],"replies":[{"embeddable":true,"href":"https:\/\/www.glm-laser.com\/glm\/wp-json\/wp\/v2\/comments?post=825"}],"version-history":[{"count":20,"href":"https:\/\/www.glm-laser.com\/glm\/wp-json\/wp\/v2\/pages\/825\/revisions"}],"predecessor-version":[{"id":8563,"href":"https:\/\/www.glm-laser.com\/glm\/wp-json\/wp\/v2\/pages\/825\/revisions\/8563"}],"up":[{"embeddable":true,"href":"https:\/\/www.glm-laser.com\/glm\/wp-json\/wp\/v2\/pages\/705"}],"wp:attachment":[{"href":"https:\/\/www.glm-laser.com\/glm\/wp-json\/wp\/v2\/media?parent=825"}],"curies":[{"name":"wp","href":"https:\/\/api.w.org\/{rel}","templated":true}]}}