{"id":845,"date":"2016-04-18T10:17:10","date_gmt":"2016-04-18T08:17:10","guid":{"rendered":"http:\/\/www.glm-laser.com\/?page_id=845"},"modified":"2020-10-26T14:41:12","modified_gmt":"2020-10-26T13:41:12","slug":"monmos-1","status":"publish","type":"page","link":"https:\/\/www.glm-laser.com\/glm\/optische-vermessungsinstrumente-3\/uebersicht\/industrietachymeter\/monmos-1\/","title":{"rendered":"MONMOS 1"},"content":{"rendered":"<h1 style=\"text-align: left;\">Das 3-D-Koordiantenme\u00dfsystem MONMOS<\/h1>\n<div class=\"section\">\n<p style=\"text-align: left;\" align=\"center\"><img loading=\"lazy\" decoding=\"async\" class=\"alignright size-full wp-image-1447\" src=\"https:\/\/www.glm-laser.com\/glm\/wp-content\/uploads\/vermessung-monmos.jpg\" alt=\"vermessung-monmos\" width=\"199\" height=\"186\" \/><br \/>\n<strong><u>Dreidimensionale Mono-Mobil-Station<\/u><\/strong><\/p>\n<p style=\"text-align: left;\" align=\"center\">Schnelle dreidimensionale Messung mit einer Aufl\u00f6sung von 0,1mm<\/p>\n<p style=\"text-align: left;\" align=\"justify\">MONMOS 1 war das erste\u00a03D Messsystem\u00a0zur Vermessung der Gr\u00f6\u00dfe, Form oder Verschiebung bei gro\u00dfen Objekten in Echtzeit. Durch reichhaltiges Zubeh\u00f6r gew\u00e4hrleistete es eine hervorragende Mobilit\u00e4t und Zuverl\u00e4ssigkeit bei allen Me\u00dfaufgaben und in allen Arbeitsumgebungen. Das MONMOS-System war f\u00fcr\u00a0<a title=\"Industrievermessung\" href=\"https:\/\/www.glm-laser.com\/glm\/3d-messsysteme-branchen\/\">vielf\u00e4ltige Me\u00dfanforderungen<\/a>\u00a0ausgelegt:<\/p>\n<ul style=\"text-align: left;\">\n<li>Bauteilverformungen und -verschiebungen (Tunnel, Geb\u00e4ude, usw.)<\/li>\n<li>Unregelm\u00e4\u00dfig geformte Objekte (im Bau befindliche Kuppeln, usw.)<\/li>\n<li>Gro\u00dfe Anlagenteile, usw.<\/li>\n<li>Ausr\u00fcstungen (Anlagen, usw.)<\/li>\n<li>Schiffe, Flugzeuge usw. (w\u00e4hrend der Konstruktion, Reparatur oder Wartung)<\/li>\n<li>Erdbewegungen<\/li>\n<li>Parabolantennen<\/li>\n<li>Br\u00fccken<\/li>\n<\/ul>\n<p style=\"text-align: left;\" align=\"justify\">Das MONMOS System bestand aus der 3D-Station\u00a0NET2B\u00a0mit, f\u00fcr damalige Verh\u00e4ltnisse, ultimativer Genauigkeit. Angesteuert wurde der Messkopf durch das\u00a0elektronische Feldbuch SDR4E. Die\u00a0speziellen Zielmittel\u00a0rundeten das 3-D-Koordinatenme\u00dfsystem ab.<\/p>\n<p style=\"text-align: left;\" align=\"justify\">Haben Sie Fragen zu den aktuellen 3D-Messsystemen, dann <a href=\"https:\/\/www.glm-laser.com\/?post_type=ml-slider&amp;p=462\">rufen Sie einfach an oder senden uns eine E-Mail<\/a>, wir beraten Sie gern.<\/p>\n<\/div>\n<p style=\"text-align: left;\" align=\"justify\"><img loading=\"lazy\" decoding=\"async\" class=\"alignleft size-full wp-image-958\" src=\"https:\/\/www.glm-laser.com\/glm\/wp-content\/uploads\/pdf-icon.png\" alt=\"Download PDF\" width=\"38\" height=\"42\" \/><\/p>\n<p style=\"text-align: left;\" align=\"justify\"><a href=\"https:\/\/www.glm-laser.com\/glm\/wp-content\/uploads\/prospekt_monmos_1.pdf\" target=\"_blank\" rel=\"noopener noreferrer\"><br \/>\nProspekt MONMOS 1 (558 kB)<\/a><\/p>\n","protected":false},"excerpt":{"rendered":"<p>Das 3-D-Koordiantenme\u00dfsystem MONMOS Dreidimensionale Mono-Mobil-Station Schnelle dreidimensionale Messung mit einer Aufl\u00f6sung von 0,1mm MONMOS 1 war das erste\u00a03D Messsystem\u00a0zur Vermessung der Gr\u00f6\u00dfe, Form oder Verschiebung bei gro\u00dfen Objekten in Echtzeit. Durch reichhaltiges Zubeh\u00f6r gew\u00e4hrleistete es eine hervorragende Mobilit\u00e4t und Zuverl\u00e4ssigkeit bei allen Me\u00dfaufgaben und in allen Arbeitsumgebungen. Das MONMOS-System war f\u00fcr\u00a0vielf\u00e4ltige Me\u00dfanforderungen\u00a0ausgelegt: Bauteilverformungen und -verschiebungen [&hellip;]<\/p>\n","protected":false},"author":1,"featured_media":0,"parent":815,"menu_order":10,"comment_status":"closed","ping_status":"closed","template":"page_submenu.php","meta":{"footnotes":""},"class_list":["post-845","page","type-page","status-publish","hentry"],"_links":{"self":[{"href":"https:\/\/www.glm-laser.com\/glm\/wp-json\/wp\/v2\/pages\/845"}],"collection":[{"href":"https:\/\/www.glm-laser.com\/glm\/wp-json\/wp\/v2\/pages"}],"about":[{"href":"https:\/\/www.glm-laser.com\/glm\/wp-json\/wp\/v2\/types\/page"}],"author":[{"embeddable":true,"href":"https:\/\/www.glm-laser.com\/glm\/wp-json\/wp\/v2\/users\/1"}],"replies":[{"embeddable":true,"href":"https:\/\/www.glm-laser.com\/glm\/wp-json\/wp\/v2\/comments?post=845"}],"version-history":[{"count":9,"href":"https:\/\/www.glm-laser.com\/glm\/wp-json\/wp\/v2\/pages\/845\/revisions"}],"predecessor-version":[{"id":8572,"href":"https:\/\/www.glm-laser.com\/glm\/wp-json\/wp\/v2\/pages\/845\/revisions\/8572"}],"up":[{"embeddable":true,"href":"https:\/\/www.glm-laser.com\/glm\/wp-json\/wp\/v2\/pages\/815"}],"wp:attachment":[{"href":"https:\/\/www.glm-laser.com\/glm\/wp-json\/wp\/v2\/media?parent=845"}],"curies":[{"name":"wp","href":"https:\/\/api.w.org\/{rel}","templated":true}]}}