{"id":849,"date":"2016-04-18T10:17:55","date_gmt":"2016-04-18T08:17:55","guid":{"rendered":"http:\/\/www.glm-laser.com\/?page_id=849"},"modified":"2020-10-22T15:12:52","modified_gmt":"2020-10-22T13:12:52","slug":"sokkia-seriex","status":"publish","type":"page","link":"https:\/\/www.glm-laser.com\/glm\/optische-vermessungsinstrumente-3\/uebersicht\/historische-totalstationen\/sokkia-seriex\/","title":{"rendered":"Sokkia SerieX"},"content":{"rendered":"<h1>Die Totalstationen der Serie SETX aus dem Hause Sokkia<\/h1>\n<p><img loading=\"lazy\" decoding=\"async\" class=\"alignright size-full wp-image-2908\" src=\"https:\/\/www.glm-laser.com\/glm\/wp-content\/uploads\/Sokkia-SerieX.jpg\" alt=\"Sokkia SerieX\" width=\"200\" height=\"293\" \/><\/p>\n<p align=\"justify\">Weit drau\u00dfen, wo Ihnen alles abgefordert wird, brauchen Sie einen z\u00e4hen und genauen Partner, der zu Ihnen steht. Mitten in der W\u00fcste, tief im Herzen des Dschungels oder auf windigen Bergspitzen werden neue Entdeckungen<br \/>\ngemacht und neue Wege gefunden. So sieht das Herzst\u00fcck der Vermessung aus. Einer wei\u00df das so gut wie SOKKIA &#8211; und deshalb haben wir das SOKKIA CLASSIC SETX entwickelt. Eine robuste Totalstation, die gemeinsam mit hnen in bisher unentdeckte Weiten reist.<\/p>\n<p><strong> RED-tech EX &#8211; hochpr\u00e4zise in jeder Situation<\/strong><\/p>\n<p align=\"justify\">Die reflektorlosen RED-tech EDMs sind bekannt f\u00fcr Ihre hochpr\u00e4zise Punktgenauigkeit und ihr flexibles Reichweitenspektrum mit einer kleinsten Zielweite von nur 30cm. SETX ist mit RED-tech EX, der neuesten unter SOKKIAs innovativen reflektorlosen Messtechniken, ausgestattet. RED-tech EX ist eine Weiterentwicklung der RED-tech Technik. Die reflektorlose Messweite wurde auf 00m ausgedehnt, wobei die hohe Genauigkeit nat\u00fcrlich rhalten blieb. Diese hochpr\u00e4zise Messtechnik verf\u00fcgt \u00fcber<\/p>\n<p align=\"justify\">eine intelligente Signalverarbeitung, die f\u00fcr sehr stabile Entfernungsmessungen mit weniger Einschr\u00e4nkungen sorgt. RED-tech EX liefert schnelle, sehr genaue Messungen auf Geb\u00e4udekanten, durch Z\u00e4une hindurch, sowie auf Prismen und Reflexionsmarken.<\/p>\n<p align=\"justify\"><strong>Wasser- und Staubschutz nach IP65<\/strong><br \/>\nSETX hat den h\u00f6chsten Staub- und Wasserschutzgrad f\u00fcr Windows CE Totalstationen: IP65. Das bedeutet, dass SETX auch die h\u00e4rtesten Umweltbedingungen und rauesten Einsatzorte nichts anhaben k\u00f6nnen. Dei SETX bleibt dieser Schutzgrad auch dann erhalten, wenn die externe Batterie angeschlossen ist.<\/p>\n<p align=\"justify\"><strong>Ausgezeichnetes\u00a0Fernrohr<\/strong><br \/>\nNeben seiner Aufl\u00f6sung von\u00a02.5&#8243;\u00a0\u00fcberzeugt das Fernrohr\u00a0mit ungeschlagener\u00a0Helligkeit und Sch\u00e4rfe.<\/p>\n<p align=\"justify\"><strong>Exakter\u00a0Laser-Pointer<\/strong><br \/>\nDer Laser-Pointer [gleichzeitig Messstrahl]\u00a0stimmt perfekt mit der Teleskopachse \u00fcberein.<\/p>\n<p align=\"justify\"><strong>Fortgeschrittenes\u00a0User-Interface<\/strong><br \/>\nDas SETX nutzt das Betriebssystem Windows CE mit einem sehr gut sichtbaren Touch Screen-Bildschirm. Die voll beleuchtbare\u00a0Tastatur\u00a0erlaubt\u00a0Messungen in Tunneln,\u00a0in der\u00a0Nacht und bei sehr schlechten Lichtbedingungen.<\/p>\n<p align=\"left\"><strong>Bluetooth\u00ae\u00a0Kabellose Kommunikation<\/strong><\/p>\n<p>Ein eingebautes\u00a0Klasse 1 <em>Bluetooth <\/em>Modem macht die Bedienung mit einem externen Rechner bis 200m Entfernung m\u00f6glich.<\/p>\n<p>&nbsp;<\/p>\n<p>W\u00fcnschen Sie weitere Informationen oder m\u00f6chten Sie einen Termin zur Inspektion vereinbaren? Dann schreiben Sie uns eine <a href=\"mailto:werkstatt@glm-laser.com\">E-Mail<\/a>.<\/p>\n<p style=\"text-align: left;\" align=\"center\">SET1X &#8211; SET2X &#8211; SET3X &#8211; SET5X<\/p>\n<p>&nbsp;<\/p>\n<p class=\"section\"><img loading=\"lazy\" decoding=\"async\" class=\"size-full wp-image-958 alignleft\" src=\"https:\/\/www.glm-laser.com\/glm\/wp-content\/uploads\/pdf-icon.png\" alt=\"Download PDF\" width=\"38\" height=\"42\" \/><a href=\"https:\/\/www.glm-laser.com\/glm\/wp-content\/uploads\/totalstation_setx_sokkia.pdf\" target=\"_blank\" rel=\"noopener noreferrer\"><br \/>\nProspekt Sokkia SETX (720 kB)<\/a><br \/>\n<a href=\"https:\/\/www.glm-laser.com\/glm\/wp-content\/uploads\/schnellanleitung_setx_sdr_level5.pdf\" target=\"_blank\" rel=\"noopener noreferrer\">Schnellanleitung SETX SDR Level 5 (628 kB)<\/a><br \/>\n<a href=\"https:\/\/www.glm-laser.com\/glm\/wp-content\/uploads\/bedienungsanleitung-setx.pdf\" target=\"_blank\" rel=\"noopener noreferrer\">Handbuch SETX deutsch (5 MB)<\/a><\/p>\n","protected":false},"excerpt":{"rendered":"<p>Die Totalstationen der Serie SETX aus dem Hause Sokkia Weit drau\u00dfen, wo Ihnen alles abgefordert wird, brauchen Sie einen z\u00e4hen und genauen Partner, der zu Ihnen steht. Mitten in der W\u00fcste, tief im Herzen des Dschungels oder auf windigen Bergspitzen werden neue Entdeckungen gemacht und neue Wege gefunden. So sieht das Herzst\u00fcck der Vermessung aus. [&hellip;]<\/p>\n","protected":false},"author":1,"featured_media":0,"parent":817,"menu_order":2,"comment_status":"closed","ping_status":"closed","template":"page_submenu.php","meta":{"footnotes":""},"class_list":["post-849","page","type-page","status-publish","hentry"],"_links":{"self":[{"href":"https:\/\/www.glm-laser.com\/glm\/wp-json\/wp\/v2\/pages\/849"}],"collection":[{"href":"https:\/\/www.glm-laser.com\/glm\/wp-json\/wp\/v2\/pages"}],"about":[{"href":"https:\/\/www.glm-laser.com\/glm\/wp-json\/wp\/v2\/types\/page"}],"author":[{"embeddable":true,"href":"https:\/\/www.glm-laser.com\/glm\/wp-json\/wp\/v2\/users\/1"}],"replies":[{"embeddable":true,"href":"https:\/\/www.glm-laser.com\/glm\/wp-json\/wp\/v2\/comments?post=849"}],"version-history":[{"count":10,"href":"https:\/\/www.glm-laser.com\/glm\/wp-json\/wp\/v2\/pages\/849\/revisions"}],"predecessor-version":[{"id":7896,"href":"https:\/\/www.glm-laser.com\/glm\/wp-json\/wp\/v2\/pages\/849\/revisions\/7896"}],"up":[{"embeddable":true,"href":"https:\/\/www.glm-laser.com\/glm\/wp-json\/wp\/v2\/pages\/817"}],"wp:attachment":[{"href":"https:\/\/www.glm-laser.com\/glm\/wp-json\/wp\/v2\/media?parent=849"}],"curies":[{"name":"wp","href":"https:\/\/api.w.org\/{rel}","templated":true}]}}