{"id":851,"date":"2016-04-18T10:18:15","date_gmt":"2016-04-18T08:18:15","guid":{"rendered":"http:\/\/www.glm-laser.com\/?page_id=851"},"modified":"2020-10-22T15:14:09","modified_gmt":"2020-10-22T13:14:09","slug":"sokkia-serie-setx50rx","status":"publish","type":"page","link":"https:\/\/www.glm-laser.com\/glm\/optische-vermessungsinstrumente-3\/uebersicht\/historische-totalstationen\/sokkia-serie-setx50rx\/","title":{"rendered":"Sokkia Serie SETx50RX"},"content":{"rendered":"<h1>Serie50RX Reflektorlose Kompakt-Totalstationen<\/h1>\n<div class=\"section\">\n<p align=\"justify\"><strong>SOKKIA Totalstationen\u00a0f\u00fcr die\u00a0Baustelle<\/strong><img loading=\"lazy\" decoding=\"async\" class=\"alignright size-medium wp-image-3163\" src=\"https:\/\/www.glm-laser.com\/glm\/wp-content\/uploads\/Serie50Rx-170x300.jpg\" alt=\"Serie50Rx\" width=\"170\" height=\"300\" srcset=\"https:\/\/www.glm-laser.com\/glm\/wp-content\/uploads\/Serie50Rx-170x300.jpg 170w, https:\/\/www.glm-laser.com\/glm\/wp-content\/uploads\/Serie50Rx.jpg 199w\" sizes=\"(max-width: 170px) 100vw, 170px\" \/><\/p>\n<p align=\"justify\">Die Totalstationen der Serie50RX, SET250RX, SET350RX, SET550RX und SET650RX, sind mit einem \u00e4u\u00dferst pr\u00e4zisen, sichtbaren Laserstrahl ausgestattet, mit dem Sie Messungen von h\u00f6chster Genauigkeit durchf\u00fchren k\u00f6nnen. Dar\u00fcber hinaus bietet Ihnen jedes Modell eine Vielzahl integrierter Programme und ist Ihnen ein strapazierf\u00e4higer und zuverl\u00e4ssiger Partner bei den t\u00e4glichen Vermessungsaufgaben.<\/p>\n<p align=\"justify\"><strong>Extreme Herausforderungen erfordern besondere Zuverlassigkeit<\/strong><\/p>\n<p align=\"justify\">Die Serie 50RX arbeitet bei Hitze oder Frost, im Sand oder im Schnee, bei Pulverstaub oder peitschendem Regen, mit nie dagewesener Zuverl\u00e4ssigkeit und Pr\u00e4zision (IP66). Der elektonische Entferungsmessesser mit &#8222;Enhanced RED-techII&#8220; misst auf unterschiedlichste Ziele, ohne Kompromisse bei der Geschwindigkeit, Reischweite und Genauigkeit.<\/p>\n<p align=\"justify\"><strong>Reichweite reflektorlos bis 400 m<\/strong><\/p>\n<p align=\"justify\">Auf dem neuesten Stand der Technik: reflektorlose Entfernungsmessung und vielf\u00e4ltige Funktionen in einem kompakten Geh\u00e4use.<\/p>\n<p align=\"justify\">Die reflektorlosen Totalstationen der Serie50RX sind mit einem \u00e4u\u00dferst pr\u00e4zisen sichtbaren Laserstrahl ausgestattet, mit dem Messungen von h\u00f6chster Genauigkeit erzielt werden. Dar\u00fcber hinaus bietet jedes Modell eine Vielzahl integrierter Programme und ist ein strapazierf\u00e4higer und zuverl\u00e4ssiger Partner bei den t\u00e4glichen Vermessungsaufgaben.<\/p>\n<p align=\"justify\">Der Durchmesser des Laserstrahls ist so klein, dass er hochgenaue Messungen selbst kleinster Messobjekte, wie z. B. auf Mauerkanten, erm\u00f6glicht. Damit sind sogar Messungen durch Hindernisse, beispielsweise durch Z\u00e4une und Ge\u00e4st hindurch, m\u00f6glich.<\/p>\n<p align=\"justify\"><strong>Gro\u00dfe reflektorlose Messweite<\/strong><\/p>\n<p align=\"justify\">Die Serie 50RX erm\u00f6glicht hochgenaue reflektorlose Messungen in einem \u00fcberragenden Messbereich, der sowohl extragro\u00dfe wie auch besonders kleine Entfernungen umfasst. Ziele bis 400 m lassen sich problemlos erfassen.<\/p>\n<p align=\"justify\"><strong>Laserpointer<\/strong><\/p>\n<p align=\"justify\">Der sichtbare Laserstrahl kann, z.B. bei Nivellierung in Innenr\u00e4umen, bei vertikaler Ausrichtung, beim Abstecken oder \u00e4hnlichen Arbeiten als Zeiger verwendet werden.<\/p>\n<p align=\"justify\"><strong>Langstreckenmessung mit Reflexionsmarken<\/strong><\/p>\n<p align=\"justify\">Langstrecken k\u00f6nnen durch Ausrichtung des Laserstrahls auf ein Prisma vermessen werden. Mit Hilfe eines AP-Prismas k\u00f6nnen bis zu 5.000 m Zielweite mit einer Pr\u00e4zision von \u00b1 (2 + 2 ppm x D) mm erreicht werden. Dar\u00fcber hinaus sind unter Verwendung von Reflexionsfolien Messungen von bis zu 500 m mit einer Pr\u00e4zision von \u00b1 (3 + 2 ppm x D) mm m\u00f6glich.<br \/>\nDie Bluetooth\u00ae Technologie bietet eine kabellose Kommunikation mit einem externen PC oder Feldrechner.<\/p>\n<\/div>\n<p class=\"section\">Das aktuelle Nachfolgemodell des SET50RX ist die CX-Serie.<\/p>\n<p style=\"text-align: left;\" align=\"center\">SET250RX &#8211; SET350RX &#8211; SET550RX &#8211; SET650RX<\/p>\n<p style=\"text-align: left;\" align=\"center\"><img loading=\"lazy\" decoding=\"async\" class=\"size-full wp-image-958 alignleft\" src=\"https:\/\/www.glm-laser.com\/glm\/wp-content\/uploads\/pdf-icon.png\" alt=\"Download PDF\" width=\"38\" height=\"42\" \/><a href=\"https:\/\/www.glm-laser.com\/glm\/wp-content\/uploads\/totalstation_set50rx_sokkia.pdf\" target=\"_blank\" rel=\"noopener noreferrer\"><br \/>\nProspekt SET50RX (1 MB)<\/a><br \/>\n<a href=\"https:\/\/www.glm-laser.com\/glm\/wp-content\/uploads\/bedienungsanleitung_sokkia_set50rx.pdf\" target=\"_blank\" rel=\"noopener noreferrer\">Bedienungsanleitung Sokkia SET50RX Serie (8 MB)<\/a><\/p>\n","protected":false},"excerpt":{"rendered":"<p>Serie50RX Reflektorlose Kompakt-Totalstationen SOKKIA Totalstationen\u00a0f\u00fcr die\u00a0Baustelle Die Totalstationen der Serie50RX, SET250RX, SET350RX, SET550RX und SET650RX, sind mit einem \u00e4u\u00dferst pr\u00e4zisen, sichtbaren Laserstrahl ausgestattet, mit dem Sie Messungen von h\u00f6chster Genauigkeit durchf\u00fchren k\u00f6nnen. Dar\u00fcber hinaus bietet Ihnen jedes Modell eine Vielzahl integrierter Programme und ist Ihnen ein strapazierf\u00e4higer und zuverl\u00e4ssiger Partner bei den t\u00e4glichen Vermessungsaufgaben. Extreme [&hellip;]<\/p>\n","protected":false},"author":1,"featured_media":0,"parent":817,"menu_order":3,"comment_status":"closed","ping_status":"closed","template":"page_submenu.php","meta":{"footnotes":""},"class_list":["post-851","page","type-page","status-publish","hentry"],"_links":{"self":[{"href":"https:\/\/www.glm-laser.com\/glm\/wp-json\/wp\/v2\/pages\/851"}],"collection":[{"href":"https:\/\/www.glm-laser.com\/glm\/wp-json\/wp\/v2\/pages"}],"about":[{"href":"https:\/\/www.glm-laser.com\/glm\/wp-json\/wp\/v2\/types\/page"}],"author":[{"embeddable":true,"href":"https:\/\/www.glm-laser.com\/glm\/wp-json\/wp\/v2\/users\/1"}],"replies":[{"embeddable":true,"href":"https:\/\/www.glm-laser.com\/glm\/wp-json\/wp\/v2\/comments?post=851"}],"version-history":[{"count":10,"href":"https:\/\/www.glm-laser.com\/glm\/wp-json\/wp\/v2\/pages\/851\/revisions"}],"predecessor-version":[{"id":8059,"href":"https:\/\/www.glm-laser.com\/glm\/wp-json\/wp\/v2\/pages\/851\/revisions\/8059"}],"up":[{"embeddable":true,"href":"https:\/\/www.glm-laser.com\/glm\/wp-json\/wp\/v2\/pages\/817"}],"wp:attachment":[{"href":"https:\/\/www.glm-laser.com\/glm\/wp-json\/wp\/v2\/media?parent=851"}],"curies":[{"name":"wp","href":"https:\/\/api.w.org\/{rel}","templated":true}]}}