{"id":8777,"date":"2020-10-27T10:28:40","date_gmt":"2020-10-27T09:28:40","guid":{"rendered":"https:\/\/www.glm-laser.com\/glm\/?page_id=8777"},"modified":"2025-10-23T17:43:11","modified_gmt":"2025-10-23T15:43:11","slug":"marineschiffbau-2-2","status":"publish","type":"page","link":"https:\/\/www.glm-laser.com\/glm\/3d-messsysteme-branchen\/schiffbau\/marineschiffbau-2-2\/","title":{"rendered":"Marineschiffbau"},"content":{"rendered":"<h1 class=\"wp-block-heading\">3D Vermessung im Marineschiffbau <\/h1>\n<p>Beim Bau von Handelsschiffe wird davon ausgegangen, dass Sch\u00e4den am Schiff stets vermeiden werden. Diejenigen Sch\u00e4den, die nicht vollst\u00e4ndig vermieden werden k\u00f6nnen, werden als \u201evorhersehbare Sch\u00e4den\u201c bezeichnet, wie z.B. Grundber\u00fchrungen, Kollisionen und Feuer. Diese Sch\u00e4den werden durch Doppelboden, Kollisionsschott und Brandisolierung abgedeckt.<\/p>\n<p>Marineschiffe hingegen m\u00fcssen in einer kriegerischen Situation besser auf Sch\u00e4den durch feindliche Waffen vorbereitet sein. Dies erfordert eine h\u00f6here Schadenstoleranz und f\u00fchrt zu deutlich h\u00f6heren Anforderungen im Stahlbau, die stetig mit einem 3D Messsystem \u00fcberpr\u00fcft werden m\u00fcssen.<\/p>\n<div style=\"height:30px\" aria-hidden=\"true\" class=\"wp-block-spacer\"><\/div>\n<p>Ein <a href=\"https:\/\/www.glm-laser.com\/glm\/ueber-glm\/3d-messsysteme\/\">3D Messsystem<\/a>  aus dem Hause GLM lieferte die perfekte  L\u00f6sung f\u00fcr eine Vielzahl von  Vermessungsaufgaben. Im U-Bootbau wird es z.B. genutzt f\u00fcr:<\/p>\n<ul class=\"wp-block-list\">\n<li>Rundheit des Druckk\u00f6rpers <\/li>\n<li>Torpedoausrichtung und Definition der Waffenlinie <\/li>\n<li>Montage von Bauteilen\/Sensoren in Bezug auf die Waffenlinie <\/li>\n<li>Montage von Sektionen in Bezug auf die Schiffsmitte<\/li>\n<li>Scannen der Schiffsh\u00fclle<\/li>\n<li>Automatisches Abstecken von Sollpositionen auf gekr\u00fcmmten Oberfl\u00e4chen<\/li>\n<\/ul>\n<p>Haben wir Ihr Interesse geweckt? Schreiben Sie uns bitte an, wir beraten Sie gern. <\/p>\n","protected":false},"excerpt":{"rendered":"<p>3D Vermessung im Marineschiffbau Beim Bau von Handelsschiffe wird davon ausgegangen, dass Sch\u00e4den am Schiff stets vermeiden werden. Diejenigen Sch\u00e4den, die nicht vollst\u00e4ndig vermieden werden k\u00f6nnen, werden als \u201evorhersehbare Sch\u00e4den\u201c bezeichnet, wie z.B. Grundber\u00fchrungen, Kollisionen und Feuer. Diese Sch\u00e4den werden durch Doppelboden, Kollisionsschott und Brandisolierung abgedeckt. Marineschiffe hingegen m\u00fcssen in einer kriegerischen Situation besser auf [&hellip;]<\/p>\n","protected":false},"author":4,"featured_media":0,"parent":109,"menu_order":0,"comment_status":"closed","ping_status":"closed","template":"page_submenu.php","meta":{"footnotes":""},"class_list":["post-8777","page","type-page","status-publish","hentry"],"_links":{"self":[{"href":"https:\/\/www.glm-laser.com\/glm\/wp-json\/wp\/v2\/pages\/8777"}],"collection":[{"href":"https:\/\/www.glm-laser.com\/glm\/wp-json\/wp\/v2\/pages"}],"about":[{"href":"https:\/\/www.glm-laser.com\/glm\/wp-json\/wp\/v2\/types\/page"}],"author":[{"embeddable":true,"href":"https:\/\/www.glm-laser.com\/glm\/wp-json\/wp\/v2\/users\/4"}],"replies":[{"embeddable":true,"href":"https:\/\/www.glm-laser.com\/glm\/wp-json\/wp\/v2\/comments?post=8777"}],"version-history":[{"count":17,"href":"https:\/\/www.glm-laser.com\/glm\/wp-json\/wp\/v2\/pages\/8777\/revisions"}],"predecessor-version":[{"id":10385,"href":"https:\/\/www.glm-laser.com\/glm\/wp-json\/wp\/v2\/pages\/8777\/revisions\/10385"}],"up":[{"embeddable":true,"href":"https:\/\/www.glm-laser.com\/glm\/wp-json\/wp\/v2\/pages\/109"}],"wp:attachment":[{"href":"https:\/\/www.glm-laser.com\/glm\/wp-json\/wp\/v2\/media?parent=8777"}],"curies":[{"name":"wp","href":"https:\/\/api.w.org\/{rel}","templated":true}]}}