{"id":881,"date":"2016-04-18T10:23:01","date_gmt":"2016-04-18T08:23:01","guid":{"rendered":"http:\/\/www.glm-laser.com\/?page_id=881"},"modified":"2020-10-26T14:41:12","modified_gmt":"2020-10-26T13:41:12","slug":"sokkia-serie-set4","status":"publish","type":"page","link":"https:\/\/www.glm-laser.com\/glm\/optische-vermessungsinstrumente-3\/uebersicht\/historische-totalstationen\/sokkia-serie-set4\/","title":{"rendered":"Sokkia Serie SET4"},"content":{"rendered":"<h1>Die Totalstation SET4 aus dem Hause Sokkisha<\/h1>\n<div class=\"section\">\n<p align=\"justify\"><img loading=\"lazy\" decoding=\"async\" class=\"alignright size-full wp-image-2597\" src=\"https:\/\/www.glm-laser.com\/glm\/wp-content\/uploads\/set4.jpeg\" alt=\"set4\" width=\"199\" height=\"286\" \/>Die Totalstation SET4 aus dem Hause Sokkisha wird nicht mehr produziert. Das passende Nachfolgemodell ist die Totalstation CX-105. GLM Laserme\u00dftechnik bietet ihnen einen <a href=\"https:\/\/www.glm-laser.com\/glm\/leistungen\/ganzheitliche-loesungen\/\">Rundum-Service<\/a> (Inspektion, Reparatur, Verkauf und Beratung) f\u00fcr das SET4 an.<\/p>\n<p><strong>Auszug aus den technischen Daten des SET4:<\/strong><\/p>\n<ul>\n<li>Vergr\u00f6\u00dferung\/Aufl\u00f6sung: 30x \/ 3&#8243;<\/li>\n<li>Winkelmessgenauigkeit: 5&#8243; \/ 1,5mg<\/li>\n<li>Streckenmessgenauigkeit:\n<ul>\n<li>Prisma:\u00a0 +\/- (5 + 3ppm * D)mm<\/li>\n<\/ul>\n<\/li>\n<li>Arbeitstemparatur: -20\u00b0C bis +50\u00b0C<\/li>\n<\/ul>\n<p><strong>Zubeh\u00f6r:<\/strong><\/p>\n<ul>\n<li>Ni-MH-Batterie BDC18<\/li>\n<li>Ladeschuh CDC11<\/li>\n<\/ul>\n<p align=\"justify\">W\u00fcnschen Sie weitere Informationen oder m\u00f6chten Sie einen Termin zur Inspektion vereinbaren? Dann schreiben Sie uns eine <a href=\"mailto:werkstatt@glm-laser.de\">E-Mail<\/a>.<\/p>\n<p align=\"justify\"><img loading=\"lazy\" decoding=\"async\" class=\"size-full wp-image-958 alignleft\" src=\"https:\/\/www.glm-laser.com\/glm\/wp-content\/uploads\/pdf-icon.png\" alt=\"Download PDF\" width=\"38\" height=\"42\" \/><\/p>\n<p><a href=\"https:\/\/www.glm-laser.com\/glm\/wp-content\/uploads\/bedienungsanleitung_sokkisha_set4.pdf\" target=\"_blank\" rel=\"noopener noreferrer\"><br \/>\nBedienungsanleitung Sokkisha SET4 (4 MB)<\/a><\/p>\n<\/div>\n","protected":false},"excerpt":{"rendered":"<p>Die Totalstation SET4 aus dem Hause Sokkisha Die Totalstation SET4 aus dem Hause Sokkisha wird nicht mehr produziert. Das passende Nachfolgemodell ist die Totalstation CX-105. GLM Laserme\u00dftechnik bietet ihnen einen Rundum-Service (Inspektion, Reparatur, Verkauf und Beratung) f\u00fcr das SET4 an. Auszug aus den technischen Daten des SET4: Vergr\u00f6\u00dferung\/Aufl\u00f6sung: 30x \/ 3&#8243; Winkelmessgenauigkeit: 5&#8243; \/ 1,5mg [&hellip;]<\/p>\n","protected":false},"author":1,"featured_media":0,"parent":817,"menu_order":18,"comment_status":"closed","ping_status":"closed","template":"page_submenu.php","meta":{"footnotes":""},"class_list":["post-881","page","type-page","status-publish","hentry"],"_links":{"self":[{"href":"https:\/\/www.glm-laser.com\/glm\/wp-json\/wp\/v2\/pages\/881"}],"collection":[{"href":"https:\/\/www.glm-laser.com\/glm\/wp-json\/wp\/v2\/pages"}],"about":[{"href":"https:\/\/www.glm-laser.com\/glm\/wp-json\/wp\/v2\/types\/page"}],"author":[{"embeddable":true,"href":"https:\/\/www.glm-laser.com\/glm\/wp-json\/wp\/v2\/users\/1"}],"replies":[{"embeddable":true,"href":"https:\/\/www.glm-laser.com\/glm\/wp-json\/wp\/v2\/comments?post=881"}],"version-history":[{"count":7,"href":"https:\/\/www.glm-laser.com\/glm\/wp-json\/wp\/v2\/pages\/881\/revisions"}],"predecessor-version":[{"id":8591,"href":"https:\/\/www.glm-laser.com\/glm\/wp-json\/wp\/v2\/pages\/881\/revisions\/8591"}],"up":[{"embeddable":true,"href":"https:\/\/www.glm-laser.com\/glm\/wp-json\/wp\/v2\/pages\/817"}],"wp:attachment":[{"href":"https:\/\/www.glm-laser.com\/glm\/wp-json\/wp\/v2\/media?parent=881"}],"curies":[{"name":"wp","href":"https:\/\/api.w.org\/{rel}","templated":true}]}}