{"id":8829,"date":"2020-10-29T13:11:16","date_gmt":"2020-10-29T12:11:16","guid":{"rendered":"https:\/\/www.glm-laser.com\/glm\/?page_id=8829"},"modified":"2021-11-08T15:40:36","modified_gmt":"2021-11-08T14:40:36","slug":"schwimmdock","status":"publish","type":"page","link":"https:\/\/www.glm-laser.com\/glm\/3d-messsysteme-branchen\/schiffbau\/schwimmdock\/","title":{"rendered":"Schwimmdock"},"content":{"rendered":"<h1 class=\"wp-block-heading\">Schwimmdock<\/h1>\n<p>Ein Schwimmdock besteht aus einem st\u00e4hlernen Schwimmk\u00f6rper, der abgesenkt und nach dem Einschwimmen des Schiffes wieder leergepumpt wird. Beim Auftauchen des Docks wird das Schiff vollst\u00e4ndig aus dem Wasser gehoben. <\/p>\n<h2 class=\"wp-block-heading\"><strong>Einschwimmvorgang <\/strong><\/h2>\n<figure class=\"wp-block-video\"><video controls src=\"https:\/\/www.glm-laser.com\/glm\/wp-content\/uploads\/L\u00fcrssen-Schiff.mp4\"><\/video><figcaption> Marineschiffbau: Wie ein gro\u00dfes Puzzle <br \/>Quelle: Bundeswehr Link <\/figcaption><\/figure>\n<p>W\u00e4hrend des Einschwimmvorgangs muss das Schiff exakt im Dock positioniert werden. Die Ausrichtung des Schiffes erfolgt anhand des Bezugsystems des Schwimmdocks. Mit Hilfe des 3D Messsystems k\u00f6nnen Sie sich in schnell in das Bezugsystems einmessen und mit der Monitoring Funktion k\u00f6nnen Sie kontinuierlich die Lage des Schiffes \u00fcberwachen. Die Abweichung von der Sollposition wird in X, Y und Z Koordinaten angegeben, sodass die entsprechenden Korrekturen von den beteiligten Mitarbeitern einfach durchgef\u00fchrt werden k\u00f6nnen:<\/p>\n<ul class=\"wp-block-list\">\n<li>Exaktes Positionieren des Schiffes oder einzelner Segmente im Dock<\/li>\n<li>Schnelle und verst\u00e4ndliche Anweisung zur Korrektur<\/li>\n<li>Verk\u00fcrzung des  Einschwimmvorgangs  <\/li>\n<li>Vermeidung einer Fehlausrichtung  <\/li>\n<\/ul>\n<div style=\"height:40px\" aria-hidden=\"true\" class=\"wp-block-spacer\"><\/div>\n<h2 class=\"wp-block-heading\"><strong>Dock Monitoring<\/strong><\/h2>\n<p>Im Normalbetrieb wird das Schwimmdock durch diverse Einfl\u00fcssen wie auf- und ablaufendes Wasser (Tidenhub), ungleichm\u00e4\u00dfige Erw\u00e4rmung durch Sonneneinstrahlung, Windlast und Kranbewegungen im Dock mechanisch verformt. <\/p>\n<p>Daher geh\u00f6rt die zuverl\u00e4ssige Messung der Durchbiegung zu den wichtigsten Aufgaben des Schwimmdockbetriebs. Eine vollautomatische Messung und Auswertung in Echtzeit verhindert somit strukturelle Sch\u00e4den am Dock, da die Durchbiegung durch geeignete Ma\u00dfnahmen rechtzeitig kompensiert werden kann. Unser Dock Monitoring System besteht unter anderem einen aus einer <a href=\"https:\/\/www.glm-laser.com\/glm\/optische-vermessungsinstrumente-2\/net05ax-ii\/\">motorisierten Totalstation<\/a>, die frei im Dock positioniert wird. \u00dcblicherweise wird das Messinstrument in der Mitte eines Seitendecks positioniert. Die Messmarken sind entlang des Seitendecks verteilt. Die tolerierte Abweichung der Durchbiegungsmessung betr\u00e4gt bei einer L\u00e4nge von 100m &#8211; je nach eingesetztem Instrument &#8211; bis zu maximal 0,25mm.<\/p>\n<p>Unser Dock Monitoring System ist besonders widerstandsf\u00e4hig gegen\u00fcber den rauen Umgebungsbedingungen (wie z.B. Salznebel, Temperaturgef\u00e4lle, hohe Luftfeuchtigkeit usw.) und es ist f\u00fcr einen 24\/7 Betrieb konzipiert. Unser Dock Monitoring System stellt Ihnen Zustands des Docks graphisch dar und eine Trendanzeige zeigt Ihnen die Bewegungsrichtung des Docks an.<\/p>\n<h2 class=\"wp-block-heading\"><strong>3D Vermessung im Schwimmdock<\/strong><\/h2>\n<p>Durch die kontinuierliche Bewegung des Schwimmdocks sto\u00dfen moderne 3D Systeme an ihre Grenzen, da sie auf den Neigungskompensator im Ger\u00e4t angewiesen sind. Unser 3D Messsystem ben\u00f6tigt diesen nicht. Sie k\u00f6nnen ihn einfach ausschalten. Es reichen drei Messpunkte im Schwimmdock zur Orientierung.<\/p>\n","protected":false},"excerpt":{"rendered":"<p>Schwimmdock Ein Schwimmdock besteht aus einem st\u00e4hlernen Schwimmk\u00f6rper, der abgesenkt und nach dem Einschwimmen des Schiffes wieder leergepumpt wird. Beim Auftauchen des Docks wird das Schiff vollst\u00e4ndig aus dem Wasser gehoben. Einschwimmvorgang W\u00e4hrend des Einschwimmvorgangs muss das Schiff exakt im Dock positioniert werden. Die Ausrichtung des Schiffes erfolgt anhand des Bezugsystems des Schwimmdocks. Mit Hilfe [&hellip;]<\/p>\n","protected":false},"author":4,"featured_media":0,"parent":109,"menu_order":4,"comment_status":"closed","ping_status":"closed","template":"page_submenu.php","meta":{"footnotes":""},"class_list":["post-8829","page","type-page","status-publish","hentry"],"_links":{"self":[{"href":"https:\/\/www.glm-laser.com\/glm\/wp-json\/wp\/v2\/pages\/8829"}],"collection":[{"href":"https:\/\/www.glm-laser.com\/glm\/wp-json\/wp\/v2\/pages"}],"about":[{"href":"https:\/\/www.glm-laser.com\/glm\/wp-json\/wp\/v2\/types\/page"}],"author":[{"embeddable":true,"href":"https:\/\/www.glm-laser.com\/glm\/wp-json\/wp\/v2\/users\/4"}],"replies":[{"embeddable":true,"href":"https:\/\/www.glm-laser.com\/glm\/wp-json\/wp\/v2\/comments?post=8829"}],"version-history":[{"count":19,"href":"https:\/\/www.glm-laser.com\/glm\/wp-json\/wp\/v2\/pages\/8829\/revisions"}],"predecessor-version":[{"id":10020,"href":"https:\/\/www.glm-laser.com\/glm\/wp-json\/wp\/v2\/pages\/8829\/revisions\/10020"}],"up":[{"embeddable":true,"href":"https:\/\/www.glm-laser.com\/glm\/wp-json\/wp\/v2\/pages\/109"}],"wp:attachment":[{"href":"https:\/\/www.glm-laser.com\/glm\/wp-json\/wp\/v2\/media?parent=8829"}],"curies":[{"name":"wp","href":"https:\/\/api.w.org\/{rel}","templated":true}]}}