{"id":895,"date":"2016-04-18T10:27:16","date_gmt":"2016-04-18T08:27:16","guid":{"rendered":"http:\/\/www.glm-laser.com\/?page_id=895"},"modified":"2020-10-23T10:09:52","modified_gmt":"2020-10-23T08:09:52","slug":"sokkia-tm1a","status":"publish","type":"page","link":"https:\/\/www.glm-laser.com\/glm\/optische-vermessungsinstrumente-3\/uebersicht\/theodolite\/sokkia-tm1a\/","title":{"rendered":"Sokkia TM1A"},"content":{"rendered":"<h1>Der TM1A Skalentheodolit aus dem Hause Sokkia<\/h1>\n<div class=\"section\">\n<p align=\"justify\"><img loading=\"lazy\" decoding=\"async\" class=\"alignright size-full wp-image-2302\" src=\"https:\/\/www.glm-laser.com\/glm\/wp-content\/uploads\/TM1A.jpg\" alt=\"TM1A\" width=\"200\" height=\"305\" srcset=\"https:\/\/www.glm-laser.com\/glm\/wp-content\/uploads\/TM1A.jpg 200w, https:\/\/www.glm-laser.com\/glm\/wp-content\/uploads\/TM1A-197x300.jpg 197w\" sizes=\"(max-width: 200px) 100vw, 200px\" \/>\u00a0Der Skalentheodolit TM1A aus dem Hause Sokkia wird nicht mehr produziert.\u00a0 Das passende Nachfolgemodell ist die Totalstation NET1AX. GLM Laserme\u00dftechnik bietet ihnen einen rundum Service (Inspektion, Reparatur, Verkauf und Beratung) f\u00fcr den TM1A an.<\/p>\n<p align=\"justify\"><strong>Auszug aus den technischen Daten des TM1A:<\/strong><\/p>\n<ul>\n<li>Vergr\u00f6\u00dferung\/ Aufl\u00f6sung: 30x \/ 2,5&#8243;<\/li>\n<li>Winkelmessgenauigkeit: 1&#8243; \/ 0,1mg\/ 0.005mil<\/li>\n<li>K\u00fcrzeste Zielweite: 1,3m<\/li>\n<\/ul>\n<p><strong>Zubeh\u00f6r:<\/strong><\/p>\n<ul>\n<li>Kreuzschlitten bzw. Kreuztisch<\/li>\n<\/ul>\n<\/div>\n<p>&nbsp;<\/p>\n<div class=\"section\">\n<p align=\"justify\">W\u00fcnschen Sie weitere Informationen oder m\u00f6chten Sie einen Termin zur Inspektion vereinbaren? <a href=\"mailto:werkstatt@glm-laser.de\">Dann schreiben Sie uns eine E-Mail.<\/a><\/p>\n<\/div>\n<p align=\"justify\"><img loading=\"lazy\" decoding=\"async\" class=\"size-full wp-image-958 alignleft\" src=\"https:\/\/www.glm-laser.com\/glm\/wp-content\/uploads\/pdf-icon.png\" alt=\"Download PDF\" width=\"38\" height=\"42\" \/><\/p>\n<p align=\"justify\"><a href=\"https:\/\/www.glm-laser.com\/glm\/wp-content\/uploads\/sokkia_theodolit-1.pdf\" target=\"_blank\" rel=\"noopener noreferrer\">Prospekt Sokkia TM1A (33 kB)<\/a><br \/>\n<a href=\"https:\/\/www.glm-laser.com\/glm\/wp-content\/uploads\/sokkias_optische_tm1a_skalentheodolite.pdf\">Prospekt Sokkisha Theodolit (7 MB)<\/a><\/p>\n<p>&nbsp;<\/p>\n","protected":false},"excerpt":{"rendered":"<p>Der TM1A Skalentheodolit aus dem Hause Sokkia \u00a0Der Skalentheodolit TM1A aus dem Hause Sokkia wird nicht mehr produziert.\u00a0 Das passende Nachfolgemodell ist die Totalstation NET1AX. GLM Laserme\u00dftechnik bietet ihnen einen rundum Service (Inspektion, Reparatur, Verkauf und Beratung) f\u00fcr den TM1A an. Auszug aus den technischen Daten des TM1A: Vergr\u00f6\u00dferung\/ Aufl\u00f6sung: 30x \/ 2,5&#8243; Winkelmessgenauigkeit: 1&#8243; [&hellip;]<\/p>\n","protected":false},"author":1,"featured_media":0,"parent":819,"menu_order":2,"comment_status":"closed","ping_status":"closed","template":"page_submenu.php","meta":{"footnotes":""},"class_list":["post-895","page","type-page","status-publish","hentry"],"_links":{"self":[{"href":"https:\/\/www.glm-laser.com\/glm\/wp-json\/wp\/v2\/pages\/895"}],"collection":[{"href":"https:\/\/www.glm-laser.com\/glm\/wp-json\/wp\/v2\/pages"}],"about":[{"href":"https:\/\/www.glm-laser.com\/glm\/wp-json\/wp\/v2\/types\/page"}],"author":[{"embeddable":true,"href":"https:\/\/www.glm-laser.com\/glm\/wp-json\/wp\/v2\/users\/1"}],"replies":[{"embeddable":true,"href":"https:\/\/www.glm-laser.com\/glm\/wp-json\/wp\/v2\/comments?post=895"}],"version-history":[{"count":11,"href":"https:\/\/www.glm-laser.com\/glm\/wp-json\/wp\/v2\/pages\/895\/revisions"}],"predecessor-version":[{"id":8407,"href":"https:\/\/www.glm-laser.com\/glm\/wp-json\/wp\/v2\/pages\/895\/revisions\/8407"}],"up":[{"embeddable":true,"href":"https:\/\/www.glm-laser.com\/glm\/wp-json\/wp\/v2\/pages\/819"}],"wp:attachment":[{"href":"https:\/\/www.glm-laser.com\/glm\/wp-json\/wp\/v2\/media?parent=895"}],"curies":[{"name":"wp","href":"https:\/\/api.w.org\/{rel}","templated":true}]}}