{"id":897,"date":"2016-04-18T10:27:30","date_gmt":"2016-04-18T08:27:30","guid":{"rendered":"http:\/\/www.glm-laser.com\/?page_id=897"},"modified":"2020-10-26T14:41:19","modified_gmt":"2020-10-26T13:41:19","slug":"sokkia-dtx20","status":"publish","type":"page","link":"https:\/\/www.glm-laser.com\/glm\/optische-vermessungsinstrumente-3\/uebersicht\/theodolite\/sokkia-dtx20\/","title":{"rendered":"DT220 Digitaltheodolit"},"content":{"rendered":"<h1>DER DIGITALTHEODOLIT DT220 AUS DEM HAUSE SOKKIA<\/h1>\n<div class=\"section\">\n<p align=\"justify\"><img loading=\"lazy\" decoding=\"async\" class=\"alignright size-full wp-image-1193\" src=\"https:\/\/www.glm-laser.com\/glm\/wp-content\/uploads\/dt220.gif\" alt=\"dt220\" width=\"200\" height=\"200\" \/><\/p>\n<p>Der Digitaltheodolit DT220 aus dem Hause Sokkia wird nicht mehr produziert.\u00a0 Das passende Nachfolgemodell ist der Digitaltheodolit\u00a0DT240. GLM Laserme\u00dftechnik bietet ihnen einen\u00a0<a href=\"https:\/\/www.glm-laser.com\/glm\/leistungen\/ganzheitliche-loesungen\/\">Rundum-Service<\/a>\u00a0(Inspektion, Reparatur, Verkauf und Beratung)\u00a0f\u00fcr den DT220 an.<\/p>\n<p align=\"justify\"><strong>Auszug aus den technischen Daten des DT220:<\/strong><\/p>\n<div align=\"justify\">\n<ul>\n<li>Vergr\u00f6\u00dferung\/ Aufl\u00f6sung: 30x \/ 3&#8243;<\/li>\n<li>Winkelmessgenauigkeit: 2&#8243; \/ 0,6mg\/ 0.01mil<\/li>\n<li>Staub- und Wasserschutz: IP66<\/li>\n<\/ul>\n<\/div>\n<p align=\"justify\"><strong>Zubeh\u00f6r:<\/strong><\/p>\n<div align=\"justify\">\n<ul>\n<li>Batterie R14\/C<\/li>\n<li>Steilsichtokular DE25<\/li>\n<li>Stromversorgung BDC55 f\u00fcr ACE, LAP1 und LSE1<\/li>\n<li>Autokollimationsokular ACE5<\/li>\n<li>Sonnenfilter OF1<\/li>\n<li>Laserokular LSE!<\/li>\n<li>Schnittstellenkabel DOC27<\/li>\n<li>Kreuzschlitten bzw. Kreuztisch<\/li>\n<\/ul>\n<\/div>\n<p align=\"justify\">W\u00fcnschen Sie weitere Informationen oder m\u00f6chten Sie einen Termin zur\u00a0Inspektion\u00a0vereinbaren? <a href=\"mailto:werkstatt@glm-laser.de\">Dann schreiben Sie uns einfach eine E-Mail. <\/a><\/p>\n<\/div>\n<p style=\"text-align: center;\" align=\"justify\">\u00dcbersicht\u00a0&#8211;\u00a0DT520\u00a0&#8211;\u00a0DT520A\u00a0&#8211;\u00a0DT620<\/p>\n<div class=\"rex-cnt-slc-otp\">\n<p><img loading=\"lazy\" decoding=\"async\" class=\"alignleft size-full wp-image-958\" src=\"https:\/\/www.glm-laser.com\/glm\/wp-content\/uploads\/pdf-icon.png\" alt=\"Download PDF\" width=\"38\" height=\"42\" \/><\/p>\n<\/div>\n<p class=\"rex-cnt-slc-otp\">\n<p class=\"rex-cnt-slc-otp\"><a href=\"https:\/\/www.glm-laser.com\/glm\/wp-content\/uploads\/dt220_en.pdf\" target=\"_blank\" rel=\"noopener noreferrer\">DT220 Theodolit (310 kB)<\/a><\/p>\n","protected":false},"excerpt":{"rendered":"<p>DER DIGITALTHEODOLIT DT220 AUS DEM HAUSE SOKKIA Der Digitaltheodolit DT220 aus dem Hause Sokkia wird nicht mehr produziert.\u00a0 Das passende Nachfolgemodell ist der Digitaltheodolit\u00a0DT240. GLM Laserme\u00dftechnik bietet ihnen einen\u00a0Rundum-Service\u00a0(Inspektion, Reparatur, Verkauf und Beratung)\u00a0f\u00fcr den DT220 an. Auszug aus den technischen Daten des DT220: Vergr\u00f6\u00dferung\/ Aufl\u00f6sung: 30x \/ 3&#8243; Winkelmessgenauigkeit: 2&#8243; \/ 0,6mg\/ 0.01mil Staub- und [&hellip;]<\/p>\n","protected":false},"author":1,"featured_media":0,"parent":819,"menu_order":3,"comment_status":"closed","ping_status":"closed","template":"page_submenu.php","meta":{"footnotes":""},"class_list":["post-897","page","type-page","status-publish","hentry"],"_links":{"self":[{"href":"https:\/\/www.glm-laser.com\/glm\/wp-json\/wp\/v2\/pages\/897"}],"collection":[{"href":"https:\/\/www.glm-laser.com\/glm\/wp-json\/wp\/v2\/pages"}],"about":[{"href":"https:\/\/www.glm-laser.com\/glm\/wp-json\/wp\/v2\/types\/page"}],"author":[{"embeddable":true,"href":"https:\/\/www.glm-laser.com\/glm\/wp-json\/wp\/v2\/users\/1"}],"replies":[{"embeddable":true,"href":"https:\/\/www.glm-laser.com\/glm\/wp-json\/wp\/v2\/comments?post=897"}],"version-history":[{"count":12,"href":"https:\/\/www.glm-laser.com\/glm\/wp-json\/wp\/v2\/pages\/897\/revisions"}],"predecessor-version":[{"id":8671,"href":"https:\/\/www.glm-laser.com\/glm\/wp-json\/wp\/v2\/pages\/897\/revisions\/8671"}],"up":[{"embeddable":true,"href":"https:\/\/www.glm-laser.com\/glm\/wp-json\/wp\/v2\/pages\/819"}],"wp:attachment":[{"href":"https:\/\/www.glm-laser.com\/glm\/wp-json\/wp\/v2\/media?parent=897"}],"curies":[{"name":"wp","href":"https:\/\/api.w.org\/{rel}","templated":true}]}}