{"id":911,"date":"2016-04-18T10:31:59","date_gmt":"2016-04-18T08:31:59","guid":{"rendered":"http:\/\/www.glm-laser.com\/?page_id=911"},"modified":"2020-10-26T14:41:21","modified_gmt":"2020-10-26T13:41:21","slug":"ldt520-laser-digitaltheodolit","status":"publish","type":"page","link":"https:\/\/www.glm-laser.com\/glm\/optische-vermessungsinstrumente-3\/uebersicht\/theodolite\/sokkia-ldt\/ldt520-laser-digitaltheodolit\/","title":{"rendered":"LDT520 Laser Digitaltheodolit"},"content":{"rendered":"<h1>Der Lasertheodolit LDT520 aus dem Hause Sokkia<\/h1>\n<div class=\"section\">\n<p align=\"justify\"><img loading=\"lazy\" decoding=\"async\" class=\"alignright size-full wp-image-2579\" src=\"https:\/\/www.glm-laser.com\/glm\/wp-content\/uploads\/LDT520.gif\" alt=\"LDT520\" width=\"150\" height=\"210\" \/>Der Lasertheodolit LDT520 aus dem Hause Sokkia wird nicht mehr produziert. Das passende Nachfolgemodell ist die Laserstation NET1AX. GLM Laserme\u00dftechnik bietet ihnen einen rundum Service (Inspektion, Reparatur, Verkauf und Beratung) f\u00fcr den LDT520 an.<\/p>\n<p align=\"justify\"><strong>Auszug aus den technischen Daten des LDT520:<\/strong><\/p>\n<div align=\"justify\">\n<ul>\n<li>Vergr\u00f6\u00dferung\/ Aufl\u00f6sung: 30x \/ 3&#8243;<\/li>\n<li>Winkelmessgenauigkeit: 5&#8243; \/ 1,5mg\/ 0.02mil<\/li>\n<li>Staub- und Wasserschutz:IP66<\/li>\n<\/ul>\n<p align=\"justify\"><strong>Zubeh\u00f6r:<\/strong><\/p>\n<ul>\n<li>Batterie BDC46B<\/li>\n<li>Steilsichtokular DE25<\/li>\n<li>Schnittstellenkabel DOC27<\/li>\n<li>Kreuzschlitten bzw. Kreuztisch<\/li>\n<\/ul>\n<p align=\"justify\">W\u00fcnschen Sie weitere Informationen oder m\u00f6chten Sie einen Termin zur\u00a0Inspektion\u00a0vereinbaren? <a href=\"mailto:werkstatt@glm-laser.de\">Dann schreiben Sie uns einfach eine E-Mail. <\/a><\/p>\n<\/div>\n<div class=\"rex-cnt-slc-otp\">\n<p><img loading=\"lazy\" decoding=\"async\" class=\"alignleft size-full wp-image-958\" src=\"https:\/\/www.glm-laser.com\/glm\/wp-content\/uploads\/pdf-icon.png\" alt=\"Download PDF\" width=\"38\" height=\"42\" \/><\/p>\n<\/div>\n<p class=\"rex-cnt-slc-otp\"><a href=\"https:\/\/www.glm-laser.com\/glm\/wp-content\/uploads\/dt220_en.pdf\" target=\"_blank\" rel=\"noopener noreferrer\"><br \/>\n<\/a>Sokkia Prospekt LDT50 (5 MB)<\/p>\n<p>&nbsp;<\/p>\n<p class=\"rex-cnt-slc-otp\">\u00dcbersicht Sokkia Theodolit &#8211; Lasertheodolit LDT50<\/p>\n<\/div>\n","protected":false},"excerpt":{"rendered":"<p>Der Lasertheodolit LDT520 aus dem Hause Sokkia Der Lasertheodolit LDT520 aus dem Hause Sokkia wird nicht mehr produziert. Das passende Nachfolgemodell ist die Laserstation NET1AX. GLM Laserme\u00dftechnik bietet ihnen einen rundum Service (Inspektion, Reparatur, Verkauf und Beratung) f\u00fcr den LDT520 an. Auszug aus den technischen Daten des LDT520: Vergr\u00f6\u00dferung\/ Aufl\u00f6sung: 30x \/ 3&#8243; Winkelmessgenauigkeit: 5&#8243; [&hellip;]<\/p>\n","protected":false},"author":1,"featured_media":0,"parent":907,"menu_order":1,"comment_status":"closed","ping_status":"closed","template":"page_submenu.php","meta":{"footnotes":""},"class_list":["post-911","page","type-page","status-publish","hentry"],"_links":{"self":[{"href":"https:\/\/www.glm-laser.com\/glm\/wp-json\/wp\/v2\/pages\/911"}],"collection":[{"href":"https:\/\/www.glm-laser.com\/glm\/wp-json\/wp\/v2\/pages"}],"about":[{"href":"https:\/\/www.glm-laser.com\/glm\/wp-json\/wp\/v2\/types\/page"}],"author":[{"embeddable":true,"href":"https:\/\/www.glm-laser.com\/glm\/wp-json\/wp\/v2\/users\/1"}],"replies":[{"embeddable":true,"href":"https:\/\/www.glm-laser.com\/glm\/wp-json\/wp\/v2\/comments?post=911"}],"version-history":[{"count":10,"href":"https:\/\/www.glm-laser.com\/glm\/wp-json\/wp\/v2\/pages\/911\/revisions"}],"predecessor-version":[{"id":8702,"href":"https:\/\/www.glm-laser.com\/glm\/wp-json\/wp\/v2\/pages\/911\/revisions\/8702"}],"up":[{"embeddable":true,"href":"https:\/\/www.glm-laser.com\/glm\/wp-json\/wp\/v2\/pages\/907"}],"wp:attachment":[{"href":"https:\/\/www.glm-laser.com\/glm\/wp-json\/wp\/v2\/media?parent=911"}],"curies":[{"name":"wp","href":"https:\/\/api.w.org\/{rel}","templated":true}]}}