{"id":913,"date":"2016-04-18T10:32:35","date_gmt":"2016-04-18T08:32:35","guid":{"rendered":"http:\/\/www.glm-laser.com\/?page_id=913"},"modified":"2020-10-22T15:16:40","modified_gmt":"2020-10-22T13:16:40","slug":"sdr4","status":"publish","type":"page","link":"https:\/\/www.glm-laser.com\/glm\/optische-vermessungsinstrumente-3\/uebersicht\/elektronische-feldbuecher\/sdr4\/","title":{"rendered":"SDR4"},"content":{"rendered":"<h1>Das elektronische Feldbuch SDR4 von Sokkia<\/h1>\n<div class=\"section\">\n<p align=\"justify\"><img loading=\"lazy\" decoding=\"async\" class=\"alignright wp-image-2076 size-full\" src=\"https:\/\/www.glm-laser.com\/glm\/wp-content\/uploads\/SDR4.png\" alt=\"SDR4\" width=\"200\" height=\"151\" \/>Das SDR4 war von 1991 bis 2004 erh\u00e4ltlich. SDR4 war Bestandteil des 3D-Koordinatenme\u00dfsystem MONMOS. Einer der damaligen Neuerungen lag in der Software SDR. Diese erm\u00f6glichte einen schnellen Soll-Ist-Vergleich direkt am Einsatzort.<\/p>\n<div align=\"justify\"><\/div>\n<p align=\"justify\">Dieses Feldbuch wurde im Jahre 2004 durch den Panasonic CF-P1 ersetzt.\u00a0 Das aktuelle Nachfolgemodell ist der Archer von Juniper Systems.<\/p>\n<p align=\"justify\">Auf beiden Systemen wird die GLM Software \u201e3-Dim Observer&#8220; eingesetzt, welche erhebliche Vorteile gegen\u00fcber der SDR Software bietet.<\/p>\n<p align=\"justify\">Ersatzteile f\u00fcr das SDR4 sind nicht mehr verf\u00fcgbar.<\/p>\n<p align=\"justify\">\n<\/div>\n<p><img loading=\"lazy\" decoding=\"async\" class=\"size-full wp-image-958 alignleft\" src=\"https:\/\/www.glm-laser.com\/glm\/wp-content\/uploads\/pdf-icon.png\" alt=\"Download PDF\" width=\"38\" height=\"42\" \/><br \/>\n<a href=\"https:\/\/www.glm-laser.com\/glm\/wp-content\/uploads\/sdr4e_manual.pdf\">Bedienungsanleitung SDR4 Englisch (2 MB)<\/a><br \/>\n<a href=\"https:\/\/www.glm-laser.com\/glm\/wp-content\/uploads\/sdr4_prospekt_deutsch.pdf\">Prospekt Sokkia SDR4 (74 kB)<\/a><\/p>\n<p>&nbsp;<\/p>\n<p style=\"text-align: left;\" align=\"center\">SDR4 \u2013 SDR31 \u2013 SDR33 \u2013 SDR4E \u2013 Archer \u2013 Archer2 \u2013 Mesa <\/p>\n<p style=\"text-align: left;\" align=\"center\">\u2013 \u00dcbersicht Feldrechner bzw. Feldb\u00fccher \u2013<\/p>\n<p>&nbsp;<\/p>\n<p>&nbsp;<\/p>\n","protected":false},"excerpt":{"rendered":"<p>Das elektronische Feldbuch SDR4 von Sokkia Das SDR4 war von 1991 bis 2004 erh\u00e4ltlich. SDR4 war Bestandteil des 3D-Koordinatenme\u00dfsystem MONMOS. Einer der damaligen Neuerungen lag in der Software SDR. Diese erm\u00f6glichte einen schnellen Soll-Ist-Vergleich direkt am Einsatzort. Dieses Feldbuch wurde im Jahre 2004 durch den Panasonic CF-P1 ersetzt.\u00a0 Das aktuelle Nachfolgemodell ist der Archer von [&hellip;]<\/p>\n","protected":false},"author":1,"featured_media":0,"parent":821,"menu_order":1,"comment_status":"closed","ping_status":"closed","template":"page_submenu.php","meta":{"footnotes":""},"class_list":["post-913","page","type-page","status-publish","hentry"],"_links":{"self":[{"href":"https:\/\/www.glm-laser.com\/glm\/wp-json\/wp\/v2\/pages\/913"}],"collection":[{"href":"https:\/\/www.glm-laser.com\/glm\/wp-json\/wp\/v2\/pages"}],"about":[{"href":"https:\/\/www.glm-laser.com\/glm\/wp-json\/wp\/v2\/types\/page"}],"author":[{"embeddable":true,"href":"https:\/\/www.glm-laser.com\/glm\/wp-json\/wp\/v2\/users\/1"}],"replies":[{"embeddable":true,"href":"https:\/\/www.glm-laser.com\/glm\/wp-json\/wp\/v2\/comments?post=913"}],"version-history":[{"count":17,"href":"https:\/\/www.glm-laser.com\/glm\/wp-json\/wp\/v2\/pages\/913\/revisions"}],"predecessor-version":[{"id":8320,"href":"https:\/\/www.glm-laser.com\/glm\/wp-json\/wp\/v2\/pages\/913\/revisions\/8320"}],"up":[{"embeddable":true,"href":"https:\/\/www.glm-laser.com\/glm\/wp-json\/wp\/v2\/pages\/821"}],"wp:attachment":[{"href":"https:\/\/www.glm-laser.com\/glm\/wp-json\/wp\/v2\/media?parent=913"}],"curies":[{"name":"wp","href":"https:\/\/api.w.org\/{rel}","templated":true}]}}