{"id":915,"date":"2016-04-18T10:32:48","date_gmt":"2016-04-18T08:32:48","guid":{"rendered":"http:\/\/www.glm-laser.com\/?page_id=915"},"modified":"2020-10-22T15:16:40","modified_gmt":"2020-10-22T13:16:40","slug":"sdr31","status":"publish","type":"page","link":"https:\/\/www.glm-laser.com\/glm\/optische-vermessungsinstrumente-3\/uebersicht\/elektronische-feldbuecher\/sdr31\/","title":{"rendered":"SDR31"},"content":{"rendered":"<h1>Das elektronische Feldbuch SDR31 von Sokkia<\/h1>\n<div class=\"section\">\n<p align=\"justify\"><img loading=\"lazy\" decoding=\"async\" class=\"alignright wp-image-2084 size-full\" src=\"https:\/\/www.glm-laser.com\/glm\/wp-content\/uploads\/SDR31.gif\" alt=\"SDR31\" width=\"99\" height=\"132\" \/>Das SDR31 war ein leichter, handlicher Feldrechner. Die \u00a0seitlich angeordneten Me\u00dfausl\u00f6setasten erm\u00f6glichten quasi die Einhandbedienung bei Standardmessungen. Mit 640KB, bzw. 1 MB RAM bot das SDR31 mit DR-DOS Betriebssystem ausreichend Speicherplatz f\u00fcr Daten und die anspruchsvolle SDR-Expert-Software.<\/p>\n<div align=\"justify\"><\/div>\n<p align=\"justify\">Das SDR31 wurde von Sokkia Deutschland von 1991 bis 2003 vertrieben. Es sind keine Ersatzteile mehr verf\u00fcgbar.<\/p>\n<div align=\"justify\"><\/div>\n<p align=\"justify\">Das aktuelle Nachfolgemodell ist der Archer.<\/p>\n<\/div>\n<p><img loading=\"lazy\" decoding=\"async\" class=\"size-full wp-image-958 alignleft\" src=\"https:\/\/www.glm-laser.com\/glm\/wp-content\/uploads\/pdf-icon.png\" alt=\"Download PDF\" width=\"38\" height=\"42\" \/><\/p>\n<p><a href=\"https:\/\/www.glm-laser.com\/glm\/wp-content\/uploads\/prospekt_sdr31_sdr33_elektronische_feldrechner_sokkia1.pdf\" target=\"_blank\" rel=\"noopener noreferrer\">SDR33\/SDR31 Elektronische Feldb\u00fccher Sokkia (4 MB)<br \/>\n<\/a><a href=\"https:\/\/www.glm-laser.com\/glm\/wp-content\/uploads\/bedienungsanleitung_sdr31_software_kapitel_1-3.pdf\" target=\"_blank\" rel=\"noopener noreferrer\">Anleitung SDR31 Kapitel 1\u20133 (7 MB)<br \/>\n<\/a><a href=\"https:\/\/www.glm-laser.com\/glm\/wp-content\/uploads\/sdr_einstellungen.pdf\" target=\"_blank\" rel=\"noopener noreferrer\">SDR Einstellungen nach Kaltstart (12 kB)<br \/>\n<\/a><a href=\"https:\/\/www.glm-laser.com\/glm\/wp-content\/uploads\/sdr_absteckung_schnurgr__st.pdf\" target=\"_blank\" rel=\"noopener noreferrer\">SDR Absteckung Schnurgr\u00fcst (34 kB)<br \/>\n<\/a><a href=\"https:\/\/www.glm-laser.com\/glm\/wp-content\/uploads\/sdr_stationierung.pdf\" target=\"_blank\" rel=\"noopener noreferrer\">SDR Stationierung (19 kB)<br \/>\n<\/a>\u00a0\u00a0\u00a0\u00a0\u00a0\u00a0\u00a0\u00a0\u00a0\u00a0\u00a0 \u00a0\u00a0\u00a0 <a href=\"https:\/\/www.glm-laser.com\/glm\/wp-content\/uploads\/sdr_querprofil.pdf\" target=\"_blank\" rel=\"noopener noreferrer\">SDR Querprofile (24 kB)<br \/>\n<\/a>\u00a0\u00a0\u00a0\u00a0\u00a0\u00a0\u00a0\u00a0\u00a0\u00a0\u00a0\u00a0 \u00a0\u00a0 <a href=\"https:\/\/www.glm-laser.com\/glm\/wp-content\/uploads\/sdr_positionierung.pdf\" target=\"_blank\" rel=\"noopener noreferrer\">SDR Positionierung (40 kB)<br \/>\n<\/a>\u00a0\u00a0\u00a0\u00a0\u00a0\u00a0\u00a0\u00a0\u00a0\u00a0\u00a0\u00a0 \u00a0\u00a0<a href=\"https:\/\/www.glm-laser.com\/glm\/wp-content\/uploads\/sdr_hoehenanschluss.pdf\" target=\"_blank\" rel=\"noopener noreferrer\"> SDR H\u00f6henanschluss (27 kB)<\/a><\/p>\n<p>&nbsp;<\/p>\n<p style=\"text-align: left;\" align=\"center\">SDR4 \u2013 SDR31 \u2013 SDR33 \u2013 SDR4E \u2013 Archer \u2013 Archer2 \u2013 Mesa <\/p>\n<p style=\"text-align: left;\" align=\"center\">\u2013 \u00dcbersicht Feldrechner bzw. Feldb\u00fccher \u2013<\/p>\n","protected":false},"excerpt":{"rendered":"<p>Das elektronische Feldbuch SDR31 von Sokkia Das SDR31 war ein leichter, handlicher Feldrechner. Die \u00a0seitlich angeordneten Me\u00dfausl\u00f6setasten erm\u00f6glichten quasi die Einhandbedienung bei Standardmessungen. Mit 640KB, bzw. 1 MB RAM bot das SDR31 mit DR-DOS Betriebssystem ausreichend Speicherplatz f\u00fcr Daten und die anspruchsvolle SDR-Expert-Software. Das SDR31 wurde von Sokkia Deutschland von 1991 bis 2003 vertrieben. Es [&hellip;]<\/p>\n","protected":false},"author":1,"featured_media":0,"parent":821,"menu_order":2,"comment_status":"closed","ping_status":"closed","template":"page_submenu.php","meta":{"footnotes":""},"class_list":["post-915","page","type-page","status-publish","hentry"],"_links":{"self":[{"href":"https:\/\/www.glm-laser.com\/glm\/wp-json\/wp\/v2\/pages\/915"}],"collection":[{"href":"https:\/\/www.glm-laser.com\/glm\/wp-json\/wp\/v2\/pages"}],"about":[{"href":"https:\/\/www.glm-laser.com\/glm\/wp-json\/wp\/v2\/types\/page"}],"author":[{"embeddable":true,"href":"https:\/\/www.glm-laser.com\/glm\/wp-json\/wp\/v2\/users\/1"}],"replies":[{"embeddable":true,"href":"https:\/\/www.glm-laser.com\/glm\/wp-json\/wp\/v2\/comments?post=915"}],"version-history":[{"count":27,"href":"https:\/\/www.glm-laser.com\/glm\/wp-json\/wp\/v2\/pages\/915\/revisions"}],"predecessor-version":[{"id":8321,"href":"https:\/\/www.glm-laser.com\/glm\/wp-json\/wp\/v2\/pages\/915\/revisions\/8321"}],"up":[{"embeddable":true,"href":"https:\/\/www.glm-laser.com\/glm\/wp-json\/wp\/v2\/pages\/821"}],"wp:attachment":[{"href":"https:\/\/www.glm-laser.com\/glm\/wp-json\/wp\/v2\/media?parent=915"}],"curies":[{"name":"wp","href":"https:\/\/api.w.org\/{rel}","templated":true}]}}