{"id":919,"date":"2016-04-18T10:33:32","date_gmt":"2016-04-18T08:33:32","guid":{"rendered":"http:\/\/www.glm-laser.com\/?page_id=919"},"modified":"2020-10-22T15:17:28","modified_gmt":"2020-10-22T13:17:28","slug":"sdr4e","status":"publish","type":"page","link":"https:\/\/www.glm-laser.com\/glm\/optische-vermessungsinstrumente-3\/uebersicht\/elektronische-feldbuecher\/sdr4e\/","title":{"rendered":"SDR4E"},"content":{"rendered":"<h1>Der Feldrechner SDR4E von Sokkia<\/h1>\n<div class=\"section\">\n<p align=\"justify\"><img loading=\"lazy\" decoding=\"async\" class=\"alignright size-full wp-image-2132\" src=\"https:\/\/www.glm-laser.com\/glm\/wp-content\/uploads\/SDR4e.jpg\" alt=\"SDR4e\" width=\"200\" height=\"209\" \/>Der Feldrechner SDR4E von Sokkia wird nicht mehr produziert. Das passende Nachfolgemodell das elektronische Feldbuch 3-DIM Observer. GLM Laserme\u00dftechnik bietet ihnen einen rundum Service (<a title=\"Kalibrierung und Wartung\" href=\"https:\/\/www.glm-laser.com\/glm\/leistungen\/\">Inspektion<\/a>, Reparatur, Verkauf und Beratung) f\u00fcr das SDR4E an.<\/p>\n<p style=\"text-align: left;\" align=\"center\"><u>Leistungsf\u00e4higes, flexibles elektronisches Feldbuch f\u00fcr das 3D-Koordinatenme\u00dfsystem MONMOS<\/u><\/p>\n<p style=\"text-align: left;\" align=\"center\">Schneller SOL-IST-Vergleich am Einsatzort<\/p>\n<p align=\"justify\">Zus\u00e4tzlich zum Standardme\u00dfprogramm wurde SDR4E mit zwei neuen Programmen geliefert:<\/p>\n<ul>\n<li>3D Kontrollmessung<\/li>\n<li>Lagekontrollmessung<\/li>\n<\/ul>\n<p align=\"justify\">Durch die vorherige Eingabe der Soll-Daten und Messung von Refenzpunkten wurden die Me\u00dfpunkte im Soll-Koordinatensystem bestimmt. Vor dem Abspeichern der Me\u00dfdaten konnte f\u00fcr jeder Punkt ein Soll-Ist-Vergleich durchgef\u00fchrt werden. Das Resultat war\u00a0 eine h\u00f6here Produktivit\u00e4t durch ein flexibles Me\u00dfsystem.<\/p>\n<\/div>\n<p align=\"justify\"><img loading=\"lazy\" decoding=\"async\" class=\"size-full wp-image-958 alignleft\" src=\"https:\/\/www.glm-laser.com\/glm\/wp-content\/uploads\/pdf-icon.png\" alt=\"Download PDF\" width=\"38\" height=\"42\" \/><\/p>\n<p align=\"justify\"><a href=\"https:\/\/www.glm-laser.com\/glm\/wp-content\/uploads\/prospekt_sdr4e.pdf\" target=\"_blank\" rel=\"noopener noreferrer\"><br \/>\nProspekt SDR4E (1 MB)<\/a><\/p>\n<p align=\"justify\">\n<p align=\"justify\">\n<p style=\"text-align: left;\" align=\"center\">SDR4 \u2013 SDR31 \u2013 SDR33 \u2013 SDR4E \u2013 Archer \u2013 Archer2 \u2013 Mesa <\/p>\n","protected":false},"excerpt":{"rendered":"<p>Der Feldrechner SDR4E von Sokkia Der Feldrechner SDR4E von Sokkia wird nicht mehr produziert. Das passende Nachfolgemodell das elektronische Feldbuch 3-DIM Observer. GLM Laserme\u00dftechnik bietet ihnen einen rundum Service (Inspektion, Reparatur, Verkauf und Beratung) f\u00fcr das SDR4E an. Leistungsf\u00e4higes, flexibles elektronisches Feldbuch f\u00fcr das 3D-Koordinatenme\u00dfsystem MONMOS Schneller SOL-IST-Vergleich am Einsatzort Zus\u00e4tzlich zum Standardme\u00dfprogramm wurde SDR4E [&hellip;]<\/p>\n","protected":false},"author":1,"featured_media":0,"parent":821,"menu_order":4,"comment_status":"closed","ping_status":"closed","template":"page_submenu.php","meta":{"footnotes":""},"class_list":["post-919","page","type-page","status-publish","hentry"],"_links":{"self":[{"href":"https:\/\/www.glm-laser.com\/glm\/wp-json\/wp\/v2\/pages\/919"}],"collection":[{"href":"https:\/\/www.glm-laser.com\/glm\/wp-json\/wp\/v2\/pages"}],"about":[{"href":"https:\/\/www.glm-laser.com\/glm\/wp-json\/wp\/v2\/types\/page"}],"author":[{"embeddable":true,"href":"https:\/\/www.glm-laser.com\/glm\/wp-json\/wp\/v2\/users\/1"}],"replies":[{"embeddable":true,"href":"https:\/\/www.glm-laser.com\/glm\/wp-json\/wp\/v2\/comments?post=919"}],"version-history":[{"count":20,"href":"https:\/\/www.glm-laser.com\/glm\/wp-json\/wp\/v2\/pages\/919\/revisions"}],"predecessor-version":[{"id":8364,"href":"https:\/\/www.glm-laser.com\/glm\/wp-json\/wp\/v2\/pages\/919\/revisions\/8364"}],"up":[{"embeddable":true,"href":"https:\/\/www.glm-laser.com\/glm\/wp-json\/wp\/v2\/pages\/821"}],"wp:attachment":[{"href":"https:\/\/www.glm-laser.com\/glm\/wp-json\/wp\/v2\/media?parent=919"}],"curies":[{"name":"wp","href":"https:\/\/api.w.org\/{rel}","templated":true}]}}