{"id":925,"date":"2016-04-18T10:34:41","date_gmt":"2016-04-18T08:34:41","guid":{"rendered":"http:\/\/www.glm-laser.com\/?page_id=925"},"modified":"2020-10-22T15:17:28","modified_gmt":"2020-10-22T13:17:28","slug":"sokkia-c30","status":"publish","type":"page","link":"https:\/\/www.glm-laser.com\/glm\/optische-vermessungsinstrumente-3\/uebersicht\/nivelliere-sokkia\/sokkia-c30\/","title":{"rendered":"Sokkia C30"},"content":{"rendered":"<div id=\"content\">\n<h1>Automatisches Nivellier C30 von Sokkia<\/h1>\n<div style=\"text-align: left;\" align=\"center\">\n<p><img loading=\"lazy\" decoding=\"async\" class=\"alignright wp-image-2188 size-full\" title=\"Sokkia C30\" src=\"https:\/\/www.glm-laser.com\/glm\/wp-content\/uploads\/C30.jpg\" alt=\"Sokkia C30\" width=\"199\" height=\"189\" \/>Das automatische Nivellier C30 aus dem Hause Sokkia wird <strong>nicht<\/strong> mehr produziert. Nachfolgemodelle sind die Pr\u00e4zisionsnivellier aus der Sokkia B20. GLM Laserme\u00dftechnik bietet Ihnen f\u00fcr das C30 einen Rundumservice (Reparatur, Inspektion und Beratung).<\/p>\n<h3>Die technischen Daten des C30:<\/h3>\n<ul>\n<li>Vergr\u00f6\u00dferung 26x<\/li>\n<li>K\u00fcrzeste Zielweite 0,3 m<\/li>\n<li>Sichtfeld 1\u00b025`(auf 100m 2,5m)<\/li>\n<li>Ablesung auf 1 gon<\/li>\n<li>Spielfeld Kompensator +\/- 15`<\/li>\n<li>Dosenlibelle 10\u00b4\/2mm<\/li>\n<\/ul>\n<\/div>\n<p>Bei Fragen rufen Sie bitte an oder senden uns eine E-Mail.<\/p>\n<\/div>\n","protected":false},"excerpt":{"rendered":"<p>Automatisches Nivellier C30 von Sokkia Das automatische Nivellier C30 aus dem Hause Sokkia wird nicht mehr produziert. Nachfolgemodelle sind die Pr\u00e4zisionsnivellier aus der Sokkia B20. GLM Laserme\u00dftechnik bietet Ihnen f\u00fcr das C30 einen Rundumservice (Reparatur, Inspektion und Beratung). Die technischen Daten des C30: Vergr\u00f6\u00dferung 26x K\u00fcrzeste Zielweite 0,3 m Sichtfeld 1\u00b025`(auf 100m 2,5m) Ablesung auf [&hellip;]<\/p>\n","protected":false},"author":1,"featured_media":0,"parent":823,"menu_order":3,"comment_status":"closed","ping_status":"closed","template":"page_submenu.php","meta":{"footnotes":""},"class_list":["post-925","page","type-page","status-publish","hentry"],"_links":{"self":[{"href":"https:\/\/www.glm-laser.com\/glm\/wp-json\/wp\/v2\/pages\/925"}],"collection":[{"href":"https:\/\/www.glm-laser.com\/glm\/wp-json\/wp\/v2\/pages"}],"about":[{"href":"https:\/\/www.glm-laser.com\/glm\/wp-json\/wp\/v2\/types\/page"}],"author":[{"embeddable":true,"href":"https:\/\/www.glm-laser.com\/glm\/wp-json\/wp\/v2\/users\/1"}],"replies":[{"embeddable":true,"href":"https:\/\/www.glm-laser.com\/glm\/wp-json\/wp\/v2\/comments?post=925"}],"version-history":[{"count":9,"href":"https:\/\/www.glm-laser.com\/glm\/wp-json\/wp\/v2\/pages\/925\/revisions"}],"predecessor-version":[{"id":8365,"href":"https:\/\/www.glm-laser.com\/glm\/wp-json\/wp\/v2\/pages\/925\/revisions\/8365"}],"up":[{"embeddable":true,"href":"https:\/\/www.glm-laser.com\/glm\/wp-json\/wp\/v2\/pages\/823"}],"wp:attachment":[{"href":"https:\/\/www.glm-laser.com\/glm\/wp-json\/wp\/v2\/media?parent=925"}],"curies":[{"name":"wp","href":"https:\/\/api.w.org\/{rel}","templated":true}]}}